{"id":9114,"date":"2025-01-15T00:17:57","date_gmt":"2025-01-14T16:17:57","guid":{"rendered":"https:\/\/esim.balieasy.com\/product\/phone-credits-call-top-up-telkomsel\/"},"modified":"2026-02-09T15:32:11","modified_gmt":"2026-02-09T07:32:11","slug":"credits-telephoniques-rechargement-appels-telkomsel","status":"publish","type":"product","link":"https:\/\/esim.balieasy.com\/fr\/product\/credits-telephoniques-rechargement-appels-telkomsel\/","title":{"rendered":"Cr\u00e9dits t\u00e9l\u00e9phoniques \/ Recharge d\u2019appels Telkomsel"},"content":{"rendered":"<p>1. Entrez votre num\u00e9ro de t\u00e9l\u00e9phone \u00e0 recharger dans le formulaire de commande, section \u00ab Notes de commande \u00bb.<br \/>\n2. Les achats de recharges ne sont pas remboursables.<br \/>\n3. Tarifs d\u2019utilisation :<br \/>\n<strong> National<\/strong><br \/>\n\u2013 Appels : 734 IDR \/ 60 secondes.<br \/>\n\u2013 SMS : 390 IDR par SMS.<br \/>\n\u2013 MMS : 2 100 IDR par MMS (300 Ko).<br \/>\n\u2013 Internet : 150 IDR par 20 Ko.<br \/>\n<strong> International<\/strong><br \/>\n\u2013 Appels : \u00e0 partir de 4 500 IDR \/ 60 secondes.<br \/>\n4. Le cr\u00e9dit peut \u00eatre utilis\u00e9 pour les appels, SMS, MMS et l\u2019acc\u00e8s Internet.<br \/>\n5. Votre solde de cr\u00e9dit sera mis \u00e0 jour automatiquement apr\u00e8s une recharge r\u00e9ussie.<\/p>\n","protected":false},"excerpt":{"rendered":"<p>1. Entrez votre num\u00e9ro de t\u00e9l\u00e9phone \u00e0 recharger dans le formulaire de commande, section \u00ab Notes de commande \u00bb.<br \/>\n2. Les achats de recharges ne sont pas remboursables.<br \/>\n3. Tarifs d\u2019utilisation :<br \/>\n<strong>National<\/strong><br \/>\n\u2013 Appels : 734 IDR \/ 60 secondes.<br \/>\n\u2013 SMS : 390 IDR par SMS.<br \/>\n\u2013 MMS : 2 100 IDR par MMS (300 Ko).<br \/>\n\u2013 Internet : 150 IDR par 20 Ko.<br \/>\n<strong>International<\/strong><br \/>\n\u2013 Appels : \u00e0 partir de 4 500 IDR \/ 60 secondes.<br \/>\n4. Le cr\u00e9dit peut \u00eatre utilis\u00e9 pour les appels, SMS, MMS et l\u2019acc\u00e8s Internet.<br \/>\n5. Votre solde de cr\u00e9dit sera mis \u00e0 jour automatiquement apr\u00e8s une recharge r\u00e9ussie.<\/p>\n","protected":false},"featured_media":4908,"comment_status":"open","ping_status":"closed","template":"","meta":{"_acf_changed":false},"product_brand":[],"product_cat":[96],"product_tag":[],"class_list":{"0":"post-9114","1":"product","2":"type-product","3":"status-publish","4":"has-post-thumbnail","6":"product_cat-credits-fr","8":"first","9":"instock","10":"shipping-taxable","11":"purchasable","12":"product-type-variable"},"acf":[],"_links":{"self":[{"href":"https:\/\/esim.balieasy.com\/fr\/wp-json\/wp\/v2\/product\/9114","targetHints":{"allow":["GET"]}}],"collection":[{"href":"https:\/\/esim.balieasy.com\/fr\/wp-json\/wp\/v2\/product"}],"about":[{"href":"https:\/\/esim.balieasy.com\/fr\/wp-json\/wp\/v2\/types\/product"}],"replies":[{"embeddable":true,"href":"https:\/\/esim.balieasy.com\/fr\/wp-json\/wp\/v2\/comments?post=9114"}],"wp:featuredmedia":[{"embeddable":true,"href":"https:\/\/esim.balieasy.com\/fr\/wp-json\/wp\/v2\/media\/4908"}],"wp:attachment":[{"href":"https:\/\/esim.balieasy.com\/fr\/wp-json\/wp\/v2\/media?parent=9114"}],"wp:term":[{"taxonomy":"product_brand","embeddable":true,"href":"https:\/\/esim.balieasy.com\/fr\/wp-json\/wp\/v2\/product_brand?post=9114"},{"taxonomy":"product_cat","embeddable":true,"href":"https:\/\/esim.balieasy.com\/fr\/wp-json\/wp\/v2\/product_cat?post=9114"},{"taxonomy":"product_tag","embeddable":true,"href":"https:\/\/esim.balieasy.com\/fr\/wp-json\/wp\/v2\/product_tag?post=9114"}],"curies":[{"name":"wp","href":"https:\/\/api.w.org\/{rel}","templated":true}]}}