{"id":9113,"date":"2025-01-14T23:03:07","date_gmt":"2025-01-14T15:03:07","guid":{"rendered":"https:\/\/esim.balieasy.com\/product\/data-top-up-telkomsel\/"},"modified":"2026-02-09T15:06:49","modified_gmt":"2026-02-09T07:06:49","slug":"recharge-de-donnees-telkomsel","status":"publish","type":"product","link":"https:\/\/esim.balieasy.com\/fr\/product\/recharge-de-donnees-telkomsel\/","title":{"rendered":"Recharge de donn\u00e9es Telkomsel"},"content":{"rendered":"<p>1. Entrez votre num\u00e9ro de t\u00e9l\u00e9phone \u00e0 recharger dans le formulaire de commande, section \u00ab Notes de commande \u00bb.<br \/>\n2. Les achats de recharges ne sont pas remboursables.<br \/>\n3. La validit\u00e9 des donn\u00e9es est de 28 jours.<br \/>\n4. Les donn\u00e9es Internet peuvent \u00eatre utilis\u00e9es \u00e0 Bali, \u00e0 Java Est, \u00e0 Lombok et dans les \u00eeles Gili.<br \/>\n5. Les clients peuvent recharger leur forfait de donn\u00e9es plusieurs fois.<br \/>\n6. Les recharges n\u2019annulent pas votre cr\u00e9dit Internet existant ; elles s\u2019ajoutent \u00e0 votre solde actuel.<br \/>\n7. La recharge est disponible pour le partage de connexion (hotspot).<br \/>\n8. Il s\u2019agit d\u2019un produit uniquement donn\u00e9es, con\u00e7u sp\u00e9cifiquement pour l\u2019utilisation Internet.<\/p>\n<p><a href=\"https:\/\/esim.balieasy.com\/fr\/\">Si vous souhaitez trouver les forfaits et les tarifs eSIM Telkomsel \u00e0 Bali, vous pouvez cliquer ici.<\/a><\/p>\n","protected":false},"excerpt":{"rendered":"<p>1. Entrez votre num\u00e9ro de t\u00e9l\u00e9phone \u00e0 recharger dans le formulaire de commande, section \u00ab Notes de commande \u00bb.<br \/>\n2. Les achats de recharges ne sont pas remboursables.<br \/>\n3. La validit\u00e9 des donn\u00e9es est de 28 jours.<br \/>\n4. Les donn\u00e9es Internet peuvent \u00eatre utilis\u00e9es \u00e0 Bali, \u00e0 Java Est, \u00e0 Lombok et dans les \u00eeles Gili.<br \/>\n5. Les clients peuvent recharger leur forfait de donn\u00e9es plusieurs fois.<br \/>\n6. Les recharges n\u2019annulent pas votre cr\u00e9dit Internet existant ; elles s\u2019ajoutent \u00e0 votre solde actuel.<br \/>\n7. La recharge est disponible pour le partage de connexion (hotspot).<br \/>\n8. Il s\u2019agit d\u2019un produit uniquement donn\u00e9es, con\u00e7u sp\u00e9cifiquement pour l\u2019utilisation Internet.<\/p>\n<p><a href=\"https:\/\/esim.balieasy.com\/fr\/\">Si vous souhaitez trouver les forfaits et les tarifs eSIM Telkomsel \u00e0 Bali, vous pouvez cliquer ici.<\/a><\/p>\n","protected":false},"featured_media":4898,"comment_status":"open","ping_status":"closed","template":"","meta":{"_acf_changed":false},"product_brand":[],"product_cat":[95],"product_tag":[],"class_list":{"0":"post-9113","1":"product","2":"type-product","3":"status-publish","4":"has-post-thumbnail","6":"product_cat-top-up-fr","8":"first","9":"instock","10":"shipping-taxable","11":"purchasable","12":"product-type-variable","13":"has-default-attributes"},"acf":[],"_links":{"self":[{"href":"https:\/\/esim.balieasy.com\/fr\/wp-json\/wp\/v2\/product\/9113","targetHints":{"allow":["GET"]}}],"collection":[{"href":"https:\/\/esim.balieasy.com\/fr\/wp-json\/wp\/v2\/product"}],"about":[{"href":"https:\/\/esim.balieasy.com\/fr\/wp-json\/wp\/v2\/types\/product"}],"replies":[{"embeddable":true,"href":"https:\/\/esim.balieasy.com\/fr\/wp-json\/wp\/v2\/comments?post=9113"}],"wp:featuredmedia":[{"embeddable":true,"href":"https:\/\/esim.balieasy.com\/fr\/wp-json\/wp\/v2\/media\/4898"}],"wp:attachment":[{"href":"https:\/\/esim.balieasy.com\/fr\/wp-json\/wp\/v2\/media?parent=9113"}],"wp:term":[{"taxonomy":"product_brand","embeddable":true,"href":"https:\/\/esim.balieasy.com\/fr\/wp-json\/wp\/v2\/product_brand?post=9113"},{"taxonomy":"product_cat","embeddable":true,"href":"https:\/\/esim.balieasy.com\/fr\/wp-json\/wp\/v2\/product_cat?post=9113"},{"taxonomy":"product_tag","embeddable":true,"href":"https:\/\/esim.balieasy.com\/fr\/wp-json\/wp\/v2\/product_tag?post=9113"}],"curies":[{"name":"wp","href":"https:\/\/api.w.org\/{rel}","templated":true}]}}