{"id":8985,"date":"2025-06-14T12:36:01","date_gmt":"2025-06-14T04:36:01","guid":{"rendered":"https:\/\/esim.balieasy.com\/product\/indonesia-esim-by-airalo\/"},"modified":"2025-10-08T11:44:39","modified_gmt":"2025-10-08T03:44:39","slug":"esim-indonesie-par-airalo","status":"publish","type":"product","link":"https:\/\/esim.balieasy.com\/fr\/product\/esim-indonesie-par-airalo\/","title":{"rendered":"De 1 Go \u00e0 donn\u00e9es illimit\u00e9es (7 \u00e0 30 jours) eSIM Indon\u00e9sie par Airalo"},"content":{"rendered":"<p><strong>Compatible uniquement avec les iPhones (iOS)<\/strong><\/p>\n<ul>\n<li>Fournisseur : 3 (Three) ou Indosat<\/li>\n<li>R\u00e9seau : 4G\/5G<\/li>\n<li>Donn\u00e9es : de 1 Go \u00e0 illimit\u00e9. Pour les forfaits illimit\u00e9s, la vitesse est r\u00e9duite \u00e0 1 Mbps apr\u00e8s 3 Go d\u2019utilisation quotidienne. <\/li>\n<li>Couverture : Indon\u00e9sie enti\u00e8re (inclut Bali, Nusa Penida, \u00eeles Gili, Raja Ampat, Labuan Bajo, etc.)<\/li>\n<li>Validit\u00e9 : 7 \u00e0 30 jours (commence \u00e0 l\u2019activation)<\/li>\n<li>eKYC (V\u00c9RIFICATION D\u2019IDENTIT\u00c9) : Non requis<\/li>\n<li>Partage de connexion (Hotspot) : Disponible<\/li>\n<li>Recharge : Non disponible<\/li>\n<li>Appels &amp; SMS : Non disponibles<\/li>\n<li>Num\u00e9ro de t\u00e9l\u00e9phone : Non disponible<\/li>\n<li>Activation : En ligne ! Pas besoin de se rendre dans un magasin ou chez un commer\u00e7ant physique <\/li>\n<li>Les eSIMs doivent \u00eatre activ\u00e9es dans les 3 mois suivant l\u2019achat. Les eSIMs non utilis\u00e9es au-del\u00e0 de cette p\u00e9riode expireront et n\u00e9cessiteront une nouvelle commande. <a href=\"https:\/\/esim.balieasy.com\/fr\/termes-conditions\/\" target=\"_blank\" rel=\"noopener\">Voir les Conditions g\u00e9n\u00e9rales.<\/a> <\/li>\n<\/ul>\n<p><em><strong>Cette eSIM est fournie par <img decoding=\"async\" style=\"height: 18px; vertical-align: middle;\" src=\"https:\/\/esim.balieasy.com\/wp-content\/uploads\/2025\/06\/Airalo_logo.webp\" alt=\"airalo\">.<\/strong><\/em><\/p>\n","protected":false},"excerpt":{"rendered":"<p><strong>Compatible uniquement avec les iPhones (iOS)<\/strong><\/p>\n<ul>\n<li>Fournisseur : 3 (Three) ou Indosat<\/li>\n<li>R\u00e9seau : 4G\/5G<\/li>\n<li>Donn\u00e9es : de 1 Go \u00e0 illimit\u00e9. Pour les forfaits illimit\u00e9s, la vitesse est r\u00e9duite \u00e0 1 Mbps apr\u00e8s 3 Go d\u2019utilisation quotidienne. <\/li>\n<li>Couverture : Indon\u00e9sie enti\u00e8re (inclut Bali, Nusa Penida, \u00eeles Gili, Raja Ampat, Labuan Bajo, etc.)<\/li>\n<li>Validit\u00e9 : 7 \u00e0 30 jours (commence \u00e0 l\u2019activation)<\/li>\n<li>eKYC (V\u00c9RIFICATION D\u2019IDENTIT\u00c9) : Non requis<\/li>\n<li>Partage de connexion (Hotspot) : Disponible<\/li>\n<li>Recharge : Non disponible<\/li>\n<li>Appels &amp; SMS : Non disponibles<\/li>\n<li>Num\u00e9ro de t\u00e9l\u00e9phone : Non disponible<\/li>\n<li>Activation : En ligne ! Pas besoin de se rendre dans un magasin ou chez un commer\u00e7ant physique <\/li>\n<li>Les eSIMs doivent \u00eatre activ\u00e9es dans les 3 mois suivant l\u2019achat. Les eSIMs non utilis\u00e9es au-del\u00e0 de cette p\u00e9riode expireront et n\u00e9cessiteront une nouvelle commande. <a href=\"https:\/\/esim.balieasy.com\/fr\/termes-conditions\/\" target=\"_blank\" rel=\"noopener\">Voir les Conditions g\u00e9n\u00e9rales.<\/a> <\/li>\n<\/ul>\n<p><em><strong>Cette eSIM est fournie par <img decoding=\"async\" style=\"height: 18px; vertical-align: middle;\" src=\"https:\/\/esim.balieasy.com\/wp-content\/uploads\/2025\/06\/Airalo_logo.webp\" alt=\"airalo\">.<\/strong><\/em><\/p>\n","protected":false},"featured_media":5914,"comment_status":"open","ping_status":"closed","template":"","meta":{"_acf_changed":false},"product_brand":[],"product_cat":[94],"product_tag":[],"class_list":{"0":"post-8985","1":"product","2":"type-product","3":"status-publish","4":"has-post-thumbnail","6":"product_cat-airalo-indonesia-esim-fr","8":"first","9":"outofstock","10":"shipping-taxable","11":"purchasable","12":"product-type-variable"},"acf":[],"_links":{"self":[{"href":"https:\/\/esim.balieasy.com\/fr\/wp-json\/wp\/v2\/product\/8985","targetHints":{"allow":["GET"]}}],"collection":[{"href":"https:\/\/esim.balieasy.com\/fr\/wp-json\/wp\/v2\/product"}],"about":[{"href":"https:\/\/esim.balieasy.com\/fr\/wp-json\/wp\/v2\/types\/product"}],"replies":[{"embeddable":true,"href":"https:\/\/esim.balieasy.com\/fr\/wp-json\/wp\/v2\/comments?post=8985"}],"wp:featuredmedia":[{"embeddable":true,"href":"https:\/\/esim.balieasy.com\/fr\/wp-json\/wp\/v2\/media\/5914"}],"wp:attachment":[{"href":"https:\/\/esim.balieasy.com\/fr\/wp-json\/wp\/v2\/media?parent=8985"}],"wp:term":[{"taxonomy":"product_brand","embeddable":true,"href":"https:\/\/esim.balieasy.com\/fr\/wp-json\/wp\/v2\/product_brand?post=8985"},{"taxonomy":"product_cat","embeddable":true,"href":"https:\/\/esim.balieasy.com\/fr\/wp-json\/wp\/v2\/product_cat?post=8985"},{"taxonomy":"product_tag","embeddable":true,"href":"https:\/\/esim.balieasy.com\/fr\/wp-json\/wp\/v2\/product_tag?post=8985"}],"curies":[{"name":"wp","href":"https:\/\/api.w.org\/{rel}","templated":true}]}}