{"id":8964,"date":"2025-01-07T22:31:45","date_gmt":"2025-01-07T14:31:45","guid":{"rendered":"https:\/\/esim.balieasy.com\/product\/gift-card\/"},"modified":"2025-08-22T15:46:00","modified_gmt":"2025-08-22T07:46:00","slug":"carte-cadeau","status":"publish","type":"product","link":"https:\/\/esim.balieasy.com\/fr\/product\/carte-cadeau\/","title":{"rendered":"Carte Cadeau"},"content":{"rendered":"","protected":false},"excerpt":{"rendered":"<p class=\"p1\">Offrez le cadeau de la commodit\u00e9 avec la carte-cadeau \u00e9lectronique BaliEasy. C\u2019est le moyen le plus simple d\u2019aider des amis et de la famille \u00e0 rester connect\u00e9s lors de leur visite \u00e0 Bali. <\/p>\n<p class=\"p1\"><b>Pourquoi cette carte cadeau est g\u00e9niale :<\/b><\/p>\n<ul>\n<li class=\"p3\"><b>Choisir un montant : <\/b>S\u00e9lectionnez n\u2019importe quelle valeur de 10 $ \u00e0 50 $.<\/li>\n<li class=\"p3\"><b>Offrir \u00e0 plusieurs personnes :<\/b> Envoyez \u00e0 plus d\u2019une personne en ajoutant plusieurs adresses e-mail.<\/li>\n<li class=\"p3\"><b>Rapide et facile : <\/b>Livr\u00e9e directement dans leur bo\u00eete de r\u00e9ception, pr\u00eate \u00e0 \u00eatre utilis\u00e9e.<\/li>\n<li class=\"p3\"><b>Parfaite pour les voyages \u00e0 Bali : <\/b>Peut \u00eatre utilis\u00e9e pour acheter toutes les eSIM BaliEasy.<\/li>\n<li class=\"p3\"><b>Touche personnelle :<\/b> Ajoutez un message pour la rendre sp\u00e9ciale.<\/li>\n<\/ul>\n<p class=\"p1\"><b>Valide jusqu\u2019au : <\/b>31 d\u00e9cembre 2025.<\/p>\n<p class=\"p1\">Que ce soit pour rester en contact ou utiliser des services locaux, cette carte cadeau rend les voyages \u00e0 Bali simples et sans stress. Parfaite pour toutes les occasions. <\/p>\n","protected":false},"featured_media":4858,"comment_status":"open","ping_status":"closed","template":"","meta":{"_acf_changed":false},"product_brand":[],"product_cat":[92],"product_tag":[],"class_list":{"0":"post-8964","1":"product","2":"type-product","3":"status-publish","4":"has-post-thumbnail","6":"product_cat-e-gift-card-fr","8":"first","9":"instock","10":"purchasable","11":"product-type-simple"},"acf":[],"_links":{"self":[{"href":"https:\/\/esim.balieasy.com\/fr\/wp-json\/wp\/v2\/product\/8964","targetHints":{"allow":["GET"]}}],"collection":[{"href":"https:\/\/esim.balieasy.com\/fr\/wp-json\/wp\/v2\/product"}],"about":[{"href":"https:\/\/esim.balieasy.com\/fr\/wp-json\/wp\/v2\/types\/product"}],"replies":[{"embeddable":true,"href":"https:\/\/esim.balieasy.com\/fr\/wp-json\/wp\/v2\/comments?post=8964"}],"wp:featuredmedia":[{"embeddable":true,"href":"https:\/\/esim.balieasy.com\/fr\/wp-json\/wp\/v2\/media\/4858"}],"wp:attachment":[{"href":"https:\/\/esim.balieasy.com\/fr\/wp-json\/wp\/v2\/media?parent=8964"}],"wp:term":[{"taxonomy":"product_brand","embeddable":true,"href":"https:\/\/esim.balieasy.com\/fr\/wp-json\/wp\/v2\/product_brand?post=8964"},{"taxonomy":"product_cat","embeddable":true,"href":"https:\/\/esim.balieasy.com\/fr\/wp-json\/wp\/v2\/product_cat?post=8964"},{"taxonomy":"product_tag","embeddable":true,"href":"https:\/\/esim.balieasy.com\/fr\/wp-json\/wp\/v2\/product_tag?post=8964"}],"curies":[{"name":"wp","href":"https:\/\/api.w.org\/{rel}","templated":true}]}}