{"id":22199,"date":"2025-07-11T11:54:08","date_gmt":"2025-07-11T03:54:08","guid":{"rendered":"https:\/\/esim.balieasy.com\/product\/telkomsel-bali-sim-card-tourist-21gb-30-days\/"},"modified":"2026-02-11T12:23:14","modified_gmt":"2026-02-11T04:23:14","slug":"telkomsel-bali-carte-sim-touriste-21go-30jours","status":"publish","type":"product","link":"https:\/\/esim.balieasy.com\/fr\/product\/telkomsel-bali-carte-sim-touriste-21go-30jours\/","title":{"rendered":"Carte SIM physique Telkomsel Bali Tourist &#8211; 21 Go (30 jours) &#8211; Livraison gratuite"},"content":{"rendered":"<ul>\n<li>Produit : Carte SIM physique Telkomsel Livraison instantan\u00e9e gratuite<\/li>\n<li>Zone de livraison instantan\u00e9e gratuite : Kuta, Seminyak, Canggu, Pererenan, Tanah Lot, Nusa Dua, Ubud.<\/li>\n<li>Fournisseur : Telkomsel<\/li>\n<li>R\u00e9seau : 4G\/5G<\/li>\n<li>Donn\u00e9es : 21 Go haut d\u00e9bit (18 Go zone Bali \u2013 Lombok + 3 Go Indon\u00e9sie nationale)<\/li>\n<li>Couverture : Une partie des donn\u00e9es pour l\u2019ensemble de l\u2019Indon\u00e9sie, et toutes les zones de Bali, y compris Java Est, Lombok et les \u00eeles Gili (Trawangan, Meno et Air).<\/li>\n<li>Validit\u00e9 : 30 jours (commence \u00e0 l\u2019activation)<\/li>\n<li>Partage de connexion (Hotspot) : Disponible<\/li>\n<li>Recharge : Disponible<\/li>\n<li>Appels &amp; SMS : Disponibles<\/li>\n<li>Num\u00e9ro de t\u00e9l\u00e9phone : Vous recevrez un num\u00e9ro commen\u00e7ant par +62<\/li>\n<li>Activation : En ligne ! Pas besoin de se rendre dans un magasin physique ou chez un commer\u00e7ant<\/li>\n<li>Les cartes SIM achet\u00e9es \u00e0 partir du <strong>1er mars 2025<\/strong> doivent \u00eatre activ\u00e9es dans les 3 mois suivant leur achat. Les cartes SIM inutilis\u00e9es au-del\u00e0 de cette p\u00e9riode expireront et devront faire l&rsquo;objet d&rsquo;une nouvelle commande. <a href=\"https:\/\/esim.balieasy.com\/fr\/termes-conditions\/\" target=\"_blank\" rel=\"noopener\">Voir les conditions g\u00e9n\u00e9rales<\/a>.<\/li>\n<\/ul>\n<p>Parfaite pour une connectivit\u00e9 fluide \u00e0 Bali et dans les \u00eeles Gili, Telkomsel est un excellent choix pour les voyageurs, offrant des r\u00e9seaux 4G\/5G haut d\u00e9bit et une couverture fiable.<\/p>\n<p>Son signal atteint toutes les zones de Bali et des \u00eeles Gili, des lieux populaires aux zones plus recul\u00e9es, vous garantissant de rester connect\u00e9 o\u00f9 que vous soyez.<\/p>\n<p><em><strong>BaliEasy est un commer\u00e7ant en ligne agr\u00e9\u00e9 Telkomsel.<\/strong><\/em><\/p>\n<p><a href=\"https:\/\/esim.balieasy.com\/fr\/product-category\/bali-sim-card-fr\/\">Consultez tous les forfaits de cartes SIM touristiques BaliEasy Telkomsel pour les touristes \u00e0 Bali et comparez les options de volume de donn\u00e9es disponibles.<\/a><\/p>\n","protected":false},"excerpt":{"rendered":"<ul>\n<li>Produit : Carte SIM physique Telkomsel Livraison instantan\u00e9e gratuite<\/li>\n<li>Zone de livraison instantan\u00e9e gratuite : Kuta, Seminyak, Canggu, Pererenan, Tanah Lot, Nusa Dua, Ubud.<\/li>\n<li>Fournisseur : Telkomsel<\/li>\n<li>R\u00e9seau : 4G\/5G<\/li>\n<li>Donn\u00e9es : 21 Go haut d\u00e9bit (18 Go zone Bali \u2013 Lombok + 3 Go Indon\u00e9sie nationale)<\/li>\n<li>Couverture : Une partie des donn\u00e9es pour l\u2019ensemble de l\u2019Indon\u00e9sie, et toutes les zones de Bali, y compris Java Est, Lombok et les \u00eeles Gili (Trawangan, Meno et Air).<\/li>\n<li>Validit\u00e9 : 30 jours (commence \u00e0 l\u2019activation)<\/li>\n<li>Partage de connexion (Hotspot) : Disponible<\/li>\n<li>Recharge : Disponible<\/li>\n<li>Appels &amp; SMS : Disponibles<\/li>\n<li>Num\u00e9ro de t\u00e9l\u00e9phone : Vous recevrez un num\u00e9ro commen\u00e7ant par +62<\/li>\n<li>Activation : En ligne ! Pas besoin de se rendre dans un magasin physique ou chez un commer\u00e7ant<\/li>\n<li>Les cartes SIM achet\u00e9es \u00e0 partir du <strong>1er mars 2025<\/strong> doivent \u00eatre activ\u00e9es dans les 3 mois suivant leur achat. Unused SIMs beyond this period will expire and require a new order. <a href=\"https:\/\/esim.balieasy.com\/fr\/termes-conditions\/\" target=\"_blank\" rel=\"noopener\">See Terms &amp; Conditions<\/a>.<\/li>\n<\/ul>\n<p>Parfaite pour une connectivit\u00e9 fluide \u00e0 Bali et dans les \u00eeles Gili, Telkomsel est un excellent choix pour les voyageurs, offrant des r\u00e9seaux 4G\/5G haut d\u00e9bit et une couverture fiable.<\/p>\n<p>Son signal atteint toutes les zones de Bali et des \u00eeles Gili, des lieux populaires aux zones plus recul\u00e9es, vous garantissant de rester connect\u00e9 o\u00f9 que vous soyez.<\/p>\n<p><em><strong>BaliEasy est un commer\u00e7ant en ligne agr\u00e9\u00e9 Telkomsel.<\/strong><\/em><\/p>\n<p><a href=\"https:\/\/esim.balieasy.com\/fr\/product-category\/bali-sim-card-fr\/\">Consultez tous les forfaits de cartes SIM touristiques BaliEasy Telkomsel pour les touristes \u00e0 Bali et comparez les options de volume de donn\u00e9es disponibles.<\/a><\/p>\n","protected":false},"featured_media":6967,"comment_status":"open","ping_status":"closed","template":"","meta":{"_acf_changed":false},"product_brand":[],"product_cat":[200],"product_tag":[],"class_list":{"0":"post-22199","1":"product","2":"type-product","3":"status-publish","4":"has-post-thumbnail","6":"product_cat-bali-sim-card-fr","8":"first","9":"instock","10":"sale","11":"virtual","12":"purchasable","13":"product-type-simple"},"acf":[],"_links":{"self":[{"href":"https:\/\/esim.balieasy.com\/fr\/wp-json\/wp\/v2\/product\/22199","targetHints":{"allow":["GET"]}}],"collection":[{"href":"https:\/\/esim.balieasy.com\/fr\/wp-json\/wp\/v2\/product"}],"about":[{"href":"https:\/\/esim.balieasy.com\/fr\/wp-json\/wp\/v2\/types\/product"}],"replies":[{"embeddable":true,"href":"https:\/\/esim.balieasy.com\/fr\/wp-json\/wp\/v2\/comments?post=22199"}],"wp:featuredmedia":[{"embeddable":true,"href":"https:\/\/esim.balieasy.com\/fr\/wp-json\/wp\/v2\/media\/6967"}],"wp:attachment":[{"href":"https:\/\/esim.balieasy.com\/fr\/wp-json\/wp\/v2\/media?parent=22199"}],"wp:term":[{"taxonomy":"product_brand","embeddable":true,"href":"https:\/\/esim.balieasy.com\/fr\/wp-json\/wp\/v2\/product_brand?post=22199"},{"taxonomy":"product_cat","embeddable":true,"href":"https:\/\/esim.balieasy.com\/fr\/wp-json\/wp\/v2\/product_cat?post=22199"},{"taxonomy":"product_tag","embeddable":true,"href":"https:\/\/esim.balieasy.com\/fr\/wp-json\/wp\/v2\/product_tag?post=22199"}],"curies":[{"name":"wp","href":"https:\/\/api.w.org\/{rel}","templated":true}]}}