{"id":12204,"date":"2025-10-14T01:27:45","date_gmt":"2025-10-13T17:27:45","guid":{"rendered":"https:\/\/esim.balieasy.com\/product\/bali-esim-tourist-83gb-30-days\/"},"modified":"2026-05-04T18:46:28","modified_gmt":"2026-05-04T10:46:28","slug":"esim-touriste-bali-83go-30-jours","status":"publish","type":"product","link":"https:\/\/esim.balieasy.com\/fr\/product\/esim-touriste-bali-83go-30-jours\/","title":{"rendered":"eSIM Touriste Bali &#8211; 83 Go (30 jours)"},"content":{"rendered":"<ul>\n<li>Fournisseur : Telkomsel<\/li>\n<li>R\u00e9seau : 4G\/5G<\/li>\n<li>Donn\u00e9es : 83 Go haut d\u00e9bit (80 Go zone Bali \u2013 Lombok + 3 Go Indon\u00e9sie nationale)<br \/>\n<strong><a href=\"https:\/\/esim.balieasy.com\/fr\/\">Voir tous les forfaits de donn\u00e9es disponibles pour la carte SIM Telkomsel SIMPATI Bali eSIM pour touristes \u2192<\/a><\/strong><\/li>\n<li>Couverture : certaines donn\u00e9es pour l&rsquo;ensemble du territoire indon\u00e9sien et toutes les r\u00e9gions de Bali, y compris Lombok et les \u00eeles Gili (Trawangan, Meno et Air).<\/li>\n<li>Validit\u00e9 : 30 jours (commence \u00e0 l\u2019activation)<\/li>\n<li>Partage de connexion (Hotspot) : Disponible<\/li>\n<li>Recharge : Disponible<\/li>\n<li>Appels &amp; SMS : Disponibles<\/li>\n<li>Num\u00e9ro de t\u00e9l\u00e9phone : Vous recevrez un num\u00e9ro commen\u00e7ant par +62<\/li>\n<li>Activation : En ligne ! Pas besoin de se rendre dans un magasin ou chez un commer\u00e7ant physique<\/li>\n<li>Les eSIMs achet\u00e9es \u00e0 partir du <strong>1er mars 2025<\/strong> doivent \u00eatre activ\u00e9es dans les 3 mois suivant l\u2019achat. Les eSIMs non utilis\u00e9es au-del\u00e0 de cette p\u00e9riode expireront et n\u00e9cessiteront une nouvelle commande. <a href=\"https:\/\/esim.balieasy.com\/fr\/termes-conditions\/\" target=\"_blank\" rel=\"noopener\">Voir les Conditions g\u00e9n\u00e9rales.<\/a><\/li>\n<\/ul>\n<p>Parfaite pour une connectivit\u00e9 fluide \u00e0 Bali et dans les \u00eeles Gili, Telkomsel est un excellent choix pour les voyageurs, offrant des r\u00e9seaux 4G\/5G haut d\u00e9bit et une couverture fiable.<\/p>\n<p>Son signal atteint toutes les zones de Bali et des \u00eeles Gili, des lieux populaires aux zones plus recul\u00e9es, vous garantissant de rester connect\u00e9 o\u00f9 que vous soyez.<\/p>\n<p><em><strong>eSIM BaliEasy est un revendeur en ligne agr\u00e9\u00e9 Telkomsel.<\/strong><\/em><\/p>\n","protected":false},"excerpt":{"rendered":"<ul>\n<li>Fournisseur : Telkomsel<\/li>\n<li>R\u00e9seau : 4G\/5G<\/li>\n<li>Donn\u00e9es : 83 Go haut d\u00e9bit (80 Go zone Bali \u2013 Lombok + 3 Go Indon\u00e9sie nationale)<br \/>\n<strong><a href=\"https:\/\/esim.balieasy.com\/fr\/\">Voir tous les forfaits de donn\u00e9es disponibles pour la carte SIM Telkomsel SIMPATI Bali eSIM pour touristes \u2192<\/a><\/strong><\/li>\n<li>Couverture : certaines donn\u00e9es pour l&rsquo;ensemble du territoire indon\u00e9sien et toutes les r\u00e9gions de Bali, y compris Lombok et les \u00eeles Gili (Trawangan, Meno et Air).<\/li>\n<li>Validit\u00e9 : 30 jours (commence \u00e0 l\u2019activation)<\/li>\n<li>Partage de connexion (Hotspot) : Disponible<\/li>\n<li>Recharge : Disponible<\/li>\n<li>Appels &amp; SMS : Disponibles<\/li>\n<li>Num\u00e9ro de t\u00e9l\u00e9phone : Vous recevrez un num\u00e9ro commen\u00e7ant par +62<\/li>\n<li>Activation : En ligne ! Pas besoin de se rendre dans un magasin ou chez un commer\u00e7ant physique<\/li>\n<li>Les eSIMs achet\u00e9es \u00e0 partir du <strong>1er mars 2025<\/strong> doivent \u00eatre activ\u00e9es dans les 3 mois suivant l\u2019achat. Les eSIMs non utilis\u00e9es au-del\u00e0 de cette p\u00e9riode expireront et n\u00e9cessiteront une nouvelle commande. <a href=\"https:\/\/esim.balieasy.com\/fr\/termes-conditions\/\" target=\"_blank\" rel=\"noopener\">Voir les Conditions g\u00e9n\u00e9rales.<\/a><\/li>\n<\/ul>\n<p>Parfaite pour une connectivit\u00e9 fluide \u00e0 Bali et dans les \u00eeles Gili, Telkomsel est un excellent choix pour les voyageurs, offrant des r\u00e9seaux 4G\/5G haut d\u00e9bit et une couverture fiable.<\/p>\n<p>Son signal atteint toutes les zones de Bali et des \u00eeles Gili, des lieux populaires aux zones plus recul\u00e9es, vous garantissant de rester connect\u00e9 o\u00f9 que vous soyez.<\/p>\n<p><em><strong>eSIM BaliEasy est un revendeur en ligne agr\u00e9\u00e9 Telkomsel.<\/strong><\/em><\/p>\n","protected":false},"featured_media":12168,"comment_status":"open","ping_status":"closed","template":"","meta":{"_acf_changed":false},"product_brand":[],"product_cat":[91],"product_tag":[],"class_list":{"0":"post-12204","1":"product","2":"type-product","3":"status-publish","4":"has-post-thumbnail","6":"product_cat-bali-esim-fr","8":"first","9":"instock","10":"sale","11":"virtual","12":"purchasable","13":"product-type-simple"},"acf":[],"_links":{"self":[{"href":"https:\/\/esim.balieasy.com\/fr\/wp-json\/wp\/v2\/product\/12204","targetHints":{"allow":["GET"]}}],"collection":[{"href":"https:\/\/esim.balieasy.com\/fr\/wp-json\/wp\/v2\/product"}],"about":[{"href":"https:\/\/esim.balieasy.com\/fr\/wp-json\/wp\/v2\/types\/product"}],"replies":[{"embeddable":true,"href":"https:\/\/esim.balieasy.com\/fr\/wp-json\/wp\/v2\/comments?post=12204"}],"wp:featuredmedia":[{"embeddable":true,"href":"https:\/\/esim.balieasy.com\/fr\/wp-json\/wp\/v2\/media\/12168"}],"wp:attachment":[{"href":"https:\/\/esim.balieasy.com\/fr\/wp-json\/wp\/v2\/media?parent=12204"}],"wp:term":[{"taxonomy":"product_brand","embeddable":true,"href":"https:\/\/esim.balieasy.com\/fr\/wp-json\/wp\/v2\/product_brand?post=12204"},{"taxonomy":"product_cat","embeddable":true,"href":"https:\/\/esim.balieasy.com\/fr\/wp-json\/wp\/v2\/product_cat?post=12204"},{"taxonomy":"product_tag","embeddable":true,"href":"https:\/\/esim.balieasy.com\/fr\/wp-json\/wp\/v2\/product_tag?post=12204"}],"curies":[{"name":"wp","href":"https:\/\/api.w.org\/{rel}","templated":true}]}}