{"id":9174,"date":"2024-12-05T22:38:15","date_gmt":"2024-12-05T14:38:15","guid":{"rendered":"https:\/\/esim.balieasy.com\/social-media-policy\/"},"modified":"2025-08-26T14:57:47","modified_gmt":"2025-08-26T06:57:47","slug":"politique-des-medias-sociaux","status":"publish","type":"page","link":"https:\/\/esim.balieasy.com\/fr\/politique-des-medias-sociaux\/","title":{"rendered":"Politique des m\u00e9dias sociaux"},"content":{"rendered":"\r\n<p>Chez BaliEasy, nous nous engageons \u00e0 faire en sorte que nos plateformes de m\u00e9dias sociaux restent un espace respectueux et constructif pour tous les utilisateurs. Nous valorisons la communication ouverte, mais nous attendons des utilisateurs qu\u2019ils interagissent de mani\u00e8re responsable et courtoise.<\/p>\r\n\r\n\r\n\r\n<h2 class=\"wp-block-heading\">R\u00e8gles de la communaut\u00e9<\/h2>\r\n<h3>Respect pour tous<\/h3>\r\n<p>Un langage offensant, le harc\u00e8lement ou un comportement inappropri\u00e9 envers quiconque, y compris les employ\u00e9s de BaliEasy ou d\u2019autres utilisateurs, ne seront pas tol\u00e9r\u00e9s et pourront entra\u00eener la suppression de contenu ou le blocage de l\u2019utilisateur.<\/p>\r\n<h3>Contenu interdit<\/h3>\r\n<p>Ne publiez pas et ne cr\u00e9ez pas de lien vers un contenu ill\u00e9gal, ind\u00e9cent, diffamatoire, trompeur ou mensonger. V\u00e9rifiez toujours les faits et les sources avant de partager.<\/p>\r\n<h3>Confidentialit\u00e9<\/h3>\r\n<p>Les informations des clients ne doivent en aucun cas \u00eatre partag\u00e9es ou discut\u00e9es en ligne.<\/p>\r\n<h2>Gestion du contenu<\/h2>\r\n<ul>\r\n<li>Nous surveillons activement nos comptes de m\u00e9dias sociaux et veillons \u00e0 ce que toutes les publications respectent les lois sur le droit d\u2019auteur et les r\u00e9f\u00e9rences.<\/li>\r\n<li>BaliEasy se r\u00e9serve le droit de modifier ou de supprimer tout contenu trompeur ou inappropri\u00e9 partag\u00e9 sur nos plateformes.<\/li>\r\n<\/ul>\r\n\r\n\r\n\r\n<h2 class=\"wp-block-heading\">Pratiques de s\u00e9curit\u00e9<\/h2>\r\n<p>Utilisez des mesures de s\u00e9curit\u00e9 solides, telles que les communications chiffr\u00e9es, lorsque vous interagissez sur nos pages de m\u00e9dias sociaux. Si vous rencontrez un contenu suspect, fermez votre navigateur et \u00e9vitez d\u2019interagir avec celui-ci.<\/p>\r\n<h2>Commentaires et critiques constructives<\/h2>\r\n<p>Nous accueillons favorablement les retours sur vos exp\u00e9riences avec BaliEasy lorsqu\u2019ils sont exprim\u00e9s de mani\u00e8re respectueuse et constructive. Vos contributions nous aident \u00e0 grandir et \u00e0 nous am\u00e9liorer !<\/p>\r\n<p>Merci de faire partie de notre communaut\u00e9 et de nous aider \u00e0 maintenir un environnement en ligne positif et respectueux.<\/p>\r\n","protected":false},"excerpt":{"rendered":"<p>Chez BaliEasy, nous nous engageons \u00e0 faire en sorte que nos plateformes de m\u00e9dias sociaux restent un espace respectueux et constructif pour tous les utilisateurs. Nous valorisons la communication ouverte, mais nous attendons des utilisateurs qu\u2019ils interagissent de mani\u00e8re responsable et courtoise. R\u00e8gles de la communaut\u00e9 Respect pour tous Un langage offensant, le harc\u00e8lement ou [&hellip;]<\/p>\n","protected":false},"author":1,"featured_media":0,"parent":0,"menu_order":0,"comment_status":"closed","ping_status":"closed","template":"","meta":{"_acf_changed":false,"footnotes":""},"class_list":["post-9174","page","type-page","status-publish","hentry"],"acf":[],"_links":{"self":[{"href":"https:\/\/esim.balieasy.com\/fr\/wp-json\/wp\/v2\/pages\/9174","targetHints":{"allow":["GET"]}}],"collection":[{"href":"https:\/\/esim.balieasy.com\/fr\/wp-json\/wp\/v2\/pages"}],"about":[{"href":"https:\/\/esim.balieasy.com\/fr\/wp-json\/wp\/v2\/types\/page"}],"author":[{"embeddable":true,"href":"https:\/\/esim.balieasy.com\/fr\/wp-json\/wp\/v2\/users\/1"}],"replies":[{"embeddable":true,"href":"https:\/\/esim.balieasy.com\/fr\/wp-json\/wp\/v2\/comments?post=9174"}],"version-history":[{"count":4,"href":"https:\/\/esim.balieasy.com\/fr\/wp-json\/wp\/v2\/pages\/9174\/revisions"}],"predecessor-version":[{"id":9180,"href":"https:\/\/esim.balieasy.com\/fr\/wp-json\/wp\/v2\/pages\/9174\/revisions\/9180"}],"wp:attachment":[{"href":"https:\/\/esim.balieasy.com\/fr\/wp-json\/wp\/v2\/media?parent=9174"}],"curies":[{"name":"wp","href":"https:\/\/api.w.org\/{rel}","templated":true}]}}