{"id":8977,"date":"2024-11-02T01:55:24","date_gmt":"2024-11-01T17:55:24","guid":{"rendered":"https:\/\/esim.balieasy.com\/esim-compatible-phones\/"},"modified":"2025-08-22T16:42:27","modified_gmt":"2025-08-22T08:42:27","slug":"telephones-compatibles-esim","status":"publish","type":"page","link":"https:\/\/esim.balieasy.com\/fr\/telephones-compatibles-esim\/","title":{"rendered":"T\u00e9l\u00e9phones Compatibles eSIM"},"content":{"rendered":"\t\t<div data-elementor-type=\"wp-page\" data-elementor-id=\"8977\" class=\"elementor elementor-8977\" data-elementor-post-type=\"page\">\n\t\t\t\t<div class=\"elementor-element elementor-element-446b967 e-flex e-con-boxed e-con e-parent\" data-id=\"446b967\" data-element_type=\"container\" data-e-type=\"container\">\n\t\t\t\t\t<div class=\"e-con-inner\">\n\t\t\t\t<div class=\"elementor-element elementor-element-1fdc901 elementor-widget elementor-widget-heading\" data-id=\"1fdc901\" data-element_type=\"widget\" data-e-type=\"widget\" data-widget_type=\"heading.default\">\n\t\t\t\t<div class=\"elementor-widget-container\">\n\t\t\t\t\t<h2 class=\"elementor-heading-title elementor-size-default\">Liste des T\u00e9l\u00e9phones Compatibles eSIM 2025<\/h2>\t\t\t\t<\/div>\n\t\t\t\t<\/div>\n\t\t\t\t\t<\/div>\n\t\t\t\t<\/div>\n\t\t<div class=\"elementor-element elementor-element-2fb93ac e-flex e-con-boxed e-con e-parent\" data-id=\"2fb93ac\" data-element_type=\"container\" data-e-type=\"container\">\n\t\t\t\t\t<div class=\"e-con-inner\">\n\t\t\t\t<div class=\"elementor-element elementor-element-5ec2777b elementor-widget elementor-widget-text-editor\" data-id=\"5ec2777b\" data-element_type=\"widget\" data-e-type=\"widget\" data-widget_type=\"text-editor.default\">\n\t\t\t\t<div class=\"elementor-widget-container\">\n\t\t\t\t\t\t\t\t\t<p>Telkomsel, principal op\u00e9rateur mobile en Indon\u00e9sie, propose des services eSIM compatibles avec une vari\u00e9t\u00e9 de smartphones.<\/p><p>Pour d\u00e9terminer si votre appareil prend en charge l\u2019eSIM de Telkomsel, tenez compte des informations suivantes :<\/p><h2><span style=\"font-weight: 400;\">Appareils Pris en Charge<\/span><\/h2><h3><span style=\"font-weight: 400;\">Apple:<\/span><\/h3><ul><li>iPhone Seri X: iPhone XR, iPhone XS, iPhone XS Max<\/li><li>iPhone Seri 11: iPhone 11, iPhone 11 Pro, iPhone 11 Pro Max<\/li><li>iPhone SE: iPhone SE 2 (2020), iPhone SE 3 (2022)<\/li><li>iPhone Seri 12: iPhone 12, iPhone 12 mini, iPhone 12 Pro, iPhone 12 Pro Max<\/li><li>iPhone Seri 13: iPhone 13, iPhone 13 mini, iPhone 13 Pro, iPhone 13 Pro Max<\/li><li>iPhone Seri 14: iPhone 14, iPhone 14 Plus, iPhone 14 Pro, iPhone 14 Pro Max<\/li><li>iPhone Seri 15: iPhone 15, iPhone 15 Plus, iPhone 15 Pro, iPhone 15 Pro Max<\/li><li>iPhone Seri 16: iPhone 16, iPhone 16 Plus, iPhone 16 Pro, iPhone 16 Pro Max, iPhone 16e<\/li><li>iPad Pro: iPad Pro 13-inch (M4) Wi-Fi + Cellular, iPad Pro 12.9-inch (3rd\u20136th gen) Wi-Fi + Cellular, iPad Pro 11-inch (M4) Wi-Fi + Cellular, iPad Pro 11-inch (1st\u20134th gen) Wi-Fi + Cellular<\/li><li>iPad Air: iPad Air 13-inch (M3) Wi-Fi + Cellular, iPad Air 11-inch (M3) Wi-Fi + Cellular, iPad Air 13-inch (M2) Wi-Fi + Cellular, iPad Air 11-inch (M2) Wi-Fi + Cellular, iPad Air (3rd\u20135th gen) Wi-Fi + Cellular<\/li><li>iPad (standar): iPad (A16) Wi-Fi + Cellular, iPad (7th\u201310th gen) Wi-Fi + Cellular<\/li><li>iPad mini: iPad mini (A17 Pro) Wi-Fi + Cellular, iPad mini (5th &amp; 6th gen) Wi-Fi + Cellular<\/li><\/ul><h3><span style=\"font-weight: 400;\">Samsung:<\/span><\/h3><ul><li><span style=\"font-weight: 400;\">Galaxy S25 series: S25, S25+, S25 Ultra<\/span><\/li><li><span style=\"font-weight: 400;\">Galaxy S24 series: S24, S24+, S24 Ultra<\/span><\/li><li><span style=\"font-weight: 400;\">Galaxy S23 series: S23, S23+, S23 Ultra<\/span><\/li><li><span style=\"font-weight: 400;\">Galaxy S22 series: S22, S22+, S22 Ultra<\/span><\/li><li><span style=\"font-weight: 400;\">Galaxy S21 series: S21, S21+, S21 Ultra<\/span><\/li><li><span style=\"font-weight: 400;\">Galaxy S20 series: S20, S20+<\/span><\/li><li><span style=\"font-weight: 400;\">Galaxy Z series: Z Flip, Z Flip3 5G, Z Flip4 5G, Z Flip5 5G, Z Fold2, Z Fold3, Z Fold4 5G, Z Fold5 5G<\/span><\/li><li><span style=\"font-weight: 400;\">Galaxy Note series: Note 20, Note 20+, Note 20 Ultra<\/span><\/li><\/ul><h3><span style=\"font-weight: 400;\">Oppo:<\/span><\/h3><ul><li>Oppo Find N2 Flip<\/li><li>Oppo Find X5<\/li><li>Oppo Find X5 Pro<\/li><li>Oppo Find N3 Fold<\/li><li>Oppo Find N3 Flip<\/li><li>Oppo Find X8<\/li><li>Oppo Find X8 Pro<\/li><li>Oppo Find N5 Fold<\/li><\/ul><h3><span style=\"font-weight: 400;\">Huawei:<\/span><\/h3><ul><li>Huawei P40<\/li><li>Huawei P40 Pro<\/li><li>Huawei Mate P40 Pro<\/li><\/ul><h3><span style=\"font-weight: 400;\">Google Pixel:<\/span><\/h3><ul><li><span style=\"font-weight: 400;\">Pixel 4, 4 XL, 4a, 4a 5G<\/span><\/li><li><span style=\"font-weight: 400;\">Pixel 5<\/span><\/li><li><span style=\"font-weight: 400;\">Pixel 6, 6 Pro, 6a<\/span><\/li><li><span style=\"font-weight: 400;\">Pixel 7, 7 Pro<\/span><\/li><li><span style=\"font-weight: 400;\">Pixel 8, 8 Pro<\/span><\/li><li><span style=\"font-weight: 400;\">Pixel Fold<\/span><\/li><\/ul><h3><span style=\"font-weight: 400;\">Motorola:<\/span><\/h3><ul><li><span style=\"font-weight: 400;\">Razr 2019, Razr 5G<\/span><\/li><li><span style=\"font-weight: 400;\">Edge+ (2023)<\/span><\/li><li><span style=\"font-weight: 400;\">Edge 40, Edge 40 Pro, Edge 40 Neo<\/span><\/li><li><span style=\"font-weight: 400;\">G52J 5G, G53J 5G, G54 5G, G84<\/span><\/li><\/ul><h3><span style=\"font-weight: 400;\">Xiaomi:<\/span><\/h3><ul><li>Xiaomi 13T<\/li><li>Xiaomi 14<\/li><li>Xiaomi 14 Pro<\/li><li>Xiaomi 14T<\/li><li>Xiaomi Redmi Note 13 Pro+<\/li><li>Xiaomi Redmi Note 14 Pro<\/li><li>Xiaomi Redmi Note 14 Pro+<\/li><li>Xiaomi Poco X7<\/li><li>Xiaomi 15<\/li><li>Xiaomi 15 Ultra<\/li><li>Xiaomi Redmi Note 13 Pro 5G<\/li><\/ul><h3><span style=\"font-weight: 400;\">Honor:<\/span><\/h3><ul><li>Honor Magic 4 Pro<\/li><li>Honor Magic 5 Pro<\/li><li>Honor Magic 6 Pro<\/li><li>Honor 90<\/li><li>Honor X8<\/li><li>Honor 200 Pro<\/li><li>Honor Magic V2<\/li><li>Honor Magic V3<\/li><\/ul><h3><span style=\"font-weight: 400;\">Nokia:<\/span><\/h3><ul><li><span style=\"font-weight: 400;\">XR21, X30, G60 5G<\/span><\/li><\/ul><h3><span style=\"font-weight: 400;\">Vivo:<\/span><\/h3><ul><li>Vivo X100 Pro<\/li><li>Vivo X200<\/li><li>Vivo X200 Pro<\/li><\/ul><h3><span style=\"font-weight: 400;\">ZTE:<\/span><\/h3><ul><li><span style=\"font-weight: 400;\">Nubia Flip<\/span><\/li><\/ul><div>\u00a0<\/div><h2><span style=\"font-weight: 400;\">Comment V\u00e9rifier si Votre T\u00e9l\u00e9phone Prend en Charge l\u2019eSIM<\/span><\/h2><p>Pour savoir si votre iPhone ou appareil Android est compatible eSIM, suivez ces \u00e9tapes :<\/p><h3>Pour iPhone :<\/h3><ol><li>Ouvrez l\u2019application R\u00e9glages.<\/li><li>Faites d\u00e9filer vers le bas et s\u00e9lectionnez Donn\u00e9es cellulaires.<\/li><li>Appuyez sur Ajouter un forfait cellulaire.<\/li><li>Si vous voyez une option pour scanner un code QR, votre iPhone est compatible eSIM. Sinon, il ne l\u2019est pas.<\/li><\/ol><h3>Pour Android :<\/h3><p>Le processus peut varier selon la marque et le mod\u00e8le de votre appareil. Une m\u00e9thode g\u00e9n\u00e9rale consiste \u00e0 :<\/p><ol><li>Ouvrir l\u2019application Param\u00e8tres.<\/li><li>S\u00e9lectionner Connexions.<\/li><li>Appuyer sur Gestionnaire de carte SIM.<\/li><li>Si vous trouvez une option Ajouter eSIM, votre appareil Android est compatible eSIM. Si cette option est absente, il ne prend pas en charge l\u2019eSIM.<\/li><\/ol><h2><span style=\"font-weight: 400;\">Consid\u00e9rations Suppl\u00e9mentaires :<\/span><\/h2><ul><li style=\"font-weight: 400;\" aria-level=\"1\"><strong>Variations R\u00e9gionales :<\/strong> Certains appareils, en particulier ceux achet\u00e9s dans des r\u00e9gions comme la Chine continentale, Hong Kong et Macao, peuvent ne pas prendre en charge l\u2019eSIM, m\u00eame si le mod\u00e8le est normalement compatible.<\/li><li style=\"font-weight: 400;\" aria-level=\"1\"><strong>Compatibilit\u00e9 Op\u00e9rateur :<\/strong> Assurez-vous que votre op\u00e9rateur mobile propose des services eSIM compatibles avec votre appareil.<\/li><li style=\"font-weight: 400;\" aria-level=\"1\"><strong>Mises \u00e0 Jour Logiciel :<\/strong> Maintenez votre appareil \u00e0 jour, car la compatibilit\u00e9 eSIM peut \u00eatre ajout\u00e9e via de nouvelles mises \u00e0 jour.<\/li><\/ul><p>Pour obtenir les informations les plus pr\u00e9cises et r\u00e9centes, il est recommand\u00e9 de consulter les ressources officielles de Telkomsel ou de contacter leur service client.<\/p>\t\t\t\t\t\t\t\t<\/div>\n\t\t\t\t<\/div>\n\t\t\t\t\t<\/div>\n\t\t\t\t<\/div>\n\t\t\t\t<\/div>\n\t\t","protected":false},"excerpt":{"rendered":"<p>Liste des T\u00e9l\u00e9phones Compatibles eSIM 2025 Telkomsel, principal op\u00e9rateur mobile en Indon\u00e9sie, propose des services eSIM compatibles avec une vari\u00e9t\u00e9 de smartphones. Pour d\u00e9terminer si votre appareil prend en charge l\u2019eSIM de Telkomsel, tenez compte des informations suivantes : Appareils Pris en Charge Apple: iPhone Seri X: iPhone XR, iPhone XS, iPhone XS Max iPhone [&hellip;]<\/p>\n","protected":false},"author":1,"featured_media":0,"parent":0,"menu_order":0,"comment_status":"closed","ping_status":"closed","template":"","meta":{"_acf_changed":false,"footnotes":""},"class_list":["post-8977","page","type-page","status-publish","hentry"],"acf":[],"_links":{"self":[{"href":"https:\/\/esim.balieasy.com\/fr\/wp-json\/wp\/v2\/pages\/8977","targetHints":{"allow":["GET"]}}],"collection":[{"href":"https:\/\/esim.balieasy.com\/fr\/wp-json\/wp\/v2\/pages"}],"about":[{"href":"https:\/\/esim.balieasy.com\/fr\/wp-json\/wp\/v2\/types\/page"}],"author":[{"embeddable":true,"href":"https:\/\/esim.balieasy.com\/fr\/wp-json\/wp\/v2\/users\/1"}],"replies":[{"embeddable":true,"href":"https:\/\/esim.balieasy.com\/fr\/wp-json\/wp\/v2\/comments?post=8977"}],"version-history":[{"count":4,"href":"https:\/\/esim.balieasy.com\/fr\/wp-json\/wp\/v2\/pages\/8977\/revisions"}],"predecessor-version":[{"id":8981,"href":"https:\/\/esim.balieasy.com\/fr\/wp-json\/wp\/v2\/pages\/8977\/revisions\/8981"}],"wp:attachment":[{"href":"https:\/\/esim.balieasy.com\/fr\/wp-json\/wp\/v2\/media?parent=8977"}],"curies":[{"name":"wp","href":"https:\/\/api.w.org\/{rel}","templated":true}]}}