{"id":11774,"date":"2025-02-09T00:54:30","date_gmt":"2025-02-08T16:54:30","guid":{"rendered":"https:\/\/esim.balieasy.com\/lowest-price-guarantee\/"},"modified":"2025-10-09T13:42:46","modified_gmt":"2025-10-09T05:42:46","slug":"garantie-du-prix-le-bas","status":"publish","type":"page","link":"https:\/\/esim.balieasy.com\/fr\/garantie-du-prix-le-bas\/","title":{"rendered":"eSIM BaliEasy Garantie du prix le plus bas"},"content":{"rendered":"\t\t<div data-elementor-type=\"wp-page\" data-elementor-id=\"11774\" class=\"elementor elementor-11774\" data-elementor-post-type=\"page\">\n\t\t\t\t<div class=\"elementor-element elementor-element-446b967 e-flex e-con-boxed e-con e-parent\" data-id=\"446b967\" data-element_type=\"container\" data-e-type=\"container\">\n\t\t\t\t\t<div class=\"e-con-inner\">\n\t\t\t\t<div class=\"elementor-element elementor-element-1fdc901 elementor-widget elementor-widget-heading\" data-id=\"1fdc901\" data-element_type=\"widget\" data-e-type=\"widget\" data-widget_type=\"heading.default\">\n\t\t\t\t<div class=\"elementor-widget-container\">\n\t\t\t\t\t<h2 class=\"elementor-heading-title elementor-size-default\">Garantie du Prix le Plus Bas eSIM BaliEasy<\/h2>\t\t\t\t<\/div>\n\t\t\t\t<\/div>\n\t\t\t\t\t<\/div>\n\t\t\t\t<\/div>\n\t\t<div class=\"elementor-element elementor-element-2fb93ac e-flex e-con-boxed e-con e-parent\" data-id=\"2fb93ac\" data-element_type=\"container\" data-e-type=\"container\">\n\t\t\t\t\t<div class=\"e-con-inner\">\n\t\t\t\t<div class=\"elementor-element elementor-element-5ec2777b elementor-widget elementor-widget-text-editor\" data-id=\"5ec2777b\" data-element_type=\"widget\" data-e-type=\"widget\" data-widget_type=\"text-editor.default\">\n\t\t\t\t<div class=\"elementor-widget-container\">\n\t\t\t\t\t\t\t\t\t<p>Nous garantissons le prix le plus bas pour tous les forfaits eSIM BaliEasy (hors recharges de donn\u00e9es). Si vous trouvez le m\u00eame forfait eSIM moins cher en ligne dans les 48 heures suivant votre achat, nous vous rembourserons la diff\u00e9rence.<\/p>\n<h2>Comment \u00e7a marche<\/h2>\n<p>1. Rassemblez vos informations<\/p>\n<ul>\n<li>Votre num\u00e9ro de commande BaliEasy<\/li>\n<li>Preuve du prix plus bas que vous avez trouv\u00e9 (capture d\u2019\u00e9cran ou lien) montrant :<br \/>\u2013 Le m\u00eame forfait de donn\u00e9es<br \/>\u2013 La m\u00eame p\u00e9riode de validit\u00e9<br \/>\u2013 La m\u00eame couverture r\u00e9seau (Telkomsel)<\/li>\n<\/ul>\n<p>\u00a0<\/p>\n<p>2. Envoyez-nous les informations<\/p>\n<ul>\n<li>Email : esim@balieasy.com<\/li>\n<li>Format de l\u2019objet :<br \/>Demande de Garantie du Prix le Plus Bas \u2013 [Votre Num\u00e9ro de Commande]<br \/>(Exemple : Demande de Garantie du Prix le Plus Bas \u2013 #BE12345)<\/li>\n<li>Incluez :<br \/>\u2013 Votre nom complet<br \/>\u2013 Num\u00e9ro de commande<br \/>\u2013 Preuve du prix plus bas (capture d\u2019\u00e9cran ou lien)<br \/>\u2013 Date d\u2019achat<\/li>\n<\/ul>\n<p>\u00a0<\/p>\n<p>3. Processus de v\u00e9rification<\/p>\n<ul>\n<li>Nous examinerons votre demande et v\u00e9rifierons les d\u00e9tails sous 3 jours ouvrables.<\/li>\n<\/ul>\n<p>\u00a0<\/p>\n<p>4. Recevez votre remboursement<\/p>\n<ul>\n<li>Si tout est conforme, nous vous rembourserons la diff\u00e9rence directement sur votre mode de paiement initial.<\/li>\n<\/ul>\n<p>\u00a0<\/p>\n<h2>Termes et Conditions<\/h2>\n<ol>\n<li>La Garantie du Prix le Plus Bas s\u2019applique \u00e0 tous les forfaits eSIM BaliEasy, hors achats de recharges de donn\u00e9es, effectu\u00e9s directement sur balieasy.com.<\/li>\n<li>Le prix inf\u00e9rieur doit correspondre exactement au m\u00eame forfait eSIM (m\u00eame volume de donn\u00e9es, p\u00e9riode de validit\u00e9 et couverture r\u00e9seau).<\/li>\n<li>Les comparaisons de prix doivent \u00eatre faites dans la m\u00eame devise (USD).<\/li>\n<li>Cette garantie ne s\u2019applique PAS aux :<br \/>\u2013 Prix r\u00e9duits obtenus avec des coupons, codes promo, points de fid\u00e9lit\u00e9 ou offres group\u00e9es<br \/>\u2013 Offres r\u00e9serv\u00e9es aux membres (ex. : remises d\u2019entreprise, offres de groupe)<br \/>\u2013 Ventes flash, offres limit\u00e9es dans le temps, deals du jour ou produits de recharge de donn\u00e9es<\/li>\n<li>Le prix inf\u00e9rieur doit \u00eatre trouv\u00e9 dans les 48 heures suivant votre achat.<\/li>\n<li>BaliEasy se r\u00e9serve le droit de v\u00e9rifier les d\u00e9tails. Toutes les d\u00e9cisions de remboursement sont finales et \u00e0 sa seule discr\u00e9tion.<\/li>\n<\/ol>\t\t\t\t\t\t\t\t<\/div>\n\t\t\t\t<\/div>\n\t\t\t\t\t<\/div>\n\t\t\t\t<\/div>\n\t\t\t\t<\/div>\n\t\t","protected":false},"excerpt":{"rendered":"<p>Garantie du Prix le Plus Bas eSIM BaliEasy Nous garantissons le prix le plus bas pour tous les forfaits eSIM BaliEasy (hors recharges de donn\u00e9es). Si vous trouvez le m\u00eame forfait eSIM moins cher en ligne dans les 48 heures suivant votre achat, nous vous rembourserons la diff\u00e9rence. Comment \u00e7a marche 1. Rassemblez vos informations [&hellip;]<\/p>\n","protected":false},"author":1,"featured_media":0,"parent":0,"menu_order":0,"comment_status":"closed","ping_status":"closed","template":"","meta":{"_acf_changed":false,"footnotes":""},"class_list":["post-11774","page","type-page","status-publish","hentry"],"acf":[],"_links":{"self":[{"href":"https:\/\/esim.balieasy.com\/fr\/wp-json\/wp\/v2\/pages\/11774","targetHints":{"allow":["GET"]}}],"collection":[{"href":"https:\/\/esim.balieasy.com\/fr\/wp-json\/wp\/v2\/pages"}],"about":[{"href":"https:\/\/esim.balieasy.com\/fr\/wp-json\/wp\/v2\/types\/page"}],"author":[{"embeddable":true,"href":"https:\/\/esim.balieasy.com\/fr\/wp-json\/wp\/v2\/users\/1"}],"replies":[{"embeddable":true,"href":"https:\/\/esim.balieasy.com\/fr\/wp-json\/wp\/v2\/comments?post=11774"}],"version-history":[{"count":4,"href":"https:\/\/esim.balieasy.com\/fr\/wp-json\/wp\/v2\/pages\/11774\/revisions"}],"predecessor-version":[{"id":11791,"href":"https:\/\/esim.balieasy.com\/fr\/wp-json\/wp\/v2\/pages\/11774\/revisions\/11791"}],"wp:attachment":[{"href":"https:\/\/esim.balieasy.com\/fr\/wp-json\/wp\/v2\/media?parent=11774"}],"curies":[{"name":"wp","href":"https:\/\/api.w.org\/{rel}","templated":true}]}}