{"id":7923,"date":"2025-06-14T12:36:01","date_gmt":"2025-06-14T04:36:01","guid":{"rendered":"https:\/\/esim.balieasy.com\/product\/indonesia-esim-by-airalo\/"},"modified":"2025-07-31T16:31:14","modified_gmt":"2025-07-31T08:31:14","slug":"indonesien-esim-von-airalo","status":"publish","type":"product","link":"https:\/\/esim.balieasy.com\/de\/product\/indonesien-esim-von-airalo\/","title":{"rendered":"1\u202fGB bis Unbegrenztes Datenvolumen (7 bis 30 Tage) \u2013 Indonesien eSIM von Airalo"},"content":{"rendered":"<p><strong>Nur kompatibel mit iPhones (iOS)<\/strong><\/p>\n<ul>\n<li>Anbieter: 3 (Three) oder Indosat<\/li>\n<li>Netzwerk: 4G\/5G<\/li>\n<li>Daten: Von 1\u202fGB bis unbegrenzt. Bei unbegrenzten Tarifen wird die Geschwindigkeit nach 3\u202fGB t\u00e4glicher Nutzung auf 1\u202fMbps reduziert.<\/li>\n<li>Abdeckung: Landesweit in Indonesien (einschlie\u00dflich Bali, Nusa Penida, Gili-Inseln, Raja Ampat, Labuan Bajo usw.)<\/li>\n<li>G\u00fcltigkeit: 7 bis 30 Tage (beginnt mit der Aktivierung)<\/li>\n<li>eKYC (IDENTIT\u00c4TSVERIFIZIERUNG): Nicht erforderlich<\/li>\n<li>Hotspot: Verf\u00fcgbar<\/li>\n<li>Aufladen: Nicht verf\u00fcgbar<\/li>\n<li>Anrufe &amp; SMS: Nicht verf\u00fcgbar<\/li>\n<li>Telefonnummer: Nicht verf\u00fcgbar<\/li>\n<li>Aktivierung: Online! Kein Besuch eines physischen Gesch\u00e4fts oder H\u00e4ndlers erforderlich.<\/li>\n<li>eSIMs m\u00fcssen innerhalb von 3 Monaten nach dem Kauf aktiviert werden. Nicht verwendete eSIMs nach diesem Zeitraum verfallen und erfordern eine neue Bestellung. <a href=\"https:\/\/esim.balieasy.com\/de\/allgemeine-geschaeftsbedingungen\/\" target=\"_blank\" rel=\"noopener\">Siehe Allgemeine Gesch\u00e4ftsbedingungen<\/a>.<\/li>\n<\/ul>\n<p><em><strong>Diese eSIM wird bereitgestellt von <img decoding=\"async\" style=\"height: 18px; vertical-align: middle;\" src=\"https:\/\/esim.balieasy.com\/wp-content\/uploads\/2025\/06\/Airalo_logo.webp\" alt=\"airalo\" \/>.<\/strong><\/em><\/p>\n","protected":false},"excerpt":{"rendered":"<p><strong>Nur kompatibel mit iPhones (iOS)<\/strong><\/p>\n<ul>\n<li>Anbieter: 3 (Three) oder Indosat<\/li>\n<li>Netzwerk: 4G\/5G<\/li>\n<li>Daten: Von 1\u202fGB bis unbegrenzt. Bei unbegrenzten Tarifen wird die Geschwindigkeit nach 3\u202fGB t\u00e4glicher Nutzung auf 1\u202fMbps reduziert.<\/li>\n<li>Abdeckung: Landesweit in Indonesien (einschlie\u00dflich Bali, Nusa Penida, Gili-Inseln, Raja Ampat, Labuan Bajo usw.)<\/li>\n<li>G\u00fcltigkeit: 7 bis 30 Tage (beginnt mit der Aktivierung)<\/li>\n<li>eKYC (IDENTIT\u00c4TSVERIFIZIERUNG): Nicht erforderlich<\/li>\n<li>Hotspot: Verf\u00fcgbar<\/li>\n<li>Aufladen: Nicht verf\u00fcgbar<\/li>\n<li>Anrufe &amp; SMS: Nicht verf\u00fcgbar<\/li>\n<li>Telefonnummer: Nicht verf\u00fcgbar<\/li>\n<li>Aktivierung: Online! Kein Besuch eines physischen Gesch\u00e4fts oder H\u00e4ndlers n\u00f6tig.<\/li>\n<li>eSIMs m\u00fcssen innerhalb von 3 Monaten nach dem Kauf aktiviert werden. Nicht verwendete eSIMs nach diesem Zeitraum verfallen und erfordern eine neue Bestellung. <a href=\"https:\/\/esim.balieasy.com\/de\/allgemeine-geschaeftsbedingungen\/\" target=\"_blank\" rel=\"noopener\">Siehe Allgemeine Gesch\u00e4ftsbedingungen<\/a>.<\/li>\n<\/ul>\n<p><em><strong>Diese eSIM wird bereitgestellt von <img decoding=\"async\" style=\"height: 18px; vertical-align: middle;\" src=\"https:\/\/esim.balieasy.com\/wp-content\/uploads\/2025\/06\/Airalo_logo.webp\" alt=\"airalo\" \/>.<\/strong><\/em><\/p>\n","protected":false},"featured_media":5915,"comment_status":"open","ping_status":"closed","template":"","meta":{"_acf_changed":false},"product_brand":[],"product_cat":[87],"product_tag":[],"class_list":{"0":"post-7923","1":"product","2":"type-product","3":"status-publish","4":"has-post-thumbnail","6":"product_cat-airalo-indonesia-esim-de","8":"first","9":"outofstock","10":"shipping-taxable","11":"purchasable","12":"product-type-variable"},"acf":[],"_links":{"self":[{"href":"https:\/\/esim.balieasy.com\/de\/wp-json\/wp\/v2\/product\/7923","targetHints":{"allow":["GET"]}}],"collection":[{"href":"https:\/\/esim.balieasy.com\/de\/wp-json\/wp\/v2\/product"}],"about":[{"href":"https:\/\/esim.balieasy.com\/de\/wp-json\/wp\/v2\/types\/product"}],"replies":[{"embeddable":true,"href":"https:\/\/esim.balieasy.com\/de\/wp-json\/wp\/v2\/comments?post=7923"}],"wp:featuredmedia":[{"embeddable":true,"href":"https:\/\/esim.balieasy.com\/de\/wp-json\/wp\/v2\/media\/5915"}],"wp:attachment":[{"href":"https:\/\/esim.balieasy.com\/de\/wp-json\/wp\/v2\/media?parent=7923"}],"wp:term":[{"taxonomy":"product_brand","embeddable":true,"href":"https:\/\/esim.balieasy.com\/de\/wp-json\/wp\/v2\/product_brand?post=7923"},{"taxonomy":"product_cat","embeddable":true,"href":"https:\/\/esim.balieasy.com\/de\/wp-json\/wp\/v2\/product_cat?post=7923"},{"taxonomy":"product_tag","embeddable":true,"href":"https:\/\/esim.balieasy.com\/de\/wp-json\/wp\/v2\/product_tag?post=7923"}],"curies":[{"name":"wp","href":"https:\/\/api.w.org\/{rel}","templated":true}]}}