{"id":7914,"date":"2025-06-14T23:32:42","date_gmt":"2025-06-14T15:32:42","guid":{"rendered":"https:\/\/esim.balieasy.com\/product\/bali-esim-tourist-21-gb-30-tage\/"},"modified":"2026-04-16T07:44:00","modified_gmt":"2026-04-15T23:44:00","slug":"bali-esim-tourist-21-gb-30-tage","status":"publish","type":"product","link":"https:\/\/esim.balieasy.com\/de\/product\/bali-esim-tourist-21-gb-30-tage\/","title":{"rendered":"Bali eSIM Tourist \u2013 21\u202fGB (30 Tage)"},"content":{"rendered":"<ul>\n<li>Anbieter: Telkomsel<\/li>\n<li>Netzwerk: 4G\/5G<\/li>\n<li>Daten: 21\u202fGB Highspeed (18\u202fGB Bali\u2013Lombok-Gebiet + 3\u202fGB landesweit in Indonesien)<br \/>\n<strong><a href=\"https:\/\/esim.balieasy.com\/de\/\">Alle verf\u00fcgbaren Datentarife f\u00fcr Telkomsel SIMPATI Bali eSIM f\u00fcr Touristen anzeigen<\/a><\/strong> \u2192<\/li>\n<li>Abdeckung: Teilweise landesweit in Indonesien und vollst\u00e4ndige Abdeckung in allen Gebieten Balis, einschlie\u00dflich Ostjava, Lombok und der Gili-Inseln (Trawangan, Meno und Air)<\/li>\n<li>G\u00fcltigkeit: 30 Tage (beginnt mit der Aktivierung)<\/li>\n<li>Hotspot: Verf\u00fcgbar<\/li>\n<li>Aufladen: M\u00f6glich<\/li>\n<li>Anrufe &amp; SMS: Verf\u00fcgbar<\/li>\n<li>Telefonnummer: Sie erhalten eine Telefonnummer mit der Landesvorwahl +62<\/li>\n<li>Aktivierung: Online! Kein Besuch eines physischen Gesch\u00e4fts oder H\u00e4ndlers erforderlich.<\/li>\n<li>eSIMs purchased from <strong>March 1, 2025<\/strong>, must be activated within 3 months of purchase. Unused eSIMs beyond this period will expire and require a new order. <a href=\"https:\/\/esim.balieasy.com\/de\/allgemeine-geschaeftsbedingungen\/\" target=\"_blank\" rel=\"noopener\">See Terms &amp; Conditions<\/a>.<\/li>\n<\/ul>\n<p>Perfekt f\u00fcr nahtlose Konnektivit\u00e4t in Bali und den Gili-Inseln: Telkomsel ist eine Top-Wahl f\u00fcr Reisende und bietet Hochgeschwindigkeitsnetzwerke mit 4G\/5G sowie eine zuverl\u00e4ssige Abdeckung.<\/p>\n<p>Sein Signal erreicht alle Bereiche von Bali und den Gili-Inseln, von beliebten Orten bis hin zu entlegeneren Gegenden, und stellt sicher, dass Sie \u00fcberall verbunden bleiben.<\/p>\n<p><em><strong>eSIM BaliEasy is an authorized Online Telkomsel Merchant.<\/strong><\/em><\/p>\n","protected":false},"excerpt":{"rendered":"<ul>\n<li>Anbieter: Telkomsel<\/li>\n<li>Netzwerk: 4G\/5G<\/li>\n<li>Daten: 21\u202fGB Highspeed (18\u202fGB Bali\u2013Lombok-Gebiet + 3\u202fGB landesweit in Indonesien)<br \/>\n<strong><a href=\"https:\/\/esim.balieasy.com\/de\/\">Alle verf\u00fcgbaren Datentarife f\u00fcr Telkomsel SIMPATI Bali eSIM f\u00fcr Touristen anzeigen \u2192<\/a><\/strong><\/li>\n<li>Abdeckung: Teilweise landesweit in Indonesien und vollst\u00e4ndige Abdeckung in allen Gebieten Balis, einschlie\u00dflich Ostjava, Lombok und der Gili-Inseln (Trawangan, Meno und Air)<\/li>\n<li>G\u00fcltigkeit: 30 Tage (beginnt mit der Aktivierung)<\/li>\n<li>Hotspot: Verf\u00fcgbar<\/li>\n<li>Aufladen: M\u00f6glich<\/li>\n<li>Anrufe &amp; SMS: Verf\u00fcgbar<\/li>\n<li>Telefonnummer: Sie erhalten eine Telefonnummer mit der Landesvorwahl +62<\/li>\n<li>Anrufe &amp; SMS: Verf\u00fcgbar (Kostenlose 25 Minuten Anrufe zu allen Anbietern in Indonesien)<\/li>\n<li>Aktivierung: Online! Kein Besuch eines physischen Gesch\u00e4fts oder H\u00e4ndlers erforderlich.<\/li>\n<li>eSIMs, die ab dem <strong>1. M\u00e4rz 2025<\/strong> gekauft wurden, m\u00fcssen innerhalb von 3 Monaten nach dem Kauf aktiviert werden. Nicht verwendete eSIMs nach diesem Zeitraum verfallen und erfordern eine neue Bestellung. <a href=\"https:\/\/esim.balieasy.com\/de\/allgemeine-geschaeftsbedingungen\/\" target=\"_blank\" rel=\"noopener\">Siehe Allgemeine Gesch\u00e4ftsbedingungen<\/a>.<\/li>\n<\/ul>\n<p>Perfekt f\u00fcr nahtlose Konnektivit\u00e4t in Bali und den Gili-Inseln: Telkomsel ist eine Top-Wahl f\u00fcr Reisende und bietet Hochgeschwindigkeitsnetzwerke mit 4G\/5G sowie eine zuverl\u00e4ssige Abdeckung.<\/p>\n<p>Sein Signal erreicht alle Bereiche von Bali und den Gili-Inseln, von beliebten Orten bis hin zu entlegeneren Gegenden, und stellt sicher, dass Sie \u00fcberall verbunden bleiben.<\/p>\n<p><em><strong>eSIM BaliEasy ist ein autorisierter Online-Telkomsel-H\u00e4ndler.<\/strong><\/em><\/p>\n","protected":false},"featured_media":5970,"comment_status":"open","ping_status":"closed","template":"","meta":{"_acf_changed":false},"product_brand":[],"product_cat":[86],"product_tag":[],"class_list":{"0":"post-7914","1":"product","2":"type-product","3":"status-publish","4":"has-post-thumbnail","6":"product_cat-bali-esim-de","8":"first","9":"instock","10":"sale","11":"virtual","12":"purchasable","13":"product-type-simple"},"acf":[],"_links":{"self":[{"href":"https:\/\/esim.balieasy.com\/de\/wp-json\/wp\/v2\/product\/7914","targetHints":{"allow":["GET"]}}],"collection":[{"href":"https:\/\/esim.balieasy.com\/de\/wp-json\/wp\/v2\/product"}],"about":[{"href":"https:\/\/esim.balieasy.com\/de\/wp-json\/wp\/v2\/types\/product"}],"replies":[{"embeddable":true,"href":"https:\/\/esim.balieasy.com\/de\/wp-json\/wp\/v2\/comments?post=7914"}],"wp:featuredmedia":[{"embeddable":true,"href":"https:\/\/esim.balieasy.com\/de\/wp-json\/wp\/v2\/media\/5970"}],"wp:attachment":[{"href":"https:\/\/esim.balieasy.com\/de\/wp-json\/wp\/v2\/media?parent=7914"}],"wp:term":[{"taxonomy":"product_brand","embeddable":true,"href":"https:\/\/esim.balieasy.com\/de\/wp-json\/wp\/v2\/product_brand?post=7914"},{"taxonomy":"product_cat","embeddable":true,"href":"https:\/\/esim.balieasy.com\/de\/wp-json\/wp\/v2\/product_cat?post=7914"},{"taxonomy":"product_tag","embeddable":true,"href":"https:\/\/esim.balieasy.com\/de\/wp-json\/wp\/v2\/product_tag?post=7914"}],"curies":[{"name":"wp","href":"https:\/\/api.w.org\/{rel}","templated":true}]}}