{"id":22180,"date":"2025-07-11T11:56:18","date_gmt":"2025-07-11T03:56:18","guid":{"rendered":"https:\/\/esim.balieasy.com\/product\/telkomsel-bali-sim-card-tourist-36gb-30-days\/"},"modified":"2026-02-11T08:40:22","modified_gmt":"2026-02-11T00:40:22","slug":"telkomsel-bali-sim-karte-tourist-36gb-30tage","status":"publish","type":"product","link":"https:\/\/esim.balieasy.com\/de\/product\/telkomsel-bali-sim-karte-tourist-36gb-30tage\/","title":{"rendered":"Telkomsel Bali Physische SIM-Karte f\u00fcr Touristen \u2013 36 GB (30 Tage) \u2013 Kostenlose Lieferung"},"content":{"rendered":"<ul>\n<li>Produkt: Physische SIM-Karte Telkomsel Kostenlose Sofortlieferung<\/li>\n<li>Kostenlose Sofortlieferung in folgenden Gebieten: Kuta, Seminyak, Canggu, Pererenan, Tanah Lot, Nusa Dua, Ubud.<\/li>\n<li>Anbieter: Telkomsel<\/li>\n<li>Netzwerk: 4G\/5G<\/li>\n<li>Daten: 36\u202fGB Highspeed (33\u202fGB f\u00fcr das Bali\u2013Lombok-Gebiet + 3\u202fGB landesweit in Indonesien)<\/li>\n<li>Abdeckung: Teilweise landesweit in Indonesien und vollst\u00e4ndige Abdeckung in allen Gebieten Balis, einschlie\u00dflich Ostjava, Lombok und der Gili-Inseln (Trawangan, Meno und Air)<\/li>\n<li>G\u00fcltigkeit: 30 Tage (beginnt mit der Aktivierung)<\/li>\n<li>Hotspot: Verf\u00fcgbar<\/li>\n<li>Aufladen: M\u00f6glich<\/li>\n<li>Anrufe &amp; SMS: Verf\u00fcgbar<\/li>\n<li>Telefonnummer: Sie erhalten eine Telefonnummer mit der Landesvorwahl +62<\/li>\n<li>Aktivierung: Online! Kein Besuch eines physischen Gesch\u00e4fts oder H\u00e4ndlers erforderlich.<\/li>\n<li>SIMs purchased from <strong>March 1, 2025<\/strong>, must be activated within 3 months of purchase. Unused SIMs beyond this period will expire and require a new order. <a href=\"https:\/\/esim.balieasy.com\/de\/allgemeine-geschaeftsbedingungen\/\" target=\"_blank\" rel=\"noopener\">See Terms &amp; Conditions<\/a>.<\/li>\n<\/ul>\n<p>Perfekt f\u00fcr nahtlose Konnektivit\u00e4t in Bali und den Gili-Inseln: Telkomsel ist eine Top-Wahl f\u00fcr Reisende und bietet Hochgeschwindigkeitsnetzwerke mit 4G\/5G sowie eine zuverl\u00e4ssige Abdeckung.<\/p>\n<p>Sein Signal erreicht alle Bereiche von Bali und den Gili-Inseln, von beliebten Orten bis hin zu entlegeneren Gegenden, und stellt sicher, dass Sie \u00fcberall verbunden bleiben.<\/p>\n<p><em><strong>BaliEasy is an authorized Online Telkomsel Merchant.<\/strong><\/em><\/p>\n<p><a href=\"https:\/\/esim.balieasy.com\/de\/product-category\/bali-sim-card-de\/\">Alle BaliEasy Telkomsel-Touristen-SIM-Kartenpakete f\u00fcr Bali-Touristen anzeigen und verf\u00fcgbare Datenvolumenoptionen vergleichen.<\/a><\/p>\n","protected":false},"excerpt":{"rendered":"<ul>\n<li>Produkt: Physische SIM-Karte Telkomsel Kostenlose Sofortlieferung<\/li>\n<li>Kostenlose Sofortlieferung in folgenden Gebieten: Kuta, Seminyak, Canggu, Pererenan, Tanah Lot, Nusa Dua, Ubud.<\/li>\n<li>Anbieter: Telkomsel<\/li>\n<li>Netzwerk: 4G\/5G<\/li>\n<li>Daten: 36\u202fGB Highspeed (33\u202fGB f\u00fcr das Bali\u2013Lombok-Gebiet + 3\u202fGB landesweit in Indonesien)<\/li>\n<li>Abdeckung: Teilweise landesweit in Indonesien und vollst\u00e4ndige Abdeckung in allen Gebieten Balis, einschlie\u00dflich Ostjava, Lombok und der Gili-Inseln (Trawangan, Meno und Air)<\/li>\n<li>G\u00fcltigkeit: 30 Tage (beginnt mit der Aktivierung)<\/li>\n<li>Hotspot: Verf\u00fcgbar<\/li>\n<li>Aufladen: M\u00f6glich<\/li>\n<li>Anrufe &amp; SMS: Verf\u00fcgbar<\/li>\n<li>Telefonnummer: Sie erhalten eine Telefonnummer mit der Landesvorwahl +62<\/li>\n<li>Aktivierung: Online! Kein Besuch eines physischen Gesch\u00e4fts oder H\u00e4ndlers erforderlich.<\/li>\n<li>SIMs purchased from <strong>March 1, 2025<\/strong>, must be activated within 3 months of purchase. Unused SIMs beyond this period will expire and require a new order. <a href=\"https:\/\/esim.balieasy.com\/de\/allgemeine-geschaeftsbedingungen\/\" target=\"_blank\" rel=\"noopener\">See Terms &amp; Conditions<\/a>.<\/li>\n<\/ul>\n<p>Perfekt f\u00fcr nahtlose Konnektivit\u00e4t in Bali und den Gili-Inseln: Telkomsel ist eine Top-Wahl f\u00fcr Reisende und bietet Hochgeschwindigkeitsnetzwerke mit 4G\/5G sowie eine zuverl\u00e4ssige Abdeckung.<\/p>\n<p>Sein Signal erreicht alle Bereiche von Bali und den Gili-Inseln, von beliebten Orten bis hin zu entlegeneren Gegenden, und stellt sicher, dass Sie \u00fcberall verbunden bleiben.<\/p>\n<p><em><strong>BaliEasy is an authorized Online Telkomsel Merchant.<\/strong><\/em><\/p>\n<p><a href=\"https:\/\/esim.balieasy.com\/de\/product-category\/bali-sim-card-de\/\">Alle BaliEasy Telkomsel-Touristen-SIM-Kartenpakete f\u00fcr Bali-Touristen anzeigen und verf\u00fcgbare Datenvolumenoptionen vergleichen.<\/a><\/p>\n","protected":false},"featured_media":6979,"comment_status":"open","ping_status":"closed","template":"","meta":{"_acf_changed":false},"product_brand":[],"product_cat":[199],"product_tag":[],"class_list":{"0":"post-22180","1":"product","2":"type-product","3":"status-publish","4":"has-post-thumbnail","6":"product_cat-bali-sim-card-de","8":"first","9":"instock","10":"sale","11":"virtual","12":"purchasable","13":"product-type-simple"},"acf":[],"_links":{"self":[{"href":"https:\/\/esim.balieasy.com\/de\/wp-json\/wp\/v2\/product\/22180","targetHints":{"allow":["GET"]}}],"collection":[{"href":"https:\/\/esim.balieasy.com\/de\/wp-json\/wp\/v2\/product"}],"about":[{"href":"https:\/\/esim.balieasy.com\/de\/wp-json\/wp\/v2\/types\/product"}],"replies":[{"embeddable":true,"href":"https:\/\/esim.balieasy.com\/de\/wp-json\/wp\/v2\/comments?post=22180"}],"wp:featuredmedia":[{"embeddable":true,"href":"https:\/\/esim.balieasy.com\/de\/wp-json\/wp\/v2\/media\/6979"}],"wp:attachment":[{"href":"https:\/\/esim.balieasy.com\/de\/wp-json\/wp\/v2\/media?parent=22180"}],"wp:term":[{"taxonomy":"product_brand","embeddable":true,"href":"https:\/\/esim.balieasy.com\/de\/wp-json\/wp\/v2\/product_brand?post=22180"},{"taxonomy":"product_cat","embeddable":true,"href":"https:\/\/esim.balieasy.com\/de\/wp-json\/wp\/v2\/product_cat?post=22180"},{"taxonomy":"product_tag","embeddable":true,"href":"https:\/\/esim.balieasy.com\/de\/wp-json\/wp\/v2\/product_tag?post=22180"}],"curies":[{"name":"wp","href":"https:\/\/api.w.org\/{rel}","templated":true}]}}