{"id":7953,"date":"2024-12-05T22:38:15","date_gmt":"2024-12-05T14:38:15","guid":{"rendered":"https:\/\/esim.balieasy.com\/social-media-policy\/"},"modified":"2025-08-01T14:51:11","modified_gmt":"2025-08-01T06:51:11","slug":"richtlinie-fuer-soziale-medien","status":"publish","type":"page","link":"https:\/\/esim.balieasy.com\/de\/richtlinie-fuer-soziale-medien\/","title":{"rendered":"Richtlinie f\u00fcr soziale Medien"},"content":{"rendered":"\r\n<p>Bei BaliEasy setzen wir uns daf\u00fcr ein, dass unsere Social-Media-Plattformen ein respektvoller und konstruktiver Raum f\u00fcr alle Nutzer bleiben. Wir sch\u00e4tzen offene Kommunikation, erwarten jedoch ein verantwortungsbewusstes und h\u00f6fliches Miteinander.<\/p>\r\n\r\n\r\n\r\n<h2 class=\"wp-block-heading\">Community-Richtlinien<\/h2>\r\n\r\n\r\n\r\n<h3 class=\"wp-block-heading\">Respekt f\u00fcr alle<\/h3>\r\n\r\n\r\n\r\n<p>Beleidigende Sprache, Bel\u00e4stigung oder unangemessenes Verhalten gegen\u00fcber anderen Nutzern oder BaliEasy-Mitarbeitern werden nicht toleriert und k\u00f6nnen zur Entfernung von Inhalten oder zur Sperrung des Nutzers f\u00fchren.<\/p>\r\n\r\n\r\n\r\n<h3 class=\"wp-block-heading\">Verbotene Inhalte<\/h3>\r\n<p>Posten oder verlinken Sie keine Inhalte, die illegal, unanst\u00e4ndig, verleumderisch, irref\u00fchrend oder t\u00e4uschend sind. \u00dcberpr\u00fcfen Sie Fakten und Quellen stets, bevor Sie Inhalte teilen.<\/p>\r\n<h3>Vertraulichkeit<\/h3>\r\n<p>Kundendaten d\u00fcrfen unter keinen Umst\u00e4nden online geteilt oder diskutiert werden.<\/p>\r\n\r\n\r\n\r\n<h2 class=\"wp-block-heading\">Inhaltsverwaltung<\/h2>\r\n\r\n\r\n\r\n<ul class=\"wp-block-list\">\r\n<li>Wir \u00fcberwachen unsere Social-Media-Kan\u00e4le aktiv und stellen sicher, dass alle Beitr\u00e4ge den Urheberrechts- und Zitiergesetzen entsprechen.<\/li>\r\n<li>BaliEasy beh\u00e4lt sich das Recht vor, irref\u00fchrende oder unangemessene Inhalte auf unseren Plattformen zu bearbeiten oder zu entfernen.<\/li>\r\n<\/ul>\r\n\r\n\r\n\r\n<h2 class=\"wp-block-heading\">Sicherheitspraktiken<\/h2>\r\n<p class=\"wp-block-heading\">Nutzen Sie starke Sicherheitsma\u00dfnahmen wie verschl\u00fcsselte Kommunikation beim Interagieren auf unseren Social-Media-Seiten. Wenn Sie verd\u00e4chtige Inhalte bemerken, schlie\u00dfen Sie Ihren Browser und vermeiden Sie jegliche Interaktion.<\/p>\r\n<h2 class=\"wp-block-heading\">Feedback und konstruktive Kritik<\/h2>\r\n<p class=\"wp-block-heading\">Wir freuen uns \u00fcber R\u00fcckmeldungen zu Ihren Erfahrungen mit BaliEasy, sofern diese respektvoll und konstruktiv ge\u00e4u\u00dfert werden. Ihr Feedback hilft uns, besser zu werden!<\/p>\r\n<p class=\"wp-block-heading\">Vielen Dank, dass Sie Teil unserer Community sind und uns dabei helfen, ein positives und respektvolles Online-Umfeld aufrechtzuerhalten.<\/p>\r\n","protected":false},"excerpt":{"rendered":"<p>Bei BaliEasy setzen wir uns daf\u00fcr ein, dass unsere Social-Media-Plattformen ein respektvoller und konstruktiver Raum f\u00fcr alle Nutzer bleiben. Wir sch\u00e4tzen offene Kommunikation, erwarten jedoch ein verantwortungsbewusstes und h\u00f6fliches Miteinander. Community-Richtlinien Respekt f\u00fcr alle Beleidigende Sprache, Bel\u00e4stigung oder unangemessenes Verhalten gegen\u00fcber anderen Nutzern oder BaliEasy-Mitarbeitern werden nicht toleriert und k\u00f6nnen zur Entfernung von Inhalten oder [&hellip;]<\/p>\n","protected":false},"author":1,"featured_media":0,"parent":0,"menu_order":0,"comment_status":"closed","ping_status":"closed","template":"","meta":{"_acf_changed":false,"footnotes":""},"class_list":["post-7953","page","type-page","status-publish","hentry"],"acf":[],"_links":{"self":[{"href":"https:\/\/esim.balieasy.com\/de\/wp-json\/wp\/v2\/pages\/7953","targetHints":{"allow":["GET"]}}],"collection":[{"href":"https:\/\/esim.balieasy.com\/de\/wp-json\/wp\/v2\/pages"}],"about":[{"href":"https:\/\/esim.balieasy.com\/de\/wp-json\/wp\/v2\/types\/page"}],"author":[{"embeddable":true,"href":"https:\/\/esim.balieasy.com\/de\/wp-json\/wp\/v2\/users\/1"}],"replies":[{"embeddable":true,"href":"https:\/\/esim.balieasy.com\/de\/wp-json\/wp\/v2\/comments?post=7953"}],"version-history":[{"count":3,"href":"https:\/\/esim.balieasy.com\/de\/wp-json\/wp\/v2\/pages\/7953\/revisions"}],"predecessor-version":[{"id":7956,"href":"https:\/\/esim.balieasy.com\/de\/wp-json\/wp\/v2\/pages\/7953\/revisions\/7956"}],"wp:attachment":[{"href":"https:\/\/esim.balieasy.com\/de\/wp-json\/wp\/v2\/media?parent=7953"}],"curies":[{"name":"wp","href":"https:\/\/api.w.org\/{rel}","templated":true}]}}