{"id":7677,"date":"2025-02-09T00:54:30","date_gmt":"2025-02-08T16:54:30","guid":{"rendered":"https:\/\/esim.balieasy.com\/lowest-price-guarantee\/"},"modified":"2025-07-28T17:02:31","modified_gmt":"2025-07-28T09:02:31","slug":"niedrigpreisgarantie","status":"publish","type":"page","link":"https:\/\/esim.balieasy.com\/de\/niedrigpreisgarantie\/","title":{"rendered":"BaliEasy eSIM Niedrigpreisgarantie"},"content":{"rendered":"\t\t<div data-elementor-type=\"wp-page\" data-elementor-id=\"7677\" class=\"elementor elementor-7677\" data-elementor-post-type=\"page\">\n\t\t\t\t<div class=\"elementor-element elementor-element-446b967 e-flex e-con-boxed e-con e-parent\" data-id=\"446b967\" data-element_type=\"container\" data-e-type=\"container\">\n\t\t\t\t\t<div class=\"e-con-inner\">\n\t\t\t\t<div class=\"elementor-element elementor-element-1fdc901 elementor-widget elementor-widget-heading\" data-id=\"1fdc901\" data-element_type=\"widget\" data-e-type=\"widget\" data-widget_type=\"heading.default\">\n\t\t\t\t<div class=\"elementor-widget-container\">\n\t\t\t\t\t<h2 class=\"elementor-heading-title elementor-size-default\">BaliEasy eSIM Niedrigpreisgarantie<\/h2>\t\t\t\t<\/div>\n\t\t\t\t<\/div>\n\t\t\t\t\t<\/div>\n\t\t\t\t<\/div>\n\t\t<div class=\"elementor-element elementor-element-2fb93ac e-flex e-con-boxed e-con e-parent\" data-id=\"2fb93ac\" data-element_type=\"container\" data-e-type=\"container\">\n\t\t\t\t\t<div class=\"e-con-inner\">\n\t\t\t\t<div class=\"elementor-element elementor-element-5ec2777b elementor-widget elementor-widget-text-editor\" data-id=\"5ec2777b\" data-element_type=\"widget\" data-e-type=\"widget\" data-widget_type=\"text-editor.default\">\n\t\t\t\t<div class=\"elementor-widget-container\">\n\t\t\t\t\t\t\t\t\t<p>Wir garantieren den niedrigsten Preis f\u00fcr alle BaliEasy eSIM-Tarife (ausgenommen Datenaufladungen). Wenn Sie innerhalb von 48 Stunden nach Ihrem Kauf denselben eSIM-Tarif online zu einem g\u00fcnstigeren Preis finden, erstatten wir Ihnen die Differenz.<\/p><h2>So funktioniert es<\/h2><p>1. Sammeln Sie Ihre Informationen<\/p><ul><li>Ihre BaliEasy-Bestellnummer<\/li><li>Nachweis des g\u00fcnstigeren Preises (Screenshot oder Link), der Folgendes zeigt:<br \/>&#8211; Gleiches Datenpaket<br \/>&#8211; Gleicher G\u00fcltigkeitszeitraum<br \/>&#8211; Gleiche Netzabdeckung (Telkomsel)<\/li><\/ul><p>\u00a0<\/p><p>2. Senden Sie uns die Informationen<\/p><ul><li>Email: esim@balieasy.com<\/li><li>Betreffzeile:<br \/>Lowest Price Guarantee Request \u2013 [Ihre Bestellnummer]<br \/>(Beispiel: Lowest Price Guarantee Request \u2013 #BE12345)<\/li><li>Bitte geben Sie an:<br \/>&#8211; Ihren vollst\u00e4ndigen Namen<br \/>&#8211; Die Bestellnummer<br \/>&#8211; Den Nachweis des g\u00fcnstigeren Preises (Screenshot oder Link)<br \/>&#8211; Kaufdatum<\/li><\/ul><p>\u00a0<\/p><p>3. \u00dcberpr\u00fcfungsprozess<\/p><ul><li>Wir pr\u00fcfen Ihre Einsendung und verifizieren die Angaben innerhalb von 3 Werktagen.<\/li><\/ul><p>4. Erstattung erhalten<\/p><ul><li>Wenn alle Angaben korrekt sind, erstatten wir die Differenz direkt auf Ihre urspr\u00fcngliche Zahlungsmethode.<\/li><\/ul><h2>Allgemeine Gesch\u00e4ftsbedingungen<\/h2><ol><li>Die Niedrigstpreisgarantie gilt f\u00fcr alle BaliEasy eSIM-Tarife, mit Ausnahme von Datenaufladungen, die direkt \u00fcber balieasy.com gekauft wurden.<\/li><li>Der g\u00fcnstigere Preis muss f\u00fcr exakt denselben eSIM-Tarif gelten (gleiche Datenmenge, gleicher G\u00fcltigkeitszeitraum und gleiche Netzabdeckung).<\/li><li>Preisvergleiche m\u00fcssen in derselben W\u00e4hrung erfolgen (USD).<\/li><li>Diese Garantie gilt nicht f\u00fcr:<ul><li>Rabattpreise durch Gutscheine, Promo-Codes, Treuepunkte oder Bundle-Angebote<\/li><li>Angebote, die auf Mitgliedschaften basieren (z.\u202fB. Firmentarife, Gruppenangebote)<\/li><li>Blitzverk\u00e4ufe, zeitlich begrenzte Angebote, Tagesangebote oder Datenaufladungsprodukte<\/li><\/ul><\/li><li>Der g\u00fcnstigere Preis muss innerhalb von 48 Stunden nach dem Kauf gefunden werden.<\/li><li>BaliEasy beh\u00e4lt sich das Recht vor, alle Angaben zu \u00fcberpr\u00fcfen. Alle Entscheidungen \u00fcber R\u00fcckerstattungen sind endg\u00fcltig und liegen im alleinigen Ermessen von BaliEasy.<\/li><\/ol>\t\t\t\t\t\t\t\t<\/div>\n\t\t\t\t<\/div>\n\t\t\t\t\t<\/div>\n\t\t\t\t<\/div>\n\t\t\t\t<\/div>\n\t\t","protected":false},"excerpt":{"rendered":"<p>BaliEasy eSIM Niedrigpreisgarantie Wir garantieren den niedrigsten Preis f\u00fcr alle BaliEasy eSIM-Tarife (ausgenommen Datenaufladungen). Wenn Sie innerhalb von 48 Stunden nach Ihrem Kauf denselben eSIM-Tarif online zu einem g\u00fcnstigeren Preis finden, erstatten wir Ihnen die Differenz. So funktioniert es 1. Sammeln Sie Ihre Informationen Ihre BaliEasy-Bestellnummer Nachweis des g\u00fcnstigeren Preises (Screenshot oder Link), der Folgendes [&hellip;]<\/p>\n","protected":false},"author":1,"featured_media":0,"parent":0,"menu_order":0,"comment_status":"closed","ping_status":"closed","template":"","meta":{"_acf_changed":false,"footnotes":""},"class_list":["post-7677","page","type-page","status-publish","hentry"],"acf":[],"_links":{"self":[{"href":"https:\/\/esim.balieasy.com\/de\/wp-json\/wp\/v2\/pages\/7677","targetHints":{"allow":["GET"]}}],"collection":[{"href":"https:\/\/esim.balieasy.com\/de\/wp-json\/wp\/v2\/pages"}],"about":[{"href":"https:\/\/esim.balieasy.com\/de\/wp-json\/wp\/v2\/types\/page"}],"author":[{"embeddable":true,"href":"https:\/\/esim.balieasy.com\/de\/wp-json\/wp\/v2\/users\/1"}],"replies":[{"embeddable":true,"href":"https:\/\/esim.balieasy.com\/de\/wp-json\/wp\/v2\/comments?post=7677"}],"version-history":[{"count":8,"href":"https:\/\/esim.balieasy.com\/de\/wp-json\/wp\/v2\/pages\/7677\/revisions"}],"predecessor-version":[{"id":7687,"href":"https:\/\/esim.balieasy.com\/de\/wp-json\/wp\/v2\/pages\/7677\/revisions\/7687"}],"wp:attachment":[{"href":"https:\/\/esim.balieasy.com\/de\/wp-json\/wp\/v2\/media?parent=7677"}],"curies":[{"name":"wp","href":"https:\/\/api.w.org\/{rel}","templated":true}]}}