{"id":25832,"date":"2025-06-14T12:36:01","date_gmt":"2025-06-14T04:36:01","guid":{"rendered":"https:\/\/esim.balieasy.com\/product\/indonesia-esim-by-airalo\/"},"modified":"2026-03-27T11:50:29","modified_gmt":"2026-03-27T03:50:29","slug":"indonesia-esim-od-airalo","status":"publish","type":"product","link":"https:\/\/esim.balieasy.com\/cs\/product\/indonesia-esim-od-airalo\/","title":{"rendered":"1 GB a\u017e neomezen\u00e1 data (7 a\u017e 30 dn\u00ed) \u2013 indon\u00e9sk\u00e1 eSIM od Airalo"},"content":{"rendered":"<p><strong>Kompatibiln\u00ed pouze s iPhony (iOS)<\/strong><\/p>\n<ul>\n<li>Oper\u00e1tor: 3 (Three) nebo Indosat<\/li>\n<li>S\u00ed\u0165: 4G\/5G<\/li>\n<li>Data: Od 1 GB do neomezen\u00e9ho objemu. U neomezen\u00fdch tarif\u016f se rychlost po denn\u00edm vyu\u017eit\u00ed 3 GB sn\u00ed\u017e\u00ed na 1 Mbps.<\/li>\n<li>Pokryt\u00ed: Cel\u00e1 Indon\u00e9sie (v\u010detn\u011b Bali, Nusa Penida, ostrov\u016f Gili, Raja Ampat, Labuan Bajo atd.)<\/li>\n<li>Platnost: 7 a\u017e 30 dn\u00ed (za\u010d\u00edn\u00e1 po aktivaci)<\/li>\n<li>eKYC (OV\u011a\u0158EN\u00cd TO\u017dNOSTI): Nen\u00ed vy\u017eadov\u00e1no<\/li>\n<li>Hotspot: K dispozici<\/li>\n<li>Dob\u00edjen\u00ed: Nen\u00ed k dispozici<\/li>\n<li>Hovory a SMS: Nen\u00ed k dispozici<\/li>\n<li>Telefonn\u00ed \u010d\u00edslo: Nen\u00ed k dispozici<\/li>\n<li>Aktivace: Online! Nen\u00ed t\u0159eba nav\u0161t\u00edvit kamenn\u00fd obchod nebo prodejce<\/li>\n<li>eSIM karty mus\u00ed b\u00fdt aktivov\u00e1ny do 3 m\u011bs\u00edc\u016f od zakoupen\u00ed. Nepou\u017eit\u00e9 eSIM karty po uplynut\u00ed t\u00e9to lh\u016fty vypr\u0161\u00ed a bude nutn\u00e9 objednat nov\u00e9. <a href=\"https:\/\/esim.balieasy.com\/cs\/obchodni-podminky\/\">Viz smluvn\u00ed podm\u00ednky<\/a>.<\/li>\n<\/ul>\n<p><em><strong>Tuto eSIM poskytuje spole\u010dnost <img decoding=\"async\" style=\"height: 18px; vertical-align: middle;\" src=\"https:\/\/esim.balieasy.com\/wp-content\/uploads\/2025\/06\/Airalo_logo.webp\" alt=\"airalo\" \/>.<\/strong><\/em><\/p>\n","protected":false},"excerpt":{"rendered":"<p><strong>Kompatibiln\u00ed pouze s iPhony (iOS)<\/strong><\/p>\n<ul>\n<li>Oper\u00e1tor: 3 (Three) nebo Indosat<\/li>\n<li>S\u00ed\u0165: 4G\/5G<\/li>\n<li>Data: Od 1 GB do neomezen\u00e9ho objemu. U neomezen\u00fdch tarif\u016f se rychlost po denn\u00edm vyu\u017eit\u00ed 3 GB sn\u00ed\u017e\u00ed na 1 Mbps.<\/li>\n<li>Pokryt\u00ed: Cel\u00e1 Indon\u00e9sie (v\u010detn\u011b Bali, Nusa Penida, ostrov\u016f Gili, Raja Ampat, Labuan Bajo atd.)<\/li>\n<li>Platnost: 7 a\u017e 30 dn\u00ed (za\u010d\u00edn\u00e1 po aktivaci)<\/li>\n<li>eKYC (OV\u011a\u0158EN\u00cd TO\u017dNOSTI): Nen\u00ed vy\u017eadov\u00e1no<\/li>\n<li>Hotspot: K dispozici<\/li>\n<li>Dob\u00edjen\u00ed: Nen\u00ed k dispozici<\/li>\n<li>Hovory a SMS: Nen\u00ed k dispozici<\/li>\n<li>Telefonn\u00ed \u010d\u00edslo: Nen\u00ed k dispozici<\/li>\n<li>Aktivace: Online! Nen\u00ed t\u0159eba nav\u0161t\u00edvit kamenn\u00fd obchod nebo prodejce<\/li>\n<li>eSIM karty mus\u00ed b\u00fdt aktivov\u00e1ny do 3 m\u011bs\u00edc\u016f od zakoupen\u00ed. Nepou\u017eit\u00e9 eSIM karty po uplynut\u00ed t\u00e9to lh\u016fty vypr\u0161\u00ed a bude nutn\u00e9 objednat nov\u00e9. <a href=\"https:\/\/esim.balieasy.com\/cs\/obchodni-podminky\/\">Viz smluvn\u00ed podm\u00ednky<\/a>.<\/li>\n<\/ul>\n<p><em><strong>Tuto eSIM poskytuje spole\u010dnost <img decoding=\"async\" style=\"height: 18px; vertical-align: middle;\" src=\"https:\/\/esim.balieasy.com\/wp-content\/uploads\/2025\/06\/Airalo_logo.webp\" alt=\"airalo\" \/>.<\/strong><\/em><\/p>\n","protected":false},"featured_media":25833,"comment_status":"open","ping_status":"closed","template":"","meta":{"_acf_changed":false},"product_brand":[],"product_cat":[221],"product_tag":[],"class_list":{"0":"post-25832","1":"product","2":"type-product","3":"status-publish","4":"has-post-thumbnail","6":"product_cat-airalo-indonesia-esim-cs","8":"first","9":"outofstock","10":"shipping-taxable","11":"product-type-variable"},"acf":[],"_links":{"self":[{"href":"https:\/\/esim.balieasy.com\/cs\/wp-json\/wp\/v2\/product\/25832","targetHints":{"allow":["GET"]}}],"collection":[{"href":"https:\/\/esim.balieasy.com\/cs\/wp-json\/wp\/v2\/product"}],"about":[{"href":"https:\/\/esim.balieasy.com\/cs\/wp-json\/wp\/v2\/types\/product"}],"replies":[{"embeddable":true,"href":"https:\/\/esim.balieasy.com\/cs\/wp-json\/wp\/v2\/comments?post=25832"}],"wp:featuredmedia":[{"embeddable":true,"href":"https:\/\/esim.balieasy.com\/cs\/wp-json\/wp\/v2\/media\/25833"}],"wp:attachment":[{"href":"https:\/\/esim.balieasy.com\/cs\/wp-json\/wp\/v2\/media?parent=25832"}],"wp:term":[{"taxonomy":"product_brand","embeddable":true,"href":"https:\/\/esim.balieasy.com\/cs\/wp-json\/wp\/v2\/product_brand?post=25832"},{"taxonomy":"product_cat","embeddable":true,"href":"https:\/\/esim.balieasy.com\/cs\/wp-json\/wp\/v2\/product_cat?post=25832"},{"taxonomy":"product_tag","embeddable":true,"href":"https:\/\/esim.balieasy.com\/cs\/wp-json\/wp\/v2\/product_tag?post=25832"}],"curies":[{"name":"wp","href":"https:\/\/api.w.org\/{rel}","templated":true}]}}