{"id":25827,"date":"2025-06-10T01:46:44","date_gmt":"2025-06-09T17:46:44","guid":{"rendered":"https:\/\/esim.balieasy.com\/product\/bali-esim-tourist-45gb-30-days\/"},"modified":"2026-05-11T21:44:17","modified_gmt":"2026-05-11T13:44:17","slug":"bali-esim-turista-45gb-30-dni","status":"publish","type":"product","link":"https:\/\/esim.balieasy.com\/cs\/product\/bali-esim-turista-45gb-30-dni\/","title":{"rendered":"Bali eSIM pro turisty \u2013 45 GB (30 dn\u00ed)"},"content":{"rendered":"<ul>\n<li>Poskytovatel: Telkomsel<\/li>\n<li>S\u00ed\u0165: 4G\/5G<\/li>\n<li>Data: 45 GB vysokorychlostn\u00edho p\u0159ipojen\u00ed (42 GB v oblasti Bali \u2013 Lombok + 3 GB po cel\u00e9 Indon\u00e9sii).<br \/>\n<strong><a href=\"https:\/\/esim.balieasy.com\/cs\/\">Zobrazit v\u0161echny dostupn\u00e9 datov\u00e9 tarify pro Telkomsel SIMPATI Bali eSIM pro turisty<\/a><\/strong><strong><a href=\"https:\/\/esim.balieasy.com\/cs\/\"> \u2192<\/a><\/strong><\/li>\n<li>Pokryt\u00ed: \u010c\u00e1st dat pro celou Indon\u00e9sii a v\u0161echny oblasti Bali, v\u010detn\u011b ostrov\u016f Nusa, Lombok a ostrov\u016f Gili (Trawangan, Meno a Air).<\/li>\n<li>Platnost: 30 dn\u00ed (za\u010d\u00edn\u00e1 po aktivaci)<\/li>\n<li>Hotspot: K dispozici<\/li>\n<li>Dob\u00edjen\u00ed: K dispozici<\/li>\n<li>Hovory a SMS: K dispozici<\/li>\n<li>Telefonn\u00ed \u010d\u00edslo: Obdr\u017e\u00edte telefonn\u00ed \u010d\u00edslo s p\u0159edvolbou +62<\/li>\n<li>Aktivace: Online! Nen\u00ed t\u0159eba nav\u0161t\u011bvovat kamenn\u00fd obchod nebo prodejce<\/li>\n<li>eSIM zakoupen\u00e9 od <strong>1. b\u0159ezna 2025<\/strong> mus\u00ed b\u00fdt aktivov\u00e1ny do 3 m\u011bs\u00edc\u016f od zakoupen\u00ed. Nevyu\u017eit\u00e9 eSIM po uplynut\u00ed t\u00e9to lh\u016fty vypr\u0161\u00ed a bude nutn\u00e9 prov\u00e9st novou objedn\u00e1vku. <a href=\"https:\/\/esim.balieasy.com\/cs\/obchodni-podminky\/\" target=\"_blank\" rel=\"noopener\">Viz smluvn\u00ed podm\u00ednky<\/a>.<\/li>\n<\/ul>\n<p>Telkomsel je ide\u00e1ln\u00ed volbou pro cestovatele, kte\u0159\u00ed hledaj\u00ed plynul\u00e9 p\u0159ipojen\u00ed na Bali a na ostrovech Gili. Nab\u00edz\u00ed vysokorychlostn\u00ed s\u00edt\u011b 4G\/5G a spolehliv\u00e9 pokryt\u00ed.<\/p>\n<p>Jeho sign\u00e1l pokr\u00fdv\u00e1 v\u0161echny oblasti Bali a ostrov\u016f Gili, od obl\u00edben\u00fdch m\u00edst a\u017e po odlehlej\u0161\u00ed lokality, tak\u017ee z\u016fstanete p\u0159ipojeni, a\u0165 u\u017e se vyd\u00e1te kamkoli.<\/p>\n<p><em><strong>eSIM BaliEasy je autorizovan\u00fd online prodejce Telkomsel.<\/strong><\/em><\/p>\n","protected":false},"excerpt":{"rendered":"<ul>\n<li>Poskytovatel: Telkomsel<\/li>\n<li>S\u00ed\u0165: 4G\/5G<\/li>\n<li>Data: 45 GB vysokorychlostn\u00edho p\u0159ipojen\u00ed (42 GB v oblasti Bali \u2013 Lombok + 3 GB po cel\u00e9 Indon\u00e9sii).<br \/>\n<strong><a href=\"https:\/\/esim.balieasy.com\/cs\/\">Zobrazit v\u0161echny dostupn\u00e9 datov\u00e9 tarify pro Telkomsel SIMPATI Bali eSIM pro turisty<\/a><\/strong><strong><a href=\"https:\/\/esim.balieasy.com\/cs\/\"> \u2192<\/a><\/strong><\/li>\n<li>Pokryt\u00ed: \u010c\u00e1st dat pro celou Indon\u00e9sii a v\u0161echny oblasti Bali, v\u010detn\u011b ostrov\u016f Nusa, Lombok a ostrov\u016f Gili (Trawangan, Meno a Air).<\/li>\n<li>Platnost: 30 dn\u00ed (za\u010d\u00edn\u00e1 po aktivaci)<\/li>\n<li>Hotspot: K dispozici<\/li>\n<li>Dob\u00edjen\u00ed: K dispozici<\/li>\n<li>Hovory a SMS: K dispozici<\/li>\n<li>Hovory a SMS: K dispozici (25 minut vol\u00e1n\u00ed zdarma na v\u0161echny oper\u00e1tory v Indon\u00e9sii)<\/li>\n<li>Telefonn\u00ed \u010d\u00edslo: Obdr\u017e\u00edte telefonn\u00ed \u010d\u00edslo s p\u0159edvolbou +62<\/li>\n<li>Aktivace: Online! Nen\u00ed t\u0159eba nav\u0161t\u011bvovat kamenn\u00fd obchod nebo prodejce<\/li>\n<li>eSIM zakoupen\u00e9 od <strong>1. b\u0159ezna 2025<\/strong> mus\u00ed b\u00fdt aktivov\u00e1ny do 3 m\u011bs\u00edc\u016f od zakoupen\u00ed. Nevyu\u017eit\u00e9 eSIM po uplynut\u00ed t\u00e9to lh\u016fty vypr\u0161\u00ed a bude nutn\u00e9 prov\u00e9st novou objedn\u00e1vku. <a href=\"https:\/\/esim.balieasy.com\/cs\/obchodni-podminky\/\" target=\"_blank\" rel=\"noopener\">Viz smluvn\u00ed podm\u00ednky<\/a>.<\/li>\n<\/ul>\n<p>Telkomsel je ide\u00e1ln\u00ed volbou pro cestovatele, kte\u0159\u00ed hledaj\u00ed plynul\u00e9 p\u0159ipojen\u00ed na Bali a na ostrovech Gili. Nab\u00edz\u00ed vysokorychlostn\u00ed s\u00edt\u011b 4G\/5G a spolehliv\u00e9 pokryt\u00ed.<\/p>\n<p>Jeho sign\u00e1l pokr\u00fdv\u00e1 v\u0161echny oblasti Bali a ostrov\u016f Gili, od obl\u00edben\u00fdch m\u00edst a\u017e po odlehlej\u0161\u00ed lokality, tak\u017ee z\u016fstanete p\u0159ipojeni, a\u0165 u\u017e se vyd\u00e1te kamkoli.<\/p>\n<p><em><strong>eSIM BaliEasy je autorizovan\u00fd online prodejce Telkomsel.<\/strong><\/em><\/p>\n","protected":false},"featured_media":25828,"comment_status":"open","ping_status":"closed","template":"","meta":{"_acf_changed":false},"product_brand":[],"product_cat":[212],"product_tag":[],"class_list":{"0":"post-25827","1":"product","2":"type-product","3":"status-publish","4":"has-post-thumbnail","6":"product_cat-bali-esim-cs","8":"first","9":"instock","10":"sale","11":"virtual","12":"purchasable","13":"product-type-simple"},"acf":[],"_links":{"self":[{"href":"https:\/\/esim.balieasy.com\/cs\/wp-json\/wp\/v2\/product\/25827","targetHints":{"allow":["GET"]}}],"collection":[{"href":"https:\/\/esim.balieasy.com\/cs\/wp-json\/wp\/v2\/product"}],"about":[{"href":"https:\/\/esim.balieasy.com\/cs\/wp-json\/wp\/v2\/types\/product"}],"replies":[{"embeddable":true,"href":"https:\/\/esim.balieasy.com\/cs\/wp-json\/wp\/v2\/comments?post=25827"}],"wp:featuredmedia":[{"embeddable":true,"href":"https:\/\/esim.balieasy.com\/cs\/wp-json\/wp\/v2\/media\/25828"}],"wp:attachment":[{"href":"https:\/\/esim.balieasy.com\/cs\/wp-json\/wp\/v2\/media?parent=25827"}],"wp:term":[{"taxonomy":"product_brand","embeddable":true,"href":"https:\/\/esim.balieasy.com\/cs\/wp-json\/wp\/v2\/product_brand?post=25827"},{"taxonomy":"product_cat","embeddable":true,"href":"https:\/\/esim.balieasy.com\/cs\/wp-json\/wp\/v2\/product_cat?post=25827"},{"taxonomy":"product_tag","embeddable":true,"href":"https:\/\/esim.balieasy.com\/cs\/wp-json\/wp\/v2\/product_tag?post=25827"}],"curies":[{"name":"wp","href":"https:\/\/api.w.org\/{rel}","templated":true}]}}