{"id":25632,"date":"2025-01-15T00:17:57","date_gmt":"2025-01-14T16:17:57","guid":{"rendered":"https:\/\/esim.balieasy.com\/product\/phone-credits-call-top-up-telkomsel\/"},"modified":"2026-03-25T17:23:26","modified_gmt":"2026-03-25T09:23:26","slug":"dobit-kredit-telkomsel","status":"publish","type":"product","link":"https:\/\/esim.balieasy.com\/cs\/product\/dobit-kredit-telkomsel\/","title":{"rendered":"Dob\u00edt kredit Telkomsel"},"content":{"rendered":"<p>1. Do pole \u201ePozn\u00e1mky k objedn\u00e1vce\u201c v platebn\u00edm formul\u00e1\u0159i zadejte telefonn\u00ed \u010d\u00edslo, na kter\u00e9 chcete kredit dob\u00edt.<br \/>\n2. N\u00e1kupy dob\u00edjen\u00ed kreditu nelze vr\u00e1tit.<br \/>\n3. Ceny za slu\u017eby:<br \/>\n<strong>Vnitrost\u00e1tn\u00ed<\/strong><br \/>\n\u2013 Hovory: 734 IDR\/60 sekund.<br \/>\n\u2013 SMS: 390 IDR za SMS.<br \/>\n\u2013 MMS: 2 100 IDR za MMS (300 KB).<br \/>\n\u2013 Internet: 150 IDR za 20 KB.<br \/>\n<strong>Mezin\u00e1rodn\u00ed<\/strong><br \/>\n\u2013 Hovory: Od 4 500 IDR\/60 sekund.<br \/>\n4. Kredit lze pou\u017e\u00edt na hovory, SMS, MMS a p\u0159\u00edstup k internetu.<br \/>\n5. Z\u016fstatek kreditu se po \u00fasp\u011b\u0161n\u00e9m dobit\u00ed automaticky aktualizuje.<\/p>\n","protected":false},"excerpt":{"rendered":"<p>1. Do pole \u201ePozn\u00e1mky k objedn\u00e1vce\u201c v platebn\u00edm formul\u00e1\u0159i zadejte telefonn\u00ed \u010d\u00edslo, na kter\u00e9 chcete kredit dob\u00edt.<br \/>\n2. N\u00e1kupy dob\u00edjen\u00ed kreditu nelze vr\u00e1tit.<br \/>\n3. Ceny za slu\u017eby:<br \/>\n<strong>Vnitrost\u00e1tn\u00ed<\/strong><br \/>\n\u2013 Hovory: 734 IDR\/60 sekund.<br \/>\n\u2013 SMS: 390 IDR za SMS.<br \/>\n\u2013 MMS: 2 100 IDR za MMS (300 KB).<br \/>\n\u2013 Internet: 150 IDR za 20 KB.<br \/>\n<strong>Mezin\u00e1rodn\u00ed<\/strong><br \/>\n\u2013 Hovory: Od 4 500 IDR\/60 sekund.<br \/>\n4. Kredit lze pou\u017e\u00edt na hovory, SMS, MMS a p\u0159\u00edstup k internetu.<br \/>\n5. Z\u016fstatek kreditu se po \u00fasp\u011b\u0161n\u00e9m dobit\u00ed automaticky aktualizuje.<\/p>\n","protected":false},"featured_media":25633,"comment_status":"open","ping_status":"closed","template":"","meta":{"_acf_changed":false},"product_brand":[],"product_cat":[209],"product_tag":[],"class_list":{"0":"post-25632","1":"product","2":"type-product","3":"status-publish","4":"has-post-thumbnail","6":"product_cat-credits-cs","8":"first","9":"instock","10":"shipping-taxable","11":"purchasable","12":"product-type-variable"},"acf":[],"_links":{"self":[{"href":"https:\/\/esim.balieasy.com\/cs\/wp-json\/wp\/v2\/product\/25632","targetHints":{"allow":["GET"]}}],"collection":[{"href":"https:\/\/esim.balieasy.com\/cs\/wp-json\/wp\/v2\/product"}],"about":[{"href":"https:\/\/esim.balieasy.com\/cs\/wp-json\/wp\/v2\/types\/product"}],"replies":[{"embeddable":true,"href":"https:\/\/esim.balieasy.com\/cs\/wp-json\/wp\/v2\/comments?post=25632"}],"wp:featuredmedia":[{"embeddable":true,"href":"https:\/\/esim.balieasy.com\/cs\/wp-json\/wp\/v2\/media\/25633"}],"wp:attachment":[{"href":"https:\/\/esim.balieasy.com\/cs\/wp-json\/wp\/v2\/media?parent=25632"}],"wp:term":[{"taxonomy":"product_brand","embeddable":true,"href":"https:\/\/esim.balieasy.com\/cs\/wp-json\/wp\/v2\/product_brand?post=25632"},{"taxonomy":"product_cat","embeddable":true,"href":"https:\/\/esim.balieasy.com\/cs\/wp-json\/wp\/v2\/product_cat?post=25632"},{"taxonomy":"product_tag","embeddable":true,"href":"https:\/\/esim.balieasy.com\/cs\/wp-json\/wp\/v2\/product_tag?post=25632"}],"curies":[{"name":"wp","href":"https:\/\/api.w.org\/{rel}","templated":true}]}}