{"id":25619,"date":"2025-01-07T22:31:45","date_gmt":"2025-01-07T14:31:45","guid":{"rendered":"https:\/\/esim.balieasy.com\/product\/gift-card\/"},"modified":"2026-03-25T15:07:57","modified_gmt":"2026-03-25T07:07:57","slug":"darkova-karta","status":"publish","type":"product","link":"https:\/\/esim.balieasy.com\/cs\/product\/darkova-karta\/","title":{"rendered":"D\u00e1rkov\u00e1 Karta"},"content":{"rendered":"","protected":false},"excerpt":{"rendered":"<p class=\"p1\">Darujte pohodl\u00ed v podob\u011b elektronick\u00e9 d\u00e1rkov\u00e9 karty BaliEasy. Je to nejjednodu\u0161\u0161\u00ed zp\u016fsob, jak pomoci p\u0159\u00e1tel\u016fm a rodin\u011b z\u016fstat v kontaktu b\u011bhem pobytu na Bali.<\/p>\n<p class=\"p1\"><strong>Pro\u010d je tato d\u00e1rkov\u00e1 karta skv\u011bl\u00e1:<\/strong><\/p>\n<ul>\n<li class=\"p1\"><strong>Zvolte \u010d\u00e1stku:<\/strong> Vyberte si libovolnou hodnotu od 10 do 50 $.<\/li>\n<li class=\"p1\"><strong>Darujte v\u00edce lidem:<\/strong> Po\u0161lete kartu v\u00edce ne\u017e jedn\u00e9 osob\u011b p\u0159id\u00e1n\u00edm v\u00edce e-mailov\u00fdch adres.<\/li>\n<li class=\"p1\"><strong>Rychl\u00e9 a snadn\u00e9:<\/strong> Doru\u010deno p\u0159\u00edmo do jejich schr\u00e1nky, p\u0159ipraveno k pou\u017eit\u00ed.<\/li>\n<li class=\"p1\"><strong>Ide\u00e1ln\u00ed pro v\u00fdlety na Bali:<\/strong> Lze pou\u017e\u00edt k n\u00e1kupu v\u0161ech eSIM karet BaliEasy.<\/li>\n<li class=\"p1\"><strong>Osobn\u00ed dotek:<\/strong> P\u0159idejte vzkaz, aby byl d\u00e1rek v\u00fdjime\u010dn\u00fd.<\/li>\n<\/ul>\n<p class=\"p1\"><strong>Platnost do:<\/strong> 31. prosince 2025.<\/p>\n<p class=\"p1\">A\u0165 u\u017e jde o udr\u017een\u00ed kontaktu nebo vyu\u017eit\u00ed m\u00edstn\u00edch slu\u017eeb, tato d\u00e1rkov\u00e1 karta d\u011bl\u00e1 cestov\u00e1n\u00ed po Bali jednoduch\u00fdm a bezstarostn\u00fdm. Skv\u011bl\u00e1 pro ka\u017edou p\u0159\u00edle\u017eitost.<\/p>\n","protected":false},"featured_media":25621,"comment_status":"open","ping_status":"closed","template":"","meta":{"_acf_changed":false},"product_brand":[],"product_cat":[208],"product_tag":[],"class_list":{"0":"post-25619","1":"product","2":"type-product","3":"status-publish","4":"has-post-thumbnail","6":"product_cat-e-gift-card-cs","8":"first","9":"instock","10":"product-type-simple"},"acf":[],"_links":{"self":[{"href":"https:\/\/esim.balieasy.com\/cs\/wp-json\/wp\/v2\/product\/25619","targetHints":{"allow":["GET"]}}],"collection":[{"href":"https:\/\/esim.balieasy.com\/cs\/wp-json\/wp\/v2\/product"}],"about":[{"href":"https:\/\/esim.balieasy.com\/cs\/wp-json\/wp\/v2\/types\/product"}],"replies":[{"embeddable":true,"href":"https:\/\/esim.balieasy.com\/cs\/wp-json\/wp\/v2\/comments?post=25619"}],"wp:featuredmedia":[{"embeddable":true,"href":"https:\/\/esim.balieasy.com\/cs\/wp-json\/wp\/v2\/media\/25621"}],"wp:attachment":[{"href":"https:\/\/esim.balieasy.com\/cs\/wp-json\/wp\/v2\/media?parent=25619"}],"wp:term":[{"taxonomy":"product_brand","embeddable":true,"href":"https:\/\/esim.balieasy.com\/cs\/wp-json\/wp\/v2\/product_brand?post=25619"},{"taxonomy":"product_cat","embeddable":true,"href":"https:\/\/esim.balieasy.com\/cs\/wp-json\/wp\/v2\/product_cat?post=25619"},{"taxonomy":"product_tag","embeddable":true,"href":"https:\/\/esim.balieasy.com\/cs\/wp-json\/wp\/v2\/product_tag?post=25619"}],"curies":[{"name":"wp","href":"https:\/\/api.w.org\/{rel}","templated":true}]}}