{"id":26206,"date":"2024-09-16T18:09:27","date_gmt":"2024-09-16T10:09:27","guid":{"rendered":"https:\/\/esim.balieasy.com\/privacy-policy\/"},"modified":"2026-03-30T14:16:10","modified_gmt":"2026-03-30T06:16:10","slug":"zasady-ochrany-osobnich-udaju","status":"publish","type":"page","link":"https:\/\/esim.balieasy.com\/cs\/zasady-ochrany-osobnich-udaju\/","title":{"rendered":"Z\u00e1sady ochrany osobn\u00edch \u00fadaj\u016f"},"content":{"rendered":"\t\t<div data-elementor-type=\"wp-page\" data-elementor-id=\"26206\" class=\"elementor elementor-26206\" data-elementor-post-type=\"page\">\n\t\t\t\t<div class=\"elementor-element elementor-element-1f093f0 e-flex e-con-boxed e-con e-parent\" data-id=\"1f093f0\" data-element_type=\"container\" data-e-type=\"container\">\n\t\t\t\t\t<div class=\"e-con-inner\">\n\t\t\t\t<div class=\"elementor-element elementor-element-b646d8d elementor-widget elementor-widget-heading\" data-id=\"b646d8d\" data-element_type=\"widget\" data-e-type=\"widget\" data-widget_type=\"heading.default\">\n\t\t\t\t<div class=\"elementor-widget-container\">\n\t\t\t\t\t<h2 class=\"elementor-heading-title elementor-size-default\">Z\u00e1sady ochrany osobn\u00edch \u00fadaj\u016f<\/h2>\t\t\t\t<\/div>\n\t\t\t\t<\/div>\n\t\t\t\t\t<\/div>\n\t\t\t\t<\/div>\n\t\t<div class=\"elementor-element elementor-element-5a05be3 e-flex e-con-boxed e-con e-parent\" data-id=\"5a05be3\" data-element_type=\"container\" data-e-type=\"container\">\n\t\t\t\t\t<div class=\"e-con-inner\">\n\t\t\t\t<div class=\"elementor-element elementor-element-7d42c1c8 elementor-widget elementor-widget-text-editor\" data-id=\"7d42c1c8\" data-element_type=\"widget\" data-e-type=\"widget\" data-widget_type=\"text-editor.default\">\n\t\t\t\t<div class=\"elementor-widget-container\">\n\t\t\t\t\t\t\t\t\t<p><em>Posledn\u00ed aktualizace: 10. b\u0159ezna 2026<\/em><\/p><p>Ve spole\u010dnosti <strong>BaliEasy<\/strong> se zavazujeme chr\u00e1nit va\u0161e osobn\u00ed \u00fadaje a zajistit va\u0161e soukrom\u00ed. Tyto z\u00e1sady ochrany osobn\u00edch \u00fadaj\u016f popisuj\u00ed, jak\u00e9 druhy \u00fadaj\u016f shroma\u017e\u010fujeme, jak je pou\u017e\u00edv\u00e1me a sd\u00edl\u00edme, a jak\u00e1 pr\u00e1va m\u00e1te v souvislosti se sv\u00fdmi \u00fadaji. Pou\u017e\u00edv\u00e1n\u00edm na\u0161ich webov\u00fdch str\u00e1nek a slu\u017eeb vyjad\u0159ujete souhlas s postupy popsan\u00fdmi v t\u011bchto z\u00e1sad\u00e1ch.<\/p><h2>\u00dadaje, kter\u00e9 shroma\u017e\u010fujeme<\/h2><p>M\u016f\u017eeme shroma\u017e\u010fovat n\u00e1sleduj\u00edc\u00ed typy osobn\u00edch \u00fadaj\u016f:<\/p><p><strong>1. Osobn\u00ed \u00fadaje, kter\u00e9 n\u00e1m poskytujete:<\/strong><\/p><ul><li>Jm\u00e9no, e-mailov\u00e1 adresa, telefonn\u00ed \u010d\u00edslo a faktura\u010dn\u00ed adresa.<\/li><li>Platebn\u00ed \u00fadaje (zpracov\u00e1van\u00e9 bezpe\u010dn\u011b prost\u0159ednictv\u00edm extern\u00edch platebn\u00edch syst\u00e9m\u016f).<\/li><li>Dokumenty po\u017eadovan\u00e9 pro ov\u011b\u0159en\u00ed toto\u017enosti z\u00e1kazn\u00edka (KYC) p\u0159i aktivaci eSIM karet.<\/li><\/ul><p><strong>2. Automaticky shroma\u017e\u010fovan\u00e9 \u00fadaje:<\/strong><\/p><ul><li>\u00dadaje o za\u0159\u00edzen\u00ed, v\u010detn\u011b IP adresy, typu prohl\u00ed\u017ee\u010de a opera\u010dn\u00edho syst\u00e9mu.<\/li><li>\u00dadaje o pou\u017e\u00edv\u00e1n\u00ed, jako jsou prohl\u00ed\u017een\u00e9 str\u00e1nky, kliknut\u00e9 odkazy a \u010das str\u00e1ven\u00fd na na\u0161ich webov\u00fdch str\u00e1nk\u00e1ch.<\/li><li>\u00dadaje o poloze za \u00fa\u010delem optimalizace slu\u017eeb a poskytov\u00e1n\u00ed konkr\u00e9tn\u00edch tarif\u016f eSIM.<\/li><\/ul><p><strong>3. Soubory cookie a technologie sledov\u00e1n\u00ed:<\/strong><\/p><ul><li>Soubory cookie pou\u017e\u00edv\u00e1me ke zlep\u0161en\u00ed funk\u010dnosti webov\u00fdch str\u00e1nek, vylep\u0161en\u00ed u\u017eivatelsk\u00e9ho z\u00e1\u017eitku a anal\u00fdze n\u00e1v\u0161t\u011bvnosti.<\/li><\/ul><h2>Typy soubor\u016f cookie, kter\u00e9 pou\u017e\u00edv\u00e1me<\/h2><div class=\"cky-audit-table-element\"><h3>Nezbytn\u00e9<\/h3><div class=\"cky-category-des\"><p>Nezbytn\u00e9 soubory cookie jsou vy\u017eadov\u00e1ny pro fungov\u00e1n\u00ed z\u00e1kladn\u00edch funkc\u00ed t\u011bchto str\u00e1nek, jako je nap\u0159\u00edklad zabezpe\u010den\u00e9 p\u0159ihl\u00e1\u0161en\u00ed nebo \u00faprava preferenc\u00ed souhlasu. Tyto soubory cookie neukl\u00e1daj\u00ed \u017e\u00e1dn\u00e9 osobn\u00ed \u00fadaje.<\/p><\/div><div class=\"cky-table-wrapper\"><table class=\"cky-cookie-audit-table\"><thead><tr><th>Cookie<\/th><th>Trv\u00e1n\u00ed<\/th><th>Popis<\/th><\/tr><\/thead><tbody><tr><td>wpEmojiSettingsSupports<\/td><td>zased\u00e1n\u00ed<\/td><td>\u00a0WordPress nastav\u00ed tento soubor cookie, kdy\u017e u\u017eivatel na webu WordPressu interaguje s emotikony. Pom\u00e1h\u00e1 ur\u010dit, zda prohl\u00ed\u017ee\u010d u\u017eivatele dok\u00e1\u017ee emotikony spr\u00e1vn\u011b zobrazit.<\/td><\/tr><tr><td>sc_f<\/td><td>1 rok 1 m\u011bs\u00edc 4 dny<\/td><td>PayPal nastav\u00ed tento soubor cookie, kdy\u017e je webov\u00e1 str\u00e1nka propojena s platebn\u00ed funkc\u00ed PayPal.<\/td><\/tr><tr><td>KHcl0EuY7AKSMgfvHl7J5E7hPtK<\/td><td>1 rok 1 m\u011bs\u00edc 4 dny<\/td><td>PayPal nastavuje tento soubor cookie za \u00fa\u010delem spu\u0161t\u011bn\u00ed n\u00e1kupn\u00edch mo\u017enost\u00ed nab\u00edzen\u00fdch na webov\u00fdch str\u00e1nk\u00e1ch prost\u0159ednictv\u00edm slu\u017eby PayPal.<\/td><\/tr><tr><td>enforce_policy<\/td><td>1 rok<\/td><td>PayPal nastavuje tento soubor cookie pro bezpe\u010dn\u00e9 transakce.<\/td><\/tr><tr><td>x-pp-s<\/td><td>zased\u00e1n\u00ed<\/td><td>PayPal nastavuje tento soubor cookie pro zpracov\u00e1n\u00ed plateb na webu.<\/td><\/tr><tr><td>tsrce<\/td><td>3 dny<\/td><td>PayPal nastavuje tento soubor cookie, aby na webov\u00fdch str\u00e1nk\u00e1ch umo\u017enil platebn\u00ed slu\u017ebu PayPal.<\/td><\/tr><tr><td>ts<\/td><td>1 rok<\/td><td>PayPal nastavuje tento soubor cookie, aby umo\u017enil bezpe\u010dn\u00e9 transakce prost\u0159ednictv\u00edm PayPalu.<\/td><\/tr><tr><td>ts_c<\/td><td>1 rok<\/td><td>PayPal nastavuje tento soubor cookie pro bezpe\u010dn\u00e9 prov\u00e1d\u011bn\u00ed plateb prost\u0159ednictv\u00edm slu\u017eby PayPal.<\/td><\/tr><tr><td>woocommerce_items_in_cart<\/td><td>zased\u00e1n\u00ed<\/td><td>WooCommerce nastav\u00ed tento soubor cookie, aby zaznamen\u00e1val, zda se v n\u00e1kupn\u00edm ko\u0161\u00edku WooCommerce nach\u00e1zej\u00ed n\u011bjak\u00e9 polo\u017eky.<\/td><\/tr><tr><td>woocommerce_cart_hash<\/td><td>zased\u00e1n\u00ed<\/td><td>WooCommerce nastavuje tento soubor cookie k ur\u010den\u00ed, kdy se zm\u011bn\u00ed obsah\/data ko\u0161\u00edku.<\/td><\/tr><tr><td>wp_woocommerce_session_*<\/td><td>2 dny<\/td><td>WooCommerce nastav\u00ed tento soubor cookie, aby pro ka\u017ed\u00e9ho z\u00e1kazn\u00edka vytvo\u0159il jedine\u010dn\u00fd k\u00f3d, kter\u00fd mu umo\u017en\u00ed v\u011bd\u011bt, kde v datab\u00e1zi naj\u00edt data o ko\u0161\u00edku pro ka\u017ed\u00e9ho z nich.<\/td><\/tr><\/tbody><\/table><\/div><h3>Funk\u010dn\u00ed<\/h3><div class=\"cky-category-des\"><p>Funk\u010dn\u00ed soubory cookie pom\u00e1haj\u00ed s prov\u00e1d\u011bn\u00edm ur\u010dit\u00fdch funkc\u00ed, jako je sd\u00edlen\u00ed obsahu webov\u00fdch str\u00e1nek na platform\u00e1ch soci\u00e1ln\u00edch m\u00e9di\u00ed, shroma\u017e\u010fov\u00e1n\u00ed zp\u011btn\u00e9 vazby a dal\u0161\u00ed funkce t\u0159et\u00edch stran.<\/p><\/div><div class=\"cky-table-wrapper\"><table class=\"cky-cookie-audit-table\"><thead><tr><th>Cookie<\/th><th>Duration<\/th><th>Description<\/th><\/tr><\/thead><tbody><tr><td>LANG<\/td><td>9 hodin<\/td><td>LinkedIn nastavil tento soubor cookie k nastaven\u00ed preferovan\u00e9ho jazyka u\u017eivatele.<\/td><\/tr><tr><td>nsid<\/td><td>zased\u00e1n\u00ed<\/td><td>PayPal nastavuje tento soubor cookie, aby na webov\u00fdch str\u00e1nk\u00e1ch umo\u017enil platebn\u00ed slu\u017ebu PayPal.<\/td><\/tr><\/tbody><\/table><\/div><h3>Analytika<\/h3><div class=\"cky-category-des\"><p>Analytick\u00e9 soubory cookie se pou\u017e\u00edvaj\u00ed k pochopen\u00ed toho, jak n\u00e1v\u0161t\u011bvn\u00edci interaguj\u00ed s webov\u00fdmi str\u00e1nkami. Tyto soubory cookie pom\u00e1haj\u00ed poskytovat informace o metrik\u00e1ch, jako je po\u010det n\u00e1v\u0161t\u011bvn\u00edk\u016f, m\u00edra okam\u017eit\u00e9ho opu\u0161t\u011bn\u00ed, zdroj n\u00e1v\u0161t\u011bvnosti atd.<\/p><\/div><div class=\"cky-table-wrapper\"><table class=\"cky-cookie-audit-table\"><thead><tr><th>Cookie<\/th><th>Trv\u00e1n\u00ed<\/th><th>Popis<\/th><\/tr><\/thead><tbody><tr><td>sbjs_migrations<\/td><td>zased\u00e1n\u00ed<\/td><td>Sourcebuster nastavuje tento soubor cookie k identifikaci zdroje n\u00e1v\u0161t\u011bvy a ukl\u00e1d\u00e1 informace o akc\u00edch u\u017eivatel\u016f do soubor\u016f cookie. Tento analytick\u00fd a behavior\u00e1ln\u00ed soubor cookie se pou\u017e\u00edv\u00e1 ke zlep\u0161en\u00ed z\u00e1\u017eitku n\u00e1v\u0161t\u011bvn\u00edk\u016f na webov\u00fdch str\u00e1nk\u00e1ch.<\/td><\/tr><tr><td>sbjs_current_add<\/td><td>zased\u00e1n\u00ed<\/td><td>Sourcebuster nastavuje tento soubor cookie k identifikaci zdroje n\u00e1v\u0161t\u011bvy a ukl\u00e1d\u00e1 informace o akc\u00edch u\u017eivatel\u016f do soubor\u016f cookie. Tento analytick\u00fd a behavior\u00e1ln\u00ed soubor cookie se pou\u017e\u00edv\u00e1 ke zlep\u0161en\u00ed z\u00e1\u017eitku n\u00e1v\u0161t\u011bvn\u00edk\u016f na webov\u00fdch str\u00e1nk\u00e1ch.<\/td><\/tr><tr><td>sbjs_first_add<\/td><td>zased\u00e1n\u00ed<\/td><td>Sourcebuster nastavuje tento soubor cookie k identifikaci zdroje n\u00e1v\u0161t\u011bvy a ukl\u00e1d\u00e1 informace o akc\u00edch u\u017eivatel\u016f do soubor\u016f cookie. Tento analytick\u00fd a behavior\u00e1ln\u00ed soubor cookie se pou\u017e\u00edv\u00e1 ke zlep\u0161en\u00ed z\u00e1\u017eitku n\u00e1v\u0161t\u011bvn\u00edk\u016f na webov\u00fdch str\u00e1nk\u00e1ch.<\/td><\/tr><tr><td>sbjs_current<\/td><td>zased\u00e1n\u00ed<\/td><td>Sourcebuster nastavuje tento soubor cookie k identifikaci zdroje n\u00e1v\u0161t\u011bvy a ukl\u00e1d\u00e1 informace o akc\u00edch u\u017eivatel\u016f do soubor\u016f cookie. Tento analytick\u00fd a behavior\u00e1ln\u00ed soubor cookie se pou\u017e\u00edv\u00e1 ke zlep\u0161en\u00ed z\u00e1\u017eitku n\u00e1v\u0161t\u011bvn\u00edk\u016f na webov\u00fdch str\u00e1nk\u00e1ch.<\/td><\/tr><tr><td>sbjs_first<\/td><td>zased\u00e1n\u00ed<\/td><td>Sourcebuster nastavuje tento soubor cookie k identifikaci zdroje n\u00e1v\u0161t\u011bvy a ukl\u00e1d\u00e1 informace o akc\u00edch u\u017eivatel\u016f do soubor\u016f cookie. Tento analytick\u00fd a behavior\u00e1ln\u00ed soubor cookie se pou\u017e\u00edv\u00e1 ke zlep\u0161en\u00ed z\u00e1\u017eitku n\u00e1v\u0161t\u011bvn\u00edk\u016f na webov\u00fdch str\u00e1nk\u00e1ch.<\/td><\/tr><tr><td>sbjs_udata<\/td><td>zased\u00e1n\u00ed<\/td><td>Sourcebuster nastavuje tento soubor cookie k identifikaci zdroje n\u00e1v\u0161t\u011bvy a ukl\u00e1d\u00e1 informace o akc\u00edch u\u017eivatel\u016f do soubor\u016f cookie. Tento analytick\u00fd a behavior\u00e1ln\u00ed soubor cookie se pou\u017e\u00edv\u00e1 ke zlep\u0161en\u00ed z\u00e1\u017eitku n\u00e1v\u0161t\u011bvn\u00edk\u016f na webov\u00fdch str\u00e1nk\u00e1ch.<\/td><\/tr><tr><td>sbjs_session<\/td><td>1 hodina<\/td><td>Sourcebuster nastavuje tento soubor cookie k identifikaci zdroje n\u00e1v\u0161t\u011bvy a ukl\u00e1d\u00e1 informace o akc\u00edch u\u017eivatel\u016f do soubor\u016f cookie. Tento analytick\u00fd a behavior\u00e1ln\u00ed soubor cookie se pou\u017e\u00edv\u00e1 ke zlep\u0161en\u00ed z\u00e1\u017eitku n\u00e1v\u0161t\u011bvn\u00edk\u016f na webov\u00fdch str\u00e1nk\u00e1ch.<\/td><\/tr><tr><td>CLID<\/td><td>1 rok<\/td><td>Spole\u010dnost Microsoft Clarity nastavila tento soubor cookie k ukl\u00e1d\u00e1n\u00ed informac\u00ed o tom, jak n\u00e1v\u0161t\u011bvn\u00edci interaguj\u00ed s webov\u00fdmi str\u00e1nkami. Soubor cookie pom\u00e1h\u00e1 poskytovat analytickou zpr\u00e1vu. Shroma\u017e\u010fovan\u00e1 data zahrnuj\u00ed po\u010det n\u00e1v\u0161t\u011bvn\u00edk\u016f, m\u00edsto, kde web nav\u0161t\u011bvuj\u00ed, a nav\u0161t\u00edven\u00e9 str\u00e1nky.<\/td><\/tr><tr><td>_clck<\/td><td>1 rok<\/td><td>Spole\u010dnost Microsoft Clarity nastavuje tento soubor cookie tak, aby uchov\u00e1vala ID u\u017eivatele a nastaven\u00ed Clarity prohl\u00ed\u017ee\u010de v\u00fdhradn\u011b pro dan\u00fd web. T\u00edm je zaru\u010deno, \u017ee akce proveden\u00e9 b\u011bhem n\u00e1sledn\u00fdch n\u00e1v\u0161t\u011bv stejn\u00e9ho webu budou propojeny se stejn\u00fdm ID u\u017eivatele.<\/td><\/tr><tr><td>MR<\/td><td>7 dni<\/td><td>Tento soubor cookie, nastaven\u00fd slu\u017ebou Bing, se pou\u017e\u00edv\u00e1 ke shroma\u017e\u010fov\u00e1n\u00ed u\u017eivatelsk\u00fdch informac\u00ed pro analytick\u00e9 \u00fa\u010dely.<\/td><\/tr><tr><td>SM<\/td><td>zased\u00e1n\u00ed<\/td><td>Soubor cookie Microsoft Clarity nastavuje tento soubor cookie pro synchronizaci MUID nap\u0159\u00ed\u010d dom\u00e9nami spole\u010dnosti Microsoft.<\/td><\/tr><tr><td>_clsk<\/td><td>1 den<\/td><td>Microsoft Clarity nastavuje tento soubor cookie k ukl\u00e1d\u00e1n\u00ed a konsolidaci zobrazen\u00ed str\u00e1nek u\u017eivatele do jednoho z\u00e1znamu relace.<\/td><\/tr><\/tbody><\/table><\/div><h3>V\u00fdkon<\/h3><div class=\"cky-category-des\"><p>V\u00fdkonnostn\u00ed soubory cookie se pou\u017e\u00edvaj\u00ed k pochopen\u00ed a anal\u00fdze kl\u00ed\u010dov\u00fdch ukazatel\u016f v\u00fdkonu webov\u00fdch str\u00e1nek, co\u017e pom\u00e1h\u00e1 n\u00e1v\u0161t\u011bvn\u00edk\u016fm poskytovat lep\u0161\u00ed u\u017eivatelsk\u00fd z\u00e1\u017eitek.<\/p><\/div><div class=\"cky-table-wrapper\"><table class=\"cky-cookie-audit-table\"><thead><tr><th>Cookie<\/th><th>Trv\u00e1n\u00ed<\/th><th>Popis<\/th><\/tr><\/thead><tbody><tr><td>SRM_B<\/td><td>1 rok 24 dn\u00ed<\/td><td>Pou\u017e\u00edv\u00e1no spole\u010dnost\u00ed Microsoft Advertising jako jedine\u010dn\u00e9 ID pro n\u00e1v\u0161t\u011bvn\u00edky.<\/td><\/tr><tr><td>l7_az<\/td><td>1 hodina<\/td><td>Tento soubor cookie je nezbytn\u00fd pro funkci p\u0159ihl\u00e1\u0161en\u00ed k PayPalu na webov\u00fdch str\u00e1nk\u00e1ch.<\/td><\/tr><\/tbody><\/table><\/div><h3>Inzer\u00e1t<\/h3><div class=\"cky-category-des\"><p>Reklamn\u00ed soubory cookie se pou\u017e\u00edvaj\u00ed k poskytov\u00e1n\u00ed personalizovan\u00fdch reklam n\u00e1v\u0161t\u011bvn\u00edk\u016fm na z\u00e1klad\u011b str\u00e1nek, kter\u00e9 jste d\u0159\u00edve nav\u0161t\u00edvili, a k anal\u00fdze \u00fa\u010dinnosti reklamn\u00edch kampan\u00ed.<\/p><\/div><div class=\"cky-table-wrapper\"><table class=\"cky-cookie-audit-table\"><thead><tr><th>Cookie<\/th><th>Trv\u00e1n\u00ed<\/th><th>Popis<\/th><\/tr><\/thead><tbody><tr><td>MUID<\/td><td>1 rok 24 dn\u00ed<\/td><td>Bing nastavuje tento soubor cookie k rozpozn\u00e1n\u00ed jedine\u010dn\u00fdch webov\u00fdch prohl\u00ed\u017ee\u010d\u016f nav\u0161t\u011bvuj\u00edc\u00edch weby spole\u010dnosti Microsoft. Tento soubor cookie se pou\u017e\u00edv\u00e1 pro reklamu, anal\u00fdzu web\u016f a dal\u0161\u00ed operace.<\/td><\/tr><tr><td>ANONCHK<\/td><td>10 minut<\/td><td>\u00a0Soubor cookie ANONCHK, kter\u00fd nastavuje Bing, se pou\u017e\u00edv\u00e1 k ukl\u00e1d\u00e1n\u00ed ID relace u\u017eivatele a k ov\u011b\u0159ov\u00e1n\u00ed kliknut\u00ed na reklamy ve vyhled\u00e1va\u010di Bing. Soubor cookie tak\u00e9 pom\u00e1h\u00e1 s vytv\u00e1\u0159en\u00edm report\u016f a personalizac\u00ed.<\/td><\/tr><tr><td>c<\/td><td>20 let<\/td><td>\u00a0Projekt Rubicon nastavuje tento soubor cookie za \u00fa\u010delem \u0159\u00edzen\u00ed synchronizace identifikace u\u017eivatel\u016f a v\u00fdm\u011bny u\u017eivatelsk\u00fdch dat mezi r\u016fzn\u00fdmi reklamn\u00edmi slu\u017ebami.<\/td><\/tr><\/tbody><\/table><\/div><\/div><h2>Jak pou\u017e\u00edv\u00e1me va\u0161e informace<\/h2><p>Informace, kter\u00e9 shroma\u017e\u010fujeme, pou\u017e\u00edv\u00e1me k:<\/p><ul><li>Zpracov\u00e1n\u00ed objedn\u00e1vek a aktivace eSIM karet.<\/li><li>Poskytov\u00e1n\u00ed z\u00e1kaznick\u00e9 podpory a odpov\u00edd\u00e1n\u00ed na dotazy.<\/li><li>Vylep\u0161ov\u00e1n\u00ed na\u0161ich webov\u00fdch str\u00e1nek a slu\u017eeb.<\/li><li>Zas\u00edl\u00e1n\u00ed transak\u010dn\u00edch e-mail\u016f, v\u010detn\u011b potvrzen\u00ed objedn\u00e1vek a aktualizac\u00ed.<\/li><li>Dodr\u017eov\u00e1n\u00ed z\u00e1konn\u00fdch povinnost\u00ed, jako jsou po\u017eadavky KYC.<\/li><\/ul><h2>Jak sd\u00edl\u00edme va\u0161e informace<\/h2><p>Va\u0161e osobn\u00ed \u00fadaje neprod\u00e1v\u00e1me ani nepronaj\u00edm\u00e1me. M\u016f\u017eeme je v\u0161ak sd\u00edlet s:<\/p><p><strong>Poskytovatel\u00e9 slu\u017eeb:<\/strong><\/p><p>Pro zpracov\u00e1n\u00ed plateb, aktivaci eSIM a ov\u011b\u0159en\u00ed KYC.<\/p><p><strong>Pr\u00e1vn\u00ed org\u00e1ny:<\/strong><\/p><p>Pokud je to nutn\u00e9 k dodr\u017eov\u00e1n\u00ed platn\u00fdch z\u00e1kon\u016f, p\u0159edpis\u016f nebo pr\u00e1vn\u00edch postup\u016f.<\/p><p><strong>P\u0159evody podnik\u016f:<\/strong><\/p><p>V p\u0159\u00edpad\u011b f\u00faze, akvizice nebo prodeje aktiv mohou b\u00fdt va\u0161e informace p\u0159evedeny do nov\u00e9ho subjektu.<\/p><h2>Uchov\u00e1v\u00e1n\u00ed dat<\/h2><p>Va\u0161e osobn\u00ed \u00fadaje uchov\u00e1v\u00e1me pouze po dobu nezbytn\u011b nutnou pro \u00fa\u010dely uveden\u00e9 v t\u011bchto z\u00e1sad\u00e1ch, pokud z\u00e1kon nevy\u017eaduje del\u0161\u00ed dobu uchov\u00e1v\u00e1n\u00ed.<\/p><h2>Smaz\u00e1n\u00ed dat<\/h2><p>Abychom ochr\u00e1nili va\u0161e soukrom\u00ed, BaliEasy omezuje dobu ukl\u00e1d\u00e1n\u00ed osobn\u00edch \u00fadaj\u016f.<\/p><p>Va\u0161e osobn\u00ed \u00fadaje souvisej\u00edc\u00ed s registrac\u00ed eSIM karty a ov\u011b\u0159en\u00edm KYC budou automaticky smaz\u00e1ny z na\u0161ich intern\u00edch syst\u00e9m\u016f do 14 dn\u016f od dokon\u010den\u00ed registra\u010dn\u00edho procesu, pokud platn\u00e9 z\u00e1kony nebo regula\u010dn\u00ed povinnosti nevy\u017eaduj\u00ed del\u0161\u00ed dobu uchov\u00e1v\u00e1n\u00ed.<\/p><p>Pokud nechcete \u010dekat na automatick\u00e9 smaz\u00e1n\u00ed, m\u016f\u017eete kdykoli po\u017e\u00e1dat o odstran\u011bn\u00ed sv\u00fdch osobn\u00edch \u00fadaj\u016f kontaktov\u00e1n\u00edm na adrese esim@balieasy.com . Jakmile \u017e\u00e1dost obdr\u017e\u00edme, provedeme smaz\u00e1n\u00ed co nejd\u0159\u00edve, jak to bude rozumn\u011b mo\u017en\u00e9, v souladu s pr\u00e1vn\u00edmi a provozn\u00edmi po\u017eadavky.<\/p><p>Vezm\u011bte pros\u00edm na v\u011bdom\u00ed, \u017ee n\u011bkter\u00e9 minim\u00e1ln\u00ed z\u00e1znamy o transakc\u00edch mohou b\u00fdt uchov\u00e1v\u00e1ny pro \u00fa\u010dely \u00fa\u010detnictv\u00ed, prevence podvod\u016f nebo dodr\u017eov\u00e1n\u00ed pr\u00e1vn\u00edch p\u0159edpis\u016f.<\/p><h2>Va\u0161e pr\u00e1va<\/h2><p>V z\u00e1vislosti na va\u0161\u00ed lokalit\u011b m\u016f\u017eete m\u00edt n\u00e1sleduj\u00edc\u00ed pr\u00e1va:<\/p><ul><li>P\u0159\u00edstup k va\u0161im osobn\u00edm \u00fadaj\u016fm.<\/li><li>Oprava nep\u0159esn\u00fdch nebo ne\u00fapln\u00fdch \u00fadaj\u016f.<\/li><li>V\u00fdmaz va\u0161ich osobn\u00edch \u00fadaj\u016f, s v\u00fdhradou z\u00e1konn\u00fdch a smluvn\u00edch povinnost\u00ed.<\/li><li>Omezen\u00ed ur\u010dit\u00fdch \u010dinnost\u00ed zpracov\u00e1n\u00ed \u00fadaj\u016f nebo n\u00e1mitka proti nim.<\/li><li>Chcete-li uplatnit sv\u00e1 pr\u00e1va, kontaktujte n\u00e1s na adrese esim@balieasy.com .<\/li><\/ul><h2>Odkazy t\u0159et\u00edch stran<\/h2><p>Na\u0161e webov\u00e9 str\u00e1nky mohou obsahovat odkazy na webov\u00e9 str\u00e1nky t\u0159et\u00edch stran. Tyto Z\u00e1sady ochrany osobn\u00edch \u00fadaj\u016f se na tyto webov\u00e9 str\u00e1nky nevztahuj\u00ed a neneseme odpov\u011bdnost za jejich postupy ochrany osobn\u00edch \u00fadaj\u016f.<\/p><h2>Aktualizace t\u011bchto z\u00e1sad ochrany osobn\u00edch \u00fadaj\u016f<\/h2><p>Tyto Z\u00e1sady ochrany osobn\u00edch \u00fadaj\u016f m\u016f\u017eeme \u010das od \u010dasu aktualizovat, aby odr\u00e1\u017eely zm\u011bny v na\u0161ich postupech nebo z jin\u00fdch provozn\u00edch, pr\u00e1vn\u00edch \u010di regula\u010dn\u00edch d\u016fvod\u016f. Ve\u0161ker\u00e9 aktualizace budou zve\u0159ejn\u011bny na t\u00e9to str\u00e1nce s aktualizovan\u00fdm datem \u201ePosledn\u00ed aktualizace\u201c.<\/p><h2>Kontaktujte n\u00e1s<\/h2><p>M\u00e1te-li jak\u00e9koli dotazy nebo obavy t\u00fdkaj\u00edc\u00ed se t\u011bchto Z\u00e1sad ochrany osobn\u00edch \u00fadaj\u016f nebo na\u0161ich postup\u016f p\u0159i zpracov\u00e1n\u00ed dat, kontaktujte n\u00e1s pros\u00edm na adrese:<\/p><p class=\"p3\">Email: <b>esim@balieasy.com<\/b><\/p><p class=\"p3\">Phone: <b>+6281 239 382 588<\/b><\/p>\t\t\t\t\t\t\t\t<\/div>\n\t\t\t\t<\/div>\n\t\t\t\t\t<\/div>\n\t\t\t\t<\/div>\n\t\t\t\t<\/div>\n\t\t","protected":false},"excerpt":{"rendered":"<p>Z\u00e1sady ochrany osobn\u00edch \u00fadaj\u016f Posledn\u00ed aktualizace: 10. b\u0159ezna 2026 Ve spole\u010dnosti BaliEasy se zavazujeme chr\u00e1nit va\u0161e osobn\u00ed \u00fadaje a zajistit va\u0161e soukrom\u00ed. Tyto z\u00e1sady ochrany osobn\u00edch \u00fadaj\u016f popisuj\u00ed, jak\u00e9 druhy \u00fadaj\u016f shroma\u017e\u010fujeme, jak je pou\u017e\u00edv\u00e1me a sd\u00edl\u00edme, a jak\u00e1 pr\u00e1va m\u00e1te v souvislosti se sv\u00fdmi \u00fadaji. Pou\u017e\u00edv\u00e1n\u00edm na\u0161ich webov\u00fdch str\u00e1nek a slu\u017eeb vyjad\u0159ujete souhlas s [&hellip;]<\/p>\n","protected":false},"author":1,"featured_media":0,"parent":0,"menu_order":0,"comment_status":"closed","ping_status":"open","template":"","meta":{"_acf_changed":false,"footnotes":""},"class_list":["post-26206","page","type-page","status-publish","hentry"],"acf":[],"_links":{"self":[{"href":"https:\/\/esim.balieasy.com\/cs\/wp-json\/wp\/v2\/pages\/26206","targetHints":{"allow":["GET"]}}],"collection":[{"href":"https:\/\/esim.balieasy.com\/cs\/wp-json\/wp\/v2\/pages"}],"about":[{"href":"https:\/\/esim.balieasy.com\/cs\/wp-json\/wp\/v2\/types\/page"}],"author":[{"embeddable":true,"href":"https:\/\/esim.balieasy.com\/cs\/wp-json\/wp\/v2\/users\/1"}],"replies":[{"embeddable":true,"href":"https:\/\/esim.balieasy.com\/cs\/wp-json\/wp\/v2\/comments?post=26206"}],"version-history":[{"count":5,"href":"https:\/\/esim.balieasy.com\/cs\/wp-json\/wp\/v2\/pages\/26206\/revisions"}],"predecessor-version":[{"id":26213,"href":"https:\/\/esim.balieasy.com\/cs\/wp-json\/wp\/v2\/pages\/26206\/revisions\/26213"}],"wp:attachment":[{"href":"https:\/\/esim.balieasy.com\/cs\/wp-json\/wp\/v2\/media?parent=26206"}],"curies":[{"name":"wp","href":"https:\/\/api.w.org\/{rel}","templated":true}]}}