{"id":25769,"date":"2024-12-05T22:46:39","date_gmt":"2024-12-05T14:46:39","guid":{"rendered":"https:\/\/esim.balieasy.com\/terms-conditions\/"},"modified":"2026-03-26T14:52:33","modified_gmt":"2026-03-26T06:52:33","slug":"obchodni-podminky","status":"publish","type":"page","link":"https:\/\/esim.balieasy.com\/cs\/obchodni-podminky\/","title":{"rendered":"Obchodn\u00ed podm\u00ednky"},"content":{"rendered":"\r\n<p>P\u0158ED POU\u017dIT\u00cdM T\u00c9TO WEBOV\u00c9 STR\u00c1NKY SI PROS\u00cdM POZORN\u011a P\u0158E\u010cT\u011aTE TYTO PODM\u00cdNKY.<\/p>\r\n\r\n\r\n\r\n<p>V\u00edtejte na webov\u00fdch str\u00e1nk\u00e1ch BaliEasy. Pokra\u010dov\u00e1n\u00edm v prohl\u00ed\u017een\u00ed a pou\u017e\u00edv\u00e1n\u00ed t\u00e9to webov\u00e9 str\u00e1nky souhlas\u00edte s t\u00edm, \u017ee budete dodr\u017eovat n\u00e1sleduj\u00edc\u00ed podm\u00ednky a budete jimi v\u00e1z\u00e1ni, a to spole\u010dn\u011b s na\u0161imi Z\u00e1sadami ochrany osobn\u00edch \u00fadaj\u016f a Prohl\u00e1\u0161en\u00edm o vylou\u010den\u00ed odpov\u011bdnosti, kter\u00e9 upravuj\u00ed vztah spole\u010dnosti BaliEasy k v\u00e1m v souvislosti s touto webovou str\u00e1nkou.<\/p>\r\n<p>BaliEasy si vyhrazuje pr\u00e1vo kdykoli upravit, doplnit nebo odstranit \u010d\u00e1sti t\u011bchto podm\u00ednek. P\u0159ed pou\u017eit\u00edm na\u0161ich webov\u00fdch str\u00e1nek si pros\u00edm tyto podm\u00ednky pravideln\u011b kontrolujte, abyste se ujistili, \u017ee jste si v\u011bdomi v\u0161ech zm\u011bn. Va\u0161e dal\u0161\u00ed pou\u017e\u00edv\u00e1n\u00ed webov\u00fdch str\u00e1nek bude pova\u017eov\u00e1no za souhlas s t\u011bmito podm\u00ednkami.<\/p>\r\n\r\n\r\n\r\n<h2 class=\"wp-block-heading\">1. Omezen\u00ed odpov\u011bdnosti<\/h2>\r\n\r\n\r\n\r\n<p>Pou\u017e\u00edv\u00e1n\u00ed t\u00e9to webov\u00e9 str\u00e1nky je na va\u0161e vlastn\u00ed riziko. Spole\u010dnost BaliEasy nenese odpov\u011bdnost za \u017e\u00e1dn\u00e9 ztr\u00e1ty nebo \u0161kody vypl\u00fdvaj\u00edc\u00ed z chyb, opomenut\u00ed, spol\u00e9h\u00e1n\u00ed se na obsah t\u0159et\u00edch stran nebo pou\u017eit\u00ed jak\u00fdchkoli informac\u00ed, zbo\u017e\u00ed nebo slu\u017eeb na t\u00e9to webov\u00e9 str\u00e1nce. Je va\u0161\u00ed odpov\u011bdnost\u00ed posoudit, zda informace nebo produkty odpov\u00eddaj\u00ed va\u0161im pot\u0159eb\u00e1m.<\/p>\r\n\r\n\r\n\r\n<h2 class=\"wp-block-heading\">2. V\u011bkov\u00e9 omezen\u00ed<\/h2>\r\n<p>K pou\u017e\u00edv\u00e1n\u00ed t\u00e9to webov\u00e9 str\u00e1nky a n\u00e1kupu jak\u00e9hokoli zbo\u017e\u00ed nebo slu\u017eeb mus\u00edte b\u00fdt star\u0161\u00ed 18 let.<\/p>\r\n<h2>3. Dod\u00e1n\u00ed<\/h2>\r\n<p>Po zakoupen\u00ed z\u00e1kazn\u00edci obdr\u017e\u00ed:<\/p>\r\n<ul>\r\n<li>QR k\u00f3d pro aktivaci eSIM.<\/li>\r\n<li>Potvrzovac\u00ed e-mail s pokyny k instalaci.<\/li>\r\n<\/ul>\r\n<p>Pokud eSIM neobdr\u017e\u00edte, kontaktujte n\u00e1s pros\u00edm neprodlen\u011b e-mailem (<strong><a href=\"mailto:esim@balieasy.com\">esim@balieasy.com<\/a><\/strong>) nebo p\u0159es WhatsApp (<strong><a href=\"https:\/\/api.whatsapp.com\/send?phone=6281365626111\" target=\"_blank\" rel=\"noopener\">+6281 365 626 111<\/a><\/strong>) a po\u017e\u00e1dejte o pomoc.<\/p>\r\n<h2>4. Platnost aktivace eSIM<\/h2>\r\n<p>Od 1. b\u0159ezna 2025 mus\u00ed z\u00e1kazn\u00edci aktivovat svou eSIM do 3 m\u011bs\u00edc\u016f od zakoupen\u00ed. Pokud eSIM nebude v t\u00e9to lh\u016ft\u011b aktivov\u00e1na, bude objedn\u00e1vka pova\u017eov\u00e1na za neplatnou a z\u00e1kazn\u00edk bude muset zadat novou objedn\u00e1vku. U objedn\u00e1vek, jejich\u017e platnost vypr\u0161ela, nebudou poskytov\u00e1ny \u017e\u00e1dn\u00e9 refundace ani prodlou\u017een\u00ed.<\/p>\r\n\r\n\r\n\r\n<h2 class=\"wp-block-heading\">5. Platnost \u010d\u00edsla IMEI (aktualizov\u00e1no v kv\u011btnu 2025)<\/h2>\r\n\r\n\r\n\r\n<p>P\u0159i registraci eSIM v za\u0159\u00edzen\u00ed se \u010d\u00edslo IMEI (identifika\u010dn\u00ed \u010d\u00edslo za\u0159\u00edzen\u00ed) zaznamen\u00e1 do s\u00ed\u0165ov\u00e9ho syst\u00e9mu a ve v\u00fdchoz\u00edm nastaven\u00ed z\u016fstane aktivn\u00ed po dobu 30 dn\u016f od data prvn\u00ed aktivace.<\/p>\r\n<p>Pokud si z\u00e1kazn\u00edk zakoup\u00ed novou eSIM a zaregistruje ji na za\u0159\u00edzen\u00ed, kter\u00e9 ji\u017e bylo pou\u017eito v r\u00e1mci 30denn\u00ed lh\u016fty, doba platnosti IMEI se neresetuje a bude pokra\u010dovat od p\u016fvodn\u00edho data aktivace.<\/p>\r\n<h4>P\u0159\u00edklad platnosti IMEI<\/h4>\r\n<p>Pokud si z\u00e1kazn\u00edk zakoup\u00ed eSIM 1. prosince 2024, IMEI z\u016fstane aktivn\u00ed do 31. prosince 2024 (30 dn\u00ed).<\/p>\r\n<p>Pokud si stejn\u00fd z\u00e1kazn\u00edk zakoup\u00ed nov\u00e9 \u010d\u00edslo eSIM 28. prosince 2024 a pou\u017eije stejn\u00e9 za\u0159\u00edzen\u00ed (IMEI), platnost IMEI i tak vypr\u0161\u00ed 31. prosince 2024 bez prodlou\u017een\u00ed.<\/p>\r\n<p><em>\u26a0\ufe0f Doba platnosti IMEI a souvisej\u00edc\u00ed z\u00e1sady se mohou kdykoli zm\u011bnit v z\u00e1vislosti na p\u0159edpisech spole\u010dnosti Telkomsel a indon\u00e9sk\u00e9 vl\u00e1dy. BaliEasy nem\u00e1 nad t\u011bmito z\u00e1sadami \u017e\u00e1dnou kontrolu.<\/em><\/p>\r\n\r\n\r\n\r\n<h2 class=\"wp-block-heading\">6. Ceny<\/h2>\r\n\r\n\r\n\r\n<p>V\u0161echny ceny uveden\u00e9 na BaliEasy jsou zobrazeny jak v americk\u00fdch dolarech (USD), tak v indon\u00e9sk\u00fdch rupi\u00edch (IDR), v souladu s na\u0159\u00edzen\u00edm, \u017ee v\u0161echny transakce prov\u00e1d\u011bn\u00e9 na \u00fazem\u00ed Indon\u00e9sk\u00e9 republiky mus\u00ed b\u00fdt prov\u00e1d\u011bny v rupi\u00edch. Z\u00e1kazn\u00edci jsou odpov\u011bdn\u00ed za p\u0159\u00edpadn\u00e9 rozd\u00edly v kurzu m\u011bn nebo dodate\u010dn\u00e9 poplatky \u00fa\u010dtovan\u00e9 jejich poskytovatelem platebn\u00edch slu\u017eeb.<\/p>\r\n<h2>7. Podm\u00ednky vr\u00e1cen\u00ed pen\u011bz \/ zru\u0161en\u00ed<\/h2>\r\n<p>Spole\u010dnost eSIM Bali Easy p\u0159ij\u00edm\u00e1 \u017e\u00e1dosti o vr\u00e1cen\u00ed pen\u011bz do 2 dn\u016f od zakoupen\u00ed za n\u00e1sleduj\u00edc\u00edch podm\u00ednek:<\/p>\r\n<ul>\r\n<li>eSIM mus\u00ed b\u00fdt nepou\u017eit\u00e1, neaktivovan\u00e1 a nesm\u00ed b\u00fdt zaregistrov\u00e1na u poskytovatele.<\/li>\r\n<li>Je nutn\u00e9 p\u0159edlo\u017eit platn\u00fd doklad o n\u00e1kupu.<\/li>\r\n<\/ul>\r\n<p>Vr\u00e1cen\u00ed pen\u011bz nen\u00ed mo\u017en\u00e9, pokud byla eSIM pou\u017eita, aktivov\u00e1na nebo uplynula lh\u016fta 2 dn\u016f. Maxim\u00e1ln\u00ed v\u00fd\u0161e vr\u00e1cen\u00e9 \u010d\u00e1stky je 50 % z kupn\u00ed ceny. Podrobn\u00e9 informace najdete v na\u0161ich <a href=\"https:\/\/esim.balieasy.com\/cs\/storno-vraceni-penez\/\">Podm\u00ednk\u00e1ch vr\u00e1cen\u00ed pen\u011bz a zru\u0161en\u00ed<\/a>.<\/p>\r\n\r\n\r\n\r\n<h2 class=\"wp-block-heading\">8. Dodr\u017eov\u00e1n\u00ed indon\u00e9sk\u00fdch p\u0159edpis\u016f<\/h2>\r\n<p>Pro registraci a pou\u017e\u00edv\u00e1n\u00ed eSIM v Indon\u00e9sii, zejm\u00e9na u eSIM od Telkomsel, mus\u00ed z\u00e1kazn\u00edci souhlasit s t\u00edm, \u017ee:<\/p>\r\n<ul>\r\n<li>Poskytnou sn\u00edmek obrazovky s IMEI sv\u00e9ho telefonu.<\/li>\r\n<li>Poskytnout platnou pasovou fotografii.<\/li>\r\n<li>Uv\u00e9st datum p\u0159\u00edjezdu. V\u00e1\u0161 QR k\u00f3d eSIM bude zasl\u00e1n 1 den p\u0159ed p\u0159\u00edjezdem a MUS\u00cdTE jej aktivovat a za\u010d\u00edt pou\u017e\u00edvat internet do 2 dn\u016f od p\u0159\u00edjezdu, aby nedo\u0161lo k zablokov\u00e1n\u00ed va\u0161eho \u010d\u00edsla a IMEI. V p\u0159\u00edpad\u011b zablokov\u00e1n\u00ed budete muset osobn\u011b nav\u0161t\u00edvit pobo\u010dku Telkomsel GRAPARI, abyste kartu znovu aktivovali.<\/li>\r\n<\/ul>\r\n<p>T\u00edm se potvrd\u00ed, \u017ee telefon je schopen pou\u017e\u00edvat indon\u00e9sk\u00e9 telefonn\u00ed \u010d\u00edslo (+62) a podporuje internet, hovory a SMS.<\/p>\r\n<p>\u26a0\ufe0f D\u016eLE\u017dIT\u00c9: Pro aktivaci mus\u00edte p\u0159edlo\u017eit platn\u00fd pas a IMEI. Jak\u00e1koli podvodn\u00e1 \u010dinnost nebo zneu\u017eit\u00ed k neleg\u00e1ln\u00edm \u00fa\u010del\u016fm bude m\u00edt za n\u00e1sledek pr\u00e1vn\u00ed kroky.<\/p>\r\n\r\n\r\n\r\n<h2 class=\"wp-block-heading\">9. Prohl\u00e1\u0161en\u00ed o vylou\u010den\u00ed odpov\u011bdnosti<\/h2>\r\n<p>Spole\u010dnost BaliEasy se v maxim\u00e1ln\u00edm rozsahu povolen\u00e9m z\u00e1konem z\u0159\u00edk\u00e1 ve\u0161ker\u00fdch z\u00e1ruk, v\u010detn\u011b, av\u0161ak nikoli v\u00fdlu\u010dn\u011b, p\u0159edpokl\u00e1dan\u00fdch z\u00e1ruk obchodovatelnosti a vhodnosti pro ur\u010dit\u00fd \u00fa\u010del. Nezaru\u010dujeme p\u0159esnost, spolehlivost ani \u00faplnost informac\u00ed na t\u011bchto webov\u00fdch str\u00e1nk\u00e1ch.<\/p>\r\n<p>Spole\u010dnost BaliEasy nenese odpov\u011bdnost za \u017e\u00e1dn\u00e9 n\u00e1klady vznikl\u00e9 v souvislosti s pou\u017e\u00edv\u00e1n\u00edm t\u011bchto webov\u00fdch str\u00e1nek, v\u010detn\u011b \u00fadr\u017eby, oprav nebo opravn\u00fdch z\u00e1sah\u016f. U\u017eivatel\u00e9 mus\u00ed pochopit a p\u0159ijmout rizika spojen\u00e1 s pou\u017e\u00edv\u00e1n\u00edm t\u011bchto webov\u00fdch str\u00e1nek a jejich slu\u017eeb.<\/p>\r\n<h2>10. Autorsk\u00e1 pr\u00e1va a omezen\u00ed<\/h2>\r\n<p>Ve\u0161ker\u00fd obsah t\u00e9to webov\u00e9 str\u00e1nky, v\u010detn\u011b designu, rozvr\u017een\u00ed a grafiky, je vlastnictv\u00edm spole\u010dnosti BaliEasy nebo je j\u00ed poskytnut na z\u00e1klad\u011b licence. Bez p\u0159edchoz\u00edho p\u00edsemn\u00e9ho souhlasu nesm\u00edte tyto materi\u00e1ly reprodukovat, distribuovat ani vyu\u017e\u00edvat pro komer\u010dn\u00ed \u00fa\u010dely.<\/p>\r\n<h2>11. Vylou\u010den\u00ed nevymahateln\u00fdch podm\u00ednek<\/h2>\r\n<p>Pokud se jak\u00e9koli ustanoven\u00ed t\u011bchto podm\u00ednek uk\u00e1\u017ee jako nevymahateln\u00e9 podle indon\u00e9sk\u00e9ho pr\u00e1va, bude vylou\u010deno, ale zb\u00fdvaj\u00edc\u00ed podm\u00ednky z\u016fstanou v platnosti.<\/p>\r\n<h2>12. Jurisdikce<\/h2>\r\n<p>Tato webov\u00e1 str\u00e1nka a jej\u00ed podm\u00ednky se \u0159\u00edd\u00ed pr\u00e1vn\u00edmi p\u0159edpisy Indon\u00e9sk\u00e9 republiky. Ve\u0161ker\u00e9 spory vypl\u00fdvaj\u00edc\u00ed z pou\u017e\u00edv\u00e1n\u00ed t\u00e9to webov\u00e9 str\u00e1nky budou podl\u00e9hat v\u00fdlu\u010dn\u00e9 jurisdikci indon\u00e9sk\u00fdch soud\u016f.<\/p>\r\n<p>D\u011bkujeme za n\u00e1v\u0161t\u011bvu BaliEasy. V p\u0159\u00edpad\u011b jak\u00fdchkoli dotaz\u016f n\u00e1s nev\u00e1hejte kontaktovat prost\u0159ednictv\u00edm na\u0161\u00ed str\u00e1nky <a href=\"https:\/\/esim.balieasy.com\/cs\/about-us\/\">O n\u00e1s\/Kontakt<\/a>.<\/p>\r\n","protected":false},"excerpt":{"rendered":"<p>P\u0158ED POU\u017dIT\u00cdM T\u00c9TO WEBOV\u00c9 STR\u00c1NKY SI PROS\u00cdM POZORN\u011a P\u0158E\u010cT\u011aTE TYTO PODM\u00cdNKY. V\u00edtejte na webov\u00fdch str\u00e1nk\u00e1ch BaliEasy. Pokra\u010dov\u00e1n\u00edm v prohl\u00ed\u017een\u00ed a pou\u017e\u00edv\u00e1n\u00ed t\u00e9to webov\u00e9 str\u00e1nky souhlas\u00edte s t\u00edm, \u017ee budete dodr\u017eovat n\u00e1sleduj\u00edc\u00ed podm\u00ednky a budete jimi v\u00e1z\u00e1ni, a to spole\u010dn\u011b s na\u0161imi Z\u00e1sadami ochrany osobn\u00edch \u00fadaj\u016f a Prohl\u00e1\u0161en\u00edm o vylou\u010den\u00ed odpov\u011bdnosti, kter\u00e9 upravuj\u00ed vztah spole\u010dnosti BaliEasy [&hellip;]<\/p>\n","protected":false},"author":1,"featured_media":0,"parent":0,"menu_order":0,"comment_status":"closed","ping_status":"closed","template":"","meta":{"_acf_changed":false,"footnotes":""},"class_list":["post-25769","page","type-page","status-publish","hentry"],"acf":[],"_links":{"self":[{"href":"https:\/\/esim.balieasy.com\/cs\/wp-json\/wp\/v2\/pages\/25769","targetHints":{"allow":["GET"]}}],"collection":[{"href":"https:\/\/esim.balieasy.com\/cs\/wp-json\/wp\/v2\/pages"}],"about":[{"href":"https:\/\/esim.balieasy.com\/cs\/wp-json\/wp\/v2\/types\/page"}],"author":[{"embeddable":true,"href":"https:\/\/esim.balieasy.com\/cs\/wp-json\/wp\/v2\/users\/1"}],"replies":[{"embeddable":true,"href":"https:\/\/esim.balieasy.com\/cs\/wp-json\/wp\/v2\/comments?post=25769"}],"version-history":[{"count":3,"href":"https:\/\/esim.balieasy.com\/cs\/wp-json\/wp\/v2\/pages\/25769\/revisions"}],"predecessor-version":[{"id":25772,"href":"https:\/\/esim.balieasy.com\/cs\/wp-json\/wp\/v2\/pages\/25769\/revisions\/25772"}],"wp:attachment":[{"href":"https:\/\/esim.balieasy.com\/cs\/wp-json\/wp\/v2\/media?parent=25769"}],"curies":[{"name":"wp","href":"https:\/\/api.w.org\/{rel}","templated":true}]}}