{"id":25657,"date":"2024-12-05T22:41:35","date_gmt":"2024-12-05T14:41:35","guid":{"rendered":"https:\/\/esim.balieasy.com\/website-disclaimer\/"},"modified":"2026-03-25T18:09:14","modified_gmt":"2026-03-25T10:09:14","slug":"pravni-upozorneni","status":"publish","type":"page","link":"https:\/\/esim.balieasy.com\/cs\/pravni-upozorneni\/","title":{"rendered":"Pr\u00e1vn\u00ed upozorn\u011bn\u00ed"},"content":{"rendered":"\r\n<p>V\u00edtejte na webov\u00fdch str\u00e1nk\u00e1ch BaliEasy. Pokra\u010dov\u00e1n\u00edm v prohl\u00ed\u017een\u00ed a pou\u017e\u00edv\u00e1n\u00ed t\u011bchto str\u00e1nek souhlas\u00edte s t\u00edm, \u017ee budete dodr\u017eovat n\u00e1sleduj\u00edc\u00ed prohl\u00e1\u0161en\u00ed o vylou\u010den\u00ed odpov\u011bdnosti a na\u0161e obchodn\u00ed podm\u00ednky a budete jimi v\u00e1z\u00e1ni.<\/p>\r\n<p>Informace na t\u011bchto webov\u00fdch str\u00e1nk\u00e1ch slou\u017e\u00ed pouze pro obecn\u00e9 informa\u010dn\u00ed \u00fa\u010dely a jsou poskytov\u00e1ny spole\u010dnost\u00ed BaliEasy. I kdy\u017e se sna\u017e\u00edme udr\u017eovat informace p\u0159esn\u00e9 a aktu\u00e1ln\u00ed, neposkytujeme \u017e\u00e1dn\u00e9 z\u00e1ruky ani prohl\u00e1\u0161en\u00ed, v\u00fdslovn\u00e1 ani implicitn\u00ed, ohledn\u011b p\u0159esnosti, spolehlivosti, \u00faplnosti nebo vhodnosti webov\u00fdch str\u00e1nek nebo informac\u00ed, produkt\u016f, slu\u017eeb \u010di souvisej\u00edc\u00edch grafick\u00fdch prvk\u016f uveden\u00fdch na t\u011bchto str\u00e1nk\u00e1ch. Jak\u00e9koli spol\u00e9h\u00e1n\u00ed se na tyto informace je na va\u0161e vlastn\u00ed riziko. Doporu\u010dujeme v\u00e1m, abyste si sami ov\u011b\u0159ili, zda informace nebo produkty odpov\u00eddaj\u00ed va\u0161im pot\u0159eb\u00e1m.<\/p>\r\n<p>Spole\u010dnost BaliEasy nenese odpov\u011bdnost za \u017e\u00e1dn\u00e9 ztr\u00e1ty nebo \u0161kody, v\u010detn\u011b nep\u0159\u00edm\u00fdch nebo n\u00e1sledn\u00fdch ztr\u00e1t, ani za \u017e\u00e1dn\u00e9 ztr\u00e1ty vypl\u00fdvaj\u00edc\u00ed ze ztr\u00e1ty dat nebo u\u0161l\u00e9ho zisku v souvislosti s pou\u017e\u00edv\u00e1n\u00edm t\u00e9to webov\u00e9 str\u00e1nky.<\/p>\r\n<p>Prost\u0159ednictv\u00edm t\u00e9to webov\u00e9 str\u00e1nky m\u016f\u017eete narazit na odkazy na extern\u00ed str\u00e1nky, kter\u00e9 nejsou pod kontrolou spole\u010dnosti BaliEasy. Neneseme \u017e\u00e1dnou odpov\u011bdnost za obsah, povahu ani dostupnost t\u011bchto str\u00e1nek. Zahrnut\u00ed odkaz\u016f neznamen\u00e1, \u017ee souhlas\u00edme s n\u00e1zory v nich vyj\u00e1d\u0159en\u00fdmi nebo je doporu\u010dujeme.<\/p>\r\n\r\n\r\n\r\n<h2 class=\"wp-block-heading\">Upozorn\u011bn\u00ed o autorsk\u00fdch pr\u00e1vech<\/h2>\r\n<p>Tato webov\u00e1 str\u00e1nka a jej\u00ed obsah jsou chr\u00e1n\u011bny autorsk\u00fdmi pr\u00e1vy spole\u010dnosti BaliEasy \u2013 \u00a9 2024. V\u0161echna pr\u00e1va vyhrazena.<\/p>\r\n<p>Je v\u00e1m povoleno:<\/p>\r\n<ul>\r\n<li>Tisknout nebo stahovat obsah na m\u00edstn\u00ed pevn\u00fd disk pro osobn\u00ed, nekomer\u010dn\u00ed pou\u017eit\u00ed.<\/li>\r\n<li>Sd\u00edlet omezen\u00e9 v\u00fd\u0148atky s t\u0159et\u00edmi stranami pro osobn\u00ed pou\u017eit\u00ed, za p\u0159edpokladu, \u017ee uvedete BaliEasy jako zdroj.<\/li>\r\n<\/ul>\r\n<p>Bez v\u00fdslovn\u00e9ho p\u00edsemn\u00e9ho souhlasu nesm\u00edte:<\/p>\r\n<ul>\r\n<li>Distribuovat, komer\u010dn\u011b vyu\u017e\u00edvat nebo reprodukovat obsah v jak\u00e9koli jin\u00e9 form\u011b.<\/li>\r\n<li>P\u0159en\u00e1\u0161et nebo ukl\u00e1dat obsah na jak\u00e9koli jin\u00e9 webov\u00e9 str\u00e1nky nebo do elektronick\u00e9ho syst\u00e9mu.<\/li>\r\n<\/ul>\r\n<p>D\u011bkujeme, \u017ee pou\u017e\u00edv\u00e1te BaliEasy. V p\u0159\u00edpad\u011b dal\u0161\u00edch dotaz\u016f n\u00e1s nev\u00e1hejte kontaktovat.<\/p>\r\n","protected":false},"excerpt":{"rendered":"<p>V\u00edtejte na webov\u00fdch str\u00e1nk\u00e1ch BaliEasy. Pokra\u010dov\u00e1n\u00edm v prohl\u00ed\u017een\u00ed a pou\u017e\u00edv\u00e1n\u00ed t\u011bchto str\u00e1nek souhlas\u00edte s t\u00edm, \u017ee budete dodr\u017eovat n\u00e1sleduj\u00edc\u00ed prohl\u00e1\u0161en\u00ed o vylou\u010den\u00ed odpov\u011bdnosti a na\u0161e obchodn\u00ed podm\u00ednky a budete jimi v\u00e1z\u00e1ni. Informace na t\u011bchto webov\u00fdch str\u00e1nk\u00e1ch slou\u017e\u00ed pouze pro obecn\u00e9 informa\u010dn\u00ed \u00fa\u010dely a jsou poskytov\u00e1ny spole\u010dnost\u00ed BaliEasy. I kdy\u017e se sna\u017e\u00edme udr\u017eovat informace p\u0159esn\u00e9 a [&hellip;]<\/p>\n","protected":false},"author":1,"featured_media":0,"parent":0,"menu_order":0,"comment_status":"closed","ping_status":"closed","template":"","meta":{"_acf_changed":false,"footnotes":""},"class_list":["post-25657","page","type-page","status-publish","hentry"],"acf":[],"_links":{"self":[{"href":"https:\/\/esim.balieasy.com\/cs\/wp-json\/wp\/v2\/pages\/25657","targetHints":{"allow":["GET"]}}],"collection":[{"href":"https:\/\/esim.balieasy.com\/cs\/wp-json\/wp\/v2\/pages"}],"about":[{"href":"https:\/\/esim.balieasy.com\/cs\/wp-json\/wp\/v2\/types\/page"}],"author":[{"embeddable":true,"href":"https:\/\/esim.balieasy.com\/cs\/wp-json\/wp\/v2\/users\/1"}],"replies":[{"embeddable":true,"href":"https:\/\/esim.balieasy.com\/cs\/wp-json\/wp\/v2\/comments?post=25657"}],"version-history":[{"count":3,"href":"https:\/\/esim.balieasy.com\/cs\/wp-json\/wp\/v2\/pages\/25657\/revisions"}],"predecessor-version":[{"id":25661,"href":"https:\/\/esim.balieasy.com\/cs\/wp-json\/wp\/v2\/pages\/25657\/revisions\/25661"}],"wp:attachment":[{"href":"https:\/\/esim.balieasy.com\/cs\/wp-json\/wp\/v2\/media?parent=25657"}],"curies":[{"name":"wp","href":"https:\/\/api.w.org\/{rel}","templated":true}]}}