{"id":25652,"date":"2024-12-05T22:38:15","date_gmt":"2024-12-05T14:38:15","guid":{"rendered":"https:\/\/esim.balieasy.com\/social-media-policy\/"},"modified":"2026-03-25T17:47:51","modified_gmt":"2026-03-25T09:47:51","slug":"pravidla-pro-socialni-site","status":"publish","type":"page","link":"https:\/\/esim.balieasy.com\/cs\/pravidla-pro-socialni-site\/","title":{"rendered":"Pravidla pro soci\u00e1ln\u00ed s\u00edt\u011b"},"content":{"rendered":"\r\n<p>V BaliEasy se zavazujeme zajistit, aby na\u0161e platformy soci\u00e1ln\u00edch m\u00e9di\u00ed z\u016fstaly prostorem, kde se v\u0161ichni u\u017eivatel\u00e9 setk\u00e1vaj\u00ed s respektem a konstruktivn\u00edm p\u0159\u00edstupem. Cen\u00edme si otev\u0159en\u00e9 komunikace, ale o\u010dek\u00e1v\u00e1me, \u017ee se u\u017eivatel\u00e9 budou chovat zodpov\u011bdn\u011b a zdvo\u0159ile.<\/p>\r\n<h2>Pravidla komunity<\/h2>\r\n<h3>Respekt ke v\u0161em<\/h3>\r\n<p>Ur\u00e1\u017eliv\u00fd jazyk, obt\u011b\u017eov\u00e1n\u00ed nebo nevhodn\u00e9 chov\u00e1n\u00ed nam\u00ed\u0159en\u00e9 proti komukoli, v\u010detn\u011b zam\u011bstnanc\u016f BaliEasy nebo jin\u00fdch u\u017eivatel\u016f, nebudeme tolerovat a m\u016f\u017ee v\u00e9st k odstran\u011bn\u00ed obsahu nebo zablokov\u00e1n\u00ed u\u017eivatele.<\/p>\r\n<h3>Zak\u00e1zan\u00fd obsah<\/h3>\r\n<p>Nepublikujte ani neodkazujte na obsah, kter\u00fd je nez\u00e1konn\u00fd, neslu\u0161n\u00fd, hanliv\u00fd, zav\u00e1d\u011bj\u00edc\u00ed nebo klamav\u00fd. P\u0159ed sd\u00edlen\u00edm v\u017edy ov\u011b\u0159te fakta a zdroje.<\/p>\r\n<h3>D\u016fv\u011brnost<\/h3>\r\n<p>Informace o z\u00e1kazn\u00edc\u00edch nesm\u00ed b\u00fdt za \u017e\u00e1dn\u00fdch okolnost\u00ed sd\u00edleny ani diskutov\u00e1ny online.<\/p>\r\n\r\n\r\n\r\n<h2 class=\"wp-block-heading\">Spr\u00e1va obsahu<\/h2>\r\n<ul>\r\n<li>Aktivn\u011b sledujeme na\u0161e \u00fa\u010dty na soci\u00e1ln\u00edch s\u00edt\u00edch a db\u00e1me na to, aby v\u0161echny p\u0159\u00edsp\u011bvky byly v souladu s autorsk\u00fdmi pr\u00e1vy a z\u00e1kony o uv\u00e1d\u011bn\u00ed zdroj\u016f.<\/li>\r\n<li>BaliEasy si vyhrazuje pr\u00e1vo upravit nebo odstranit jak\u00fdkoli zav\u00e1d\u011bj\u00edc\u00ed \u010di nevhodn\u00fd obsah sd\u00edlen\u00fd na na\u0161ich platform\u00e1ch.<\/li>\r\n<\/ul>\r\n<h2>Bezpe\u010dnostn\u00ed opat\u0159en\u00ed<\/h2>\r\n<p>P\u0159i interakci na na\u0161ich str\u00e1nk\u00e1ch na soci\u00e1ln\u00edch s\u00edt\u00edch pou\u017e\u00edvejte siln\u00e1 bezpe\u010dnostn\u00ed opat\u0159en\u00ed, jako je \u0161ifrovan\u00e1 komunikace. Pokud naraz\u00edte na podez\u0159el\u00fd obsah, zav\u0159ete prohl\u00ed\u017ee\u010d a vyhn\u011bte se jak\u00e9koli interakci s n\u00edm.<\/p>\r\n<h2>Zp\u011btn\u00e1 vazba a konstruktivn\u00ed kritika<\/h2>\r\n<p>V\u00edt\u00e1me zp\u011btnou vazbu ohledn\u011b va\u0161ich zku\u0161enost\u00ed s BaliEasy, pokud je vyj\u00e1d\u0159ena uctiv\u00fdm a konstruktivn\u00edm zp\u016fsobem. Va\u0161e p\u0159ipom\u00ednky n\u00e1m pom\u00e1haj\u00ed r\u016fst a zlep\u0161ovat se!<\/p>\r\n<p>D\u011bkujeme, \u017ee jste sou\u010d\u00e1st\u00ed na\u0161\u00ed komunity a pom\u00e1h\u00e1te n\u00e1m udr\u017eovat pozitivn\u00ed a uctiv\u00e9 online prost\u0159ed\u00ed.<\/p>\r\n","protected":false},"excerpt":{"rendered":"<p>V BaliEasy se zavazujeme zajistit, aby na\u0161e platformy soci\u00e1ln\u00edch m\u00e9di\u00ed z\u016fstaly prostorem, kde se v\u0161ichni u\u017eivatel\u00e9 setk\u00e1vaj\u00ed s respektem a konstruktivn\u00edm p\u0159\u00edstupem. Cen\u00edme si otev\u0159en\u00e9 komunikace, ale o\u010dek\u00e1v\u00e1me, \u017ee se u\u017eivatel\u00e9 budou chovat zodpov\u011bdn\u011b a zdvo\u0159ile. Pravidla komunity Respekt ke v\u0161em Ur\u00e1\u017eliv\u00fd jazyk, obt\u011b\u017eov\u00e1n\u00ed nebo nevhodn\u00e9 chov\u00e1n\u00ed nam\u00ed\u0159en\u00e9 proti komukoli, v\u010detn\u011b zam\u011bstnanc\u016f BaliEasy nebo jin\u00fdch [&hellip;]<\/p>\n","protected":false},"author":1,"featured_media":0,"parent":0,"menu_order":0,"comment_status":"closed","ping_status":"closed","template":"","meta":{"_acf_changed":false,"footnotes":""},"class_list":["post-25652","page","type-page","status-publish","hentry"],"acf":[],"_links":{"self":[{"href":"https:\/\/esim.balieasy.com\/cs\/wp-json\/wp\/v2\/pages\/25652","targetHints":{"allow":["GET"]}}],"collection":[{"href":"https:\/\/esim.balieasy.com\/cs\/wp-json\/wp\/v2\/pages"}],"about":[{"href":"https:\/\/esim.balieasy.com\/cs\/wp-json\/wp\/v2\/types\/page"}],"author":[{"embeddable":true,"href":"https:\/\/esim.balieasy.com\/cs\/wp-json\/wp\/v2\/users\/1"}],"replies":[{"embeddable":true,"href":"https:\/\/esim.balieasy.com\/cs\/wp-json\/wp\/v2\/comments?post=25652"}],"version-history":[{"count":3,"href":"https:\/\/esim.balieasy.com\/cs\/wp-json\/wp\/v2\/pages\/25652\/revisions"}],"predecessor-version":[{"id":25655,"href":"https:\/\/esim.balieasy.com\/cs\/wp-json\/wp\/v2\/pages\/25652\/revisions\/25655"}],"wp:attachment":[{"href":"https:\/\/esim.balieasy.com\/cs\/wp-json\/wp\/v2\/media?parent=25652"}],"curies":[{"name":"wp","href":"https:\/\/api.w.org\/{rel}","templated":true}]}}