{"id":25612,"date":"2024-11-02T01:55:24","date_gmt":"2024-11-01T17:55:24","guid":{"rendered":"https:\/\/esim.balieasy.com\/esim-compatible-phones\/"},"modified":"2026-03-25T14:55:12","modified_gmt":"2026-03-25T06:55:12","slug":"telefony-kompatibilni-esim","status":"publish","type":"page","link":"https:\/\/esim.balieasy.com\/cs\/telefony-kompatibilni-esim\/","title":{"rendered":"Telefony kompatibiln\u00ed s eSIM"},"content":{"rendered":"\t\t<div data-elementor-type=\"wp-page\" data-elementor-id=\"25612\" class=\"elementor elementor-25612\" data-elementor-post-type=\"page\">\n\t\t\t\t<div class=\"elementor-element elementor-element-446b967 e-flex e-con-boxed e-con e-parent\" data-id=\"446b967\" data-element_type=\"container\" data-e-type=\"container\">\n\t\t\t\t\t<div class=\"e-con-inner\">\n\t\t\t\t<div class=\"elementor-element elementor-element-1fdc901 elementor-widget elementor-widget-heading\" data-id=\"1fdc901\" data-element_type=\"widget\" data-e-type=\"widget\" data-widget_type=\"heading.default\">\n\t\t\t\t<div class=\"elementor-widget-container\">\n\t\t\t\t\t<h2 class=\"elementor-heading-title elementor-size-default\">Seznam telefon\u016f kompatibiln\u00edch s eSIM pro rok 2026<\/h2>\t\t\t\t<\/div>\n\t\t\t\t<\/div>\n\t\t\t\t\t<\/div>\n\t\t\t\t<\/div>\n\t\t<div class=\"elementor-element elementor-element-2fb93ac e-flex e-con-boxed e-con e-parent\" data-id=\"2fb93ac\" data-element_type=\"container\" data-e-type=\"container\">\n\t\t\t\t\t<div class=\"e-con-inner\">\n\t\t\t\t<div class=\"elementor-element elementor-element-5ec2777b elementor-widget elementor-widget-text-editor\" data-id=\"5ec2777b\" data-element_type=\"widget\" data-e-type=\"widget\" data-widget_type=\"text-editor.default\">\n\t\t\t\t<div class=\"elementor-widget-container\">\n\t\t\t\t\t\t\t\t\t<p>Telkomsel, p\u0159edn\u00ed indon\u00e9sk\u00fd mobiln\u00ed oper\u00e1tor, nab\u00edz\u00ed slu\u017eby eSIM kompatibiln\u00ed s celou \u0159adou smartphon\u016f.<\/p><p>Chcete-li zjistit, zda va\u0161e za\u0159\u00edzen\u00ed podporuje eSIM od Telkomselu, prostudujte si n\u00e1sleduj\u00edc\u00ed informace:<\/p><h2><span style=\"font-weight: 400;\">Podporovan\u00e1 za\u0159\u00edzen\u00ed<\/span><\/h2><h3><span style=\"font-weight: 400;\">Apple:<\/span><\/h3><ul><li>iPhone Seri X: iPhone XR, iPhone XS, iPhone XS Max<\/li><li>iPhone Seri 11: iPhone 11, iPhone 11 Pro, iPhone 11 Pro Max<\/li><li>iPhone SE: iPhone SE 2 (2020), iPhone SE 3 (2022)<\/li><li>iPhone Seri 12: iPhone 12, iPhone 12 mini, iPhone 12 Pro, iPhone 12 Pro Max<\/li><li>iPhone Seri 13: iPhone 13, iPhone 13 mini, iPhone 13 Pro, iPhone 13 Pro Max<\/li><li>iPhone Seri 14: iPhone 14, iPhone 14 Plus, iPhone 14 Pro, iPhone 14 Pro Max<\/li><li>iPhone Seri 15: iPhone 15, iPhone 15 Plus, iPhone 15 Pro, iPhone 15 Pro Max<\/li><li>iPhone Seri 16: iPhone 16, iPhone 16 Plus, iPhone 16 Pro, iPhone 16 Pro Max, iPhone 16e<\/li><li>iPhone 17 Series: iPhone 17, 17 Pro, 17 Pro Max, Air<\/li><li>iPad Pro: iPad Pro 13 inci (M5), iPad Pro 11 inci (M5), iPad Pro 13-inch (M4) Wi-Fi + Cellular, iPad Pro 12.9-inch (3rd\u20136th gen) Wi-Fi + Cellular, iPad Pro 11-inch (M4) Wi-Fi + Cellular, iPad Pro 11-inch (1st\u20134th gen) Wi-Fi + Cellular<\/li><li>iPad Air: iPad Air 13-inch (M3) Wi-Fi + Cellular, iPad Air 11-inch (M3) Wi-Fi + Cellular, iPad Air 13-inch (M2) Wi-Fi + Cellular, iPad Air 11-inch (M2) Wi-Fi + Cellular, iPad Air (3rd\u20135th gen) Wi-Fi + Cellular<\/li><li>iPad (standar): iPad (A16) Wi-Fi + Cellular, iPad (7th\u201310th gen) Wi-Fi + Cellular<\/li><li>iPad mini: iPad mini (A17 Pro) Wi-Fi + Cellular, iPad mini (5th &amp; 6th gen) Wi-Fi + Cellular<\/li><li>Apple Watch Series 3, 4, 5, 6, 7, 8, 9, 10, 11, Apple Watch SE (1st\/2nd gen), and Apple Watch Ultra\/Ultra 2 (GPS + Cellular versions only)<\/li><\/ul><h3><span style=\"font-weight: 400;\">Samsung:<\/span><\/h3><ul><li>Galaxy S25 \/ S25+ \/ S25 Ultra \/ S25 Edge \/ S25 FE, Galaxy S24 \/ S24+ \/ S24 Ultra \/ S24 FE, Galaxy S23 \/ S23+ \/ S23 Ultra \/ S23 FE, Galaxy S22 \/ S22+ \/ S22 Ultra, Galaxy S21 \/ S21+ \/ S21 Ultra, Galaxy S20 \/ S20+ \/ S20 Ultra<\/li><li>Galaxy Z Fold7 \/ Flip7, Flip7 FE, Galaxy Z Fold6 \/ Flip6, Galaxy Z Fold5 \/ Flip5, Galaxy Z Fold4 \/ Flip4, Galaxy Z Fold3 \/ Flip3, Galaxy Z Fold2, Galaxy Z Flip 5G, Galaxy Z Flip, Galaxy Fold<\/li><li>Galaxy S25 FE, Galaxy S24 FE, Galaxy S23 FE<\/li><li>Galaxy A36 5G, A56 5G, A55 5G, XCover 7 \/ XCover 7 Pro<\/li><li>Galaxy Note20 \/ Note20 Ultra<\/li><li>A56, A36, A55, A35, A54<\/li><li>Xcover7 Pro, Xcover7<\/li><li>Galaxy Tab S11 \/ S11 Ultra, Galaxy Tab S10 \/ S10+ \/ S10 Ultra, Galaxy Tab S9 \/ S9+ \/ S9 Ultra<\/li><li>Galaxy Tab S10 FE \/ S10 FE+, Galaxy Tab S9 FE \/ S9 FE+<\/li><li>Galaxy Tab Active5 Pro, Galaxy Tab Active5<\/li><li>Galaxy Watch 7, 6, 6 Classic, 5 Pro, 5 LTE, 4 LTE, 3 LTE, Active 2\/3 (4G models).<\/li><\/ul><h3><span style=\"font-weight: 400;\">Oppo:<\/span><\/h3><ul><li>Oppo Reno 13<\/li><li>Oppo Reno 13 Pro<\/li><li>Oppo Find N2 Flip<\/li><li>Oppo Find N3<\/li><li>Oppo Find N3 Flip<\/li><li>Oppo Find X3<\/li><li>Oppo Find X3 Pro<\/li><li>Oppo Find X5<\/li><li>Oppo Find X5 Pro<\/li><li>Oppo Find X8<\/li><li>Oppo Find X8 Pro<\/li><li>Oppo Find X9<\/li><li>Oppo Find X9 Pro<\/li><li>Oppo Reno 5A<\/li><li>Oppo Reno 9A<\/li><li>Oppo A55s 5G<\/li><li>Oppo Reno6 Pro 5G<\/li><li>Oppo Find N5 Fold<\/li><li>Oppo Watch, Watch 2, Watch SE, and the Pro 3\/4 series<\/li><\/ul><h3><span style=\"font-weight: 400;\">Huawei:<\/span><\/h3><ul><li>Huawei P40<\/li><li>Huawei P40 Pro<\/li><li>Huawei Mate P40 Pro<\/li><li>Huawei Pura 70 Pro<\/li><li>Huawei Watch 4 Series: Watch 4 Pro, Watch 4<\/li><li>Huawei Watch 3 Series: Watch 3 Pro, Watch 3, Watch 3 Active 4G<\/li><li>Huawei Watch 2 Series: Watch 2 Pro, Watch 2<\/li><li>Watch Ultimate 2, Watch Ultimate Design Royal Gold Edition<\/li><li>Huawei MatePad Pro 5G (2021) &#8211; 12.6-inch<\/li><li>Huawei MatePad Pro 5G (2021) &#8211; 10.8-inch<\/li><\/ul><h3><span style=\"font-weight: 400;\">Google Pixel:<\/span><\/h3><ul><li>Pixel 9 Series: 9, 9 Pro, 9 Pro XL, 9 Pro Fold, 9a<\/li><li>Pixel 8 Series: 8, 8 Pro, 8a<\/li><li>Pixel 7 Series: 7, 7 Pro, 7a<\/li><li>Pixel 6 Series: 6, 6 Pro, 6a<\/li><li>Pixel 5 Series: 5, 5a 5G<\/li><li>Pixel 4 Series: 4, 4 XL, 4a, 4a 5G<\/li><li>Pixel 3\/3a Series: 3, 3 XL, 3a, 3a XL (Note: 3\/3a models from certain regions\/carriers may not support eSIM)<\/li><li>Foldables &amp; Tablets: Pixel Fold, Pixel Tablet (LTE version)<\/li><li>Pixel 10, 10 Pro, 10 Pro XL, 10 Pro Fold<\/li><\/ul><h3><span style=\"font-weight: 400;\">Motorola:<\/span><\/h3><ul><li>Motorola ThinkPhone 25<\/li><li>Motorola Moto G Power (2024)<\/li><li>Motorola Moto G (2024)<\/li><li>Motorola Razr Ultra 2025<\/li><li>Motorola Moto G34<\/li><li>Motorola Moto G (2025)<\/li><li>Motorola Razr 50 Ultra<\/li><li>Motorola Moto G Power (2025)<\/li><li>Motorola Moto G75<\/li><li>Motorola Edge 60 Fusion<\/li><li>Motorola Razr 60 Ultra<\/li><li>Motorola Edge 60 Stylus<\/li><li>Motorola Razr 60<\/li><li>Motorola Moto G85<\/li><li>Motorola Edge 50 Neo<\/li><li>Motorola Edge 50<\/li><li>Motorola Moto G35<\/li><li>Motorola Razr<\/li><li>Motorola Razr+<\/li><li>Motorola Razr 5G<\/li><li>Motorola Razr 40<\/li><li>Motorola Razr 40 Ultra<\/li><li>Motorola Edge<\/li><li>Motorola Edge+<\/li><li>Motorola Edge 40 Neo<\/li><li>Motorola Edge 40 Pro<\/li><li>Motorola Edge 50 Fusion<\/li><li>Motorola Edge 50 Pro<\/li><li>Motorola Edge 50 Ultra<\/li><li>Motorola Moto G53 5G<\/li><li>Motorola Moto G52J 5G<\/li><li>Motorola Moto G53J 5G<\/li><li>Motorola Moto G54 5G<\/li><li>Motorola Moto G Stylus 5G<\/li><li>Motorola Edge 60 Pro<\/li><li>Motorola Edge 60<\/li><\/ul><h3><span style=\"font-weight: 400;\">Xiaomi:<\/span><\/h3><ul><li>Xiaomi 15 Series: 15, 15 Pro, 15 Ultra, 15T, 15T Pro<\/li><li>Xiaomi 14 Series: 14, 14 Pro, 14 Ultra (Global), 14T, 14T Pro<\/li><li>Xiaomi 13 Series: 13, 13 Pro, 13 Ultra (Global), 13 Lite, 13T, 13T Pro<\/li><li>Xiaomi 12 Series: 12T Pro (First model with eSIM)<\/li><li>Redmi Series: Note 13 Pro, Note 13 Pro+, Note 14 Pro, Note 14 Pro+<\/li><li>Foldables: Mi Mix Fold 2, Mi Mix Fold 3<\/li><li>Tablets\/Wearables: Pad 6 Max, Watch 2 Pro, Watch S3, Watch S4 Sport<\/li><\/ul><h3><span style=\"font-weight: 400;\">Honor:<\/span><\/h3><ul><li>HONOR Magic4 Pro\/HONOR Magic5 Pro\/HONOR Magic6 Pro\/HONOR Magic7 Pro\/HONOR Magic8 Pro<\/li><li>HONOR Magic Vs\/HONOR Magic V2\/HONOR Magic V3\/HONOR Magic V5<\/li><li>HONOR 90\/HONOR 200\/HONOR 400<\/li><li>HONOR Magic7 Lite\/HONOR Magic8 Lite<\/li><li>HONOR 400 Lite<\/li><li>HONOR X8c\/HONOR X9c\/HONOR X9d<\/li><\/ul><h3><span style=\"font-weight: 400;\">Nokia:<\/span><\/h3><ul><li><span style=\"font-weight: 400;\">XR21, X30, G60 5G<\/span><\/li><\/ul><h3><span style=\"font-weight: 400;\">Vivo:<\/span><\/h3><ul><li>X series: X200 FE, X200, X200 Pro, X100 Pro, X90 Pro<\/li><li>V series: V50 (Only supported in some regions), V50e (Only supported in Europe) ,V50 Lite 5G (Only supported in Europe), V40 (Only supported in Europe&amp;Latin America), V40 SE , V40 SE 5G, V40 Lite,V29 Lite 5G(Support only in Europe), V29(Only supported in Europe and Latin America)\uff0cV40 SE 5G, V40 Lite.<\/li><\/ul><h3><span style=\"font-weight: 400;\">ZTE:<\/span><\/h3><ul><li>Nubia Flip 5G<\/li><li>Nubia Flip 5G S<\/li><li>Nubia Flip 2 5G<\/li><li>Some of Blade 5G<\/li><\/ul><div>\u00a0<\/div><h2><span style=\"font-weight: 400;\">Jak zjistit, zda v\u00e1\u0161 telefon podporuje eSIM<\/span><\/h2><p>Chcete-li zjistit, zda v\u00e1\u0161 iPhone nebo za\u0159\u00edzen\u00ed s Androidem podporuje eSIM, postupujte takto:<\/p><h3><span style=\"font-weight: 400;\">Pro iPhone:<\/span><\/h3><ol><li style=\"font-weight: 400;\" aria-level=\"1\">Otev\u0159ete aplikaci Nastaven\u00ed.<\/li><li style=\"font-weight: 400;\" aria-level=\"1\">P\u0159ejd\u011bte dol\u016f a vyberte Mobiln\u00ed s\u00ed\u0165.<\/li><li style=\"font-weight: 400;\" aria-level=\"1\">Klepn\u011bte na P\u0159idat mobiln\u00ed tarif.<\/li><li style=\"font-weight: 400;\" aria-level=\"1\">Pokud se zobraz\u00ed mo\u017enost naskenovat QR k\u00f3d, v\u00e1\u0161 iPhone podporuje eSIM. Pokud ne, eSIM nepodporuje.<\/li><\/ol><h3><span style=\"font-weight: 400;\">Pro Android:<\/span><\/h3><p>Postup se m\u016f\u017ee li\u0161it v z\u00e1vislosti na zna\u010dce a modelu va\u0161eho za\u0159\u00edzen\u00ed. Obecn\u00fd postup je n\u00e1sleduj\u00edc\u00ed:<\/p><ol><li>Otev\u0159ete aplikaci Nastaven\u00ed.<\/li><li>Vyberte P\u0159ipojen\u00ed.<\/li><li>Klepn\u011bte na Spr\u00e1vce SIM karet.<\/li><li>Pokud najdete mo\u017enost P\u0159idat eSIM, va\u0161e za\u0159\u00edzen\u00ed Android podporuje eSIM. Pokud tato mo\u017enost chyb\u00ed, eSIM nepodporuje.<\/li><\/ol><h2><span style=\"font-weight: 400;\">Dal\u0161\u00ed informace:<\/span><\/h2><ul><li style=\"font-weight: 400;\" aria-level=\"1\">Region\u00e1ln\u00ed rozd\u00edly: N\u011bkter\u00e1 za\u0159\u00edzen\u00ed, zejm\u00e9na ta zakoupen\u00e1 v ur\u010dit\u00fdch regionech, jako je pevninsk\u00e1 \u010c\u00edna, Hongkong a Macao, nemus\u00ed eSIM podporovat, i kdy\u017e dan\u00fd model ji obvykle podporuje.<\/li><li style=\"font-weight: 400;\" aria-level=\"1\">Podpora oper\u00e1tora: Ujist\u011bte se, \u017ee v\u00e1\u0161 mobiln\u00ed oper\u00e1tor nab\u00edz\u00ed slu\u017eby eSIM kompatibiln\u00ed s va\u0161\u00edm za\u0159\u00edzen\u00edm.<\/li><li style=\"font-weight: 400;\" aria-level=\"1\">Aktualizace softwaru: Udr\u017eujte software sv\u00e9ho za\u0159\u00edzen\u00ed aktualizovan\u00fd, proto\u017ee funkce eSIM m\u016f\u017ee b\u00fdt zavedena v nov\u011bj\u0161\u00edch aktualizac\u00edch.<\/li><\/ul><p>Pro nejp\u0159esn\u011bj\u0161\u00ed a nejaktu\u00e1ln\u011bj\u0161\u00ed informace doporu\u010dujeme nahl\u00e9dnout do ofici\u00e1ln\u00edch zdroj\u016f spole\u010dnosti Telkomsel nebo kontaktovat jej\u00ed z\u00e1kaznickou podporu.<\/p>\t\t\t\t\t\t\t\t<\/div>\n\t\t\t\t<\/div>\n\t\t\t\t\t<\/div>\n\t\t\t\t<\/div>\n\t\t\t\t<\/div>\n\t\t","protected":false},"excerpt":{"rendered":"<p>Seznam telefon\u016f kompatibiln\u00edch s eSIM pro rok 2026 Telkomsel, p\u0159edn\u00ed indon\u00e9sk\u00fd mobiln\u00ed oper\u00e1tor, nab\u00edz\u00ed slu\u017eby eSIM kompatibiln\u00ed s celou \u0159adou smartphon\u016f. Chcete-li zjistit, zda va\u0161e za\u0159\u00edzen\u00ed podporuje eSIM od Telkomselu, prostudujte si n\u00e1sleduj\u00edc\u00ed informace: Podporovan\u00e1 za\u0159\u00edzen\u00ed Apple: iPhone Seri X: iPhone XR, iPhone XS, iPhone XS Max iPhone Seri 11: iPhone 11, iPhone 11 Pro, [&hellip;]<\/p>\n","protected":false},"author":1,"featured_media":0,"parent":0,"menu_order":0,"comment_status":"closed","ping_status":"closed","template":"","meta":{"_acf_changed":false,"footnotes":""},"class_list":["post-25612","page","type-page","status-publish","hentry"],"acf":[],"_links":{"self":[{"href":"https:\/\/esim.balieasy.com\/cs\/wp-json\/wp\/v2\/pages\/25612","targetHints":{"allow":["GET"]}}],"collection":[{"href":"https:\/\/esim.balieasy.com\/cs\/wp-json\/wp\/v2\/pages"}],"about":[{"href":"https:\/\/esim.balieasy.com\/cs\/wp-json\/wp\/v2\/types\/page"}],"author":[{"embeddable":true,"href":"https:\/\/esim.balieasy.com\/cs\/wp-json\/wp\/v2\/users\/1"}],"replies":[{"embeddable":true,"href":"https:\/\/esim.balieasy.com\/cs\/wp-json\/wp\/v2\/comments?post=25612"}],"version-history":[{"count":5,"href":"https:\/\/esim.balieasy.com\/cs\/wp-json\/wp\/v2\/pages\/25612\/revisions"}],"predecessor-version":[{"id":25618,"href":"https:\/\/esim.balieasy.com\/cs\/wp-json\/wp\/v2\/pages\/25612\/revisions\/25618"}],"wp:attachment":[{"href":"https:\/\/esim.balieasy.com\/cs\/wp-json\/wp\/v2\/media?parent=25612"}],"curies":[{"name":"wp","href":"https:\/\/api.w.org\/{rel}","templated":true}]}}