{"id":25606,"date":"2025-02-09T00:54:30","date_gmt":"2025-02-08T16:54:30","guid":{"rendered":"https:\/\/esim.balieasy.com\/lowest-price-guarantee\/"},"modified":"2026-03-25T14:40:24","modified_gmt":"2026-03-25T06:40:24","slug":"zaruka-nejnizsi-ceny","status":"publish","type":"page","link":"https:\/\/esim.balieasy.com\/cs\/zaruka-nejnizsi-ceny\/","title":{"rendered":"eSIM BaliEasy Lowest Price Guarantee"},"content":{"rendered":"\t\t<div data-elementor-type=\"wp-page\" data-elementor-id=\"25606\" class=\"elementor elementor-25606\" data-elementor-post-type=\"page\">\n\t\t\t\t<div class=\"elementor-element elementor-element-446b967 e-flex e-con-boxed e-con e-parent\" data-id=\"446b967\" data-element_type=\"container\" data-e-type=\"container\">\n\t\t\t\t\t<div class=\"e-con-inner\">\n\t\t\t\t<div class=\"elementor-element elementor-element-1fdc901 elementor-widget elementor-widget-heading\" data-id=\"1fdc901\" data-element_type=\"widget\" data-e-type=\"widget\" data-widget_type=\"heading.default\">\n\t\t\t\t<div class=\"elementor-widget-container\">\n\t\t\t\t\t<h2 class=\"elementor-heading-title elementor-size-default\">Z\u00e1ruka nejni\u017e\u0161\u00ed ceny eSIM BaliEasy<\/h2>\t\t\t\t<\/div>\n\t\t\t\t<\/div>\n\t\t\t\t\t<\/div>\n\t\t\t\t<\/div>\n\t\t<div class=\"elementor-element elementor-element-2fb93ac e-flex e-con-boxed e-con e-parent\" data-id=\"2fb93ac\" data-element_type=\"container\" data-e-type=\"container\">\n\t\t\t\t\t<div class=\"e-con-inner\">\n\t\t\t\t<div class=\"elementor-element elementor-element-5ec2777b elementor-widget elementor-widget-text-editor\" data-id=\"5ec2777b\" data-element_type=\"widget\" data-e-type=\"widget\" data-widget_type=\"text-editor.default\">\n\t\t\t\t<div class=\"elementor-widget-container\">\n\t\t\t\t\t\t\t\t\t<p>Zaru\u010dujeme nejni\u017e\u0161\u00ed cenu u v\u0161ech tarif\u016f eSIM BaliEasy (krom\u011b dobit\u00ed dat). Pokud do 48 hodin od zakoupen\u00ed najdete stejn\u00fd tarif eSIM na internetu za ni\u017e\u0161\u00ed cenu, vr\u00e1t\u00edme v\u00e1m rozd\u00edl.<\/p>\n<h2>Jak to funguje<\/h2>\n<div>1. Shrom\u00e1\u017ed\u011bte sv\u00e9 \u00fadaje<\/div>\n<ul>\n<li>\u010c\u00edslo va\u0161\u00ed objedn\u00e1vky BaliEasy<\/li>\n<li>D\u016fkaz o ni\u017e\u0161\u00ed cen\u011b, kterou jste na\u0161li (screenshot nebo odkaz), kter\u00fd ukazuje:<br \/>\u2013 Stejn\u00fd datov\u00fd bal\u00ed\u010dek<br \/>\u2013 Stejnou dobu platnosti<br \/>\u2013 Stejn\u00e9 pokryt\u00ed s\u00edt\u011b (Telkomsel)<\/li>\n<\/ul>\n<p>\u00a0<\/p>\n<p>2. Za\u0161lete n\u00e1m to<\/p>\n<ul>\n<li>E-mail: esim@balieasy.com<\/li>\n<li>Form\u00e1t p\u0159edm\u011btu:<br \/>\u017d\u00e1dost o z\u00e1ruku nejni\u017e\u0161\u00ed ceny \u2013 [Va\u0161e \u010d\u00edslo objedn\u00e1vky]<br \/>(P\u0159\u00edklad: \u017d\u00e1dost o z\u00e1ruku nejni\u017e\u0161\u00ed ceny \u2013 #BE12345)<\/li>\n<li>Uve\u010fte:<br \/>\u2013 Va\u0161e cel\u00e9 jm\u00e9no<br \/>\u2013 \u010c\u00edslo objedn\u00e1vky<br \/>\u2013 D\u016fkaz o ni\u017e\u0161\u00ed cen\u011b (screenshot nebo odkaz)<br \/>\u2013 Datum n\u00e1kupu<\/li>\n<\/ul>\n<p>\u00a0<\/p>\n<p>3. Proces posouzen\u00ed<\/p>\n<ul>\n<li>Va\u0161i \u017e\u00e1dost posoud\u00edme a ov\u011b\u0159\u00edme \u00fadaje do 3 pracovn\u00edch dn\u016f.<\/li>\n<\/ul>\n<p>\u00a0<\/p>\n<p>4. Z\u00edskejte vr\u00e1cen\u00ed pen\u011bz<\/p>\n<ul>\n<li>Pokud bude v\u0161e v po\u0159\u00e1dku, vr\u00e1t\u00edme v\u00e1m rozd\u00edl p\u0159\u00edmo na p\u016fvodn\u00ed zp\u016fsob platby.<\/li>\n<\/ul>\n<p>\u00a0<\/p>\n<h2>Obchodn\u00ed podm\u00ednky<\/h2>\n<ol>\n<li>Z\u00e1ruka nejni\u017e\u0161\u00ed ceny se vztahuje na v\u0161echny tarify eSIM od BaliEasy, s v\u00fdjimkou dokupov\u00e1n\u00ed datov\u00e9ho bal\u00ed\u010dku, zakoupen\u00e9 p\u0159\u00edmo na webu balieasy.com.<\/li>\n<li>Ni\u017e\u0161\u00ed cena se mus\u00ed vztahovat na p\u0159esn\u011b stejn\u00fd tarif eSIM (stejn\u00fd datov\u00fd limit, doba platnosti a pokryt\u00ed s\u00edt\u011b).<\/li>\n<li>Srovn\u00e1n\u00ed cen mus\u00ed b\u00fdt provedeno ve stejn\u00e9 m\u011bn\u011b (USD).<\/li>\n<li>Tato z\u00e1ruka se NEVZTAHUJE na:<br \/>\u2013 Zlevn\u011bn\u00e9 ceny z kup\u00f3n\u016f, promo k\u00f3d\u016f, v\u011brnostn\u00edch bod\u016f nebo bal\u00ed\u010dkov\u00fdch nab\u00eddek<br \/>\u2013 Nab\u00eddky zalo\u017een\u00e9 na \u010dlenstv\u00ed (nap\u0159. firemn\u00ed slevy, skupinov\u00e9 nab\u00eddky)<br \/>\u2013 Bleskov\u00e9 v\u00fdprodeje, \u010dasov\u011b omezen\u00e9 nab\u00eddky, denn\u00ed nab\u00eddky nebo produkty pro dobit\u00ed dat<\/li>\n<li>Ni\u017e\u0161\u00ed cena mus\u00ed b\u00fdt nalezena do 48 hodin po va\u0161em n\u00e1kupu.<\/li>\n<li>BaliEasy si vyhrazuje pr\u00e1vo ov\u011b\u0159it podrobnosti. V\u0161echna rozhodnut\u00ed o vr\u00e1cen\u00ed pen\u011bz jsou kone\u010dn\u00e1 a jsou na na\u0161em v\u00fdhradn\u00edm uv\u00e1\u017een\u00ed.<\/li>\n<\/ol>\t\t\t\t\t\t\t\t<\/div>\n\t\t\t\t<\/div>\n\t\t\t\t\t<\/div>\n\t\t\t\t<\/div>\n\t\t\t\t<\/div>\n\t\t","protected":false},"excerpt":{"rendered":"<p>Z\u00e1ruka nejni\u017e\u0161\u00ed ceny eSIM BaliEasy Zaru\u010dujeme nejni\u017e\u0161\u00ed cenu u v\u0161ech tarif\u016f eSIM BaliEasy (krom\u011b dobit\u00ed dat). Pokud do 48 hodin od zakoupen\u00ed najdete stejn\u00fd tarif eSIM na internetu za ni\u017e\u0161\u00ed cenu, vr\u00e1t\u00edme v\u00e1m rozd\u00edl. Jak to funguje 1. Shrom\u00e1\u017ed\u011bte sv\u00e9 \u00fadaje \u010c\u00edslo va\u0161\u00ed objedn\u00e1vky BaliEasy D\u016fkaz o ni\u017e\u0161\u00ed cen\u011b, kterou jste na\u0161li (screenshot nebo odkaz), [&hellip;]<\/p>\n","protected":false},"author":1,"featured_media":0,"parent":0,"menu_order":0,"comment_status":"closed","ping_status":"closed","template":"","meta":{"_acf_changed":false,"footnotes":""},"class_list":["post-25606","page","type-page","status-publish","hentry"],"acf":[],"_links":{"self":[{"href":"https:\/\/esim.balieasy.com\/cs\/wp-json\/wp\/v2\/pages\/25606","targetHints":{"allow":["GET"]}}],"collection":[{"href":"https:\/\/esim.balieasy.com\/cs\/wp-json\/wp\/v2\/pages"}],"about":[{"href":"https:\/\/esim.balieasy.com\/cs\/wp-json\/wp\/v2\/types\/page"}],"author":[{"embeddable":true,"href":"https:\/\/esim.balieasy.com\/cs\/wp-json\/wp\/v2\/users\/1"}],"replies":[{"embeddable":true,"href":"https:\/\/esim.balieasy.com\/cs\/wp-json\/wp\/v2\/comments?post=25606"}],"version-history":[{"count":5,"href":"https:\/\/esim.balieasy.com\/cs\/wp-json\/wp\/v2\/pages\/25606\/revisions"}],"predecessor-version":[{"id":25611,"href":"https:\/\/esim.balieasy.com\/cs\/wp-json\/wp\/v2\/pages\/25606\/revisions\/25611"}],"wp:attachment":[{"href":"https:\/\/esim.balieasy.com\/cs\/wp-json\/wp\/v2\/media?parent=25606"}],"curies":[{"name":"wp","href":"https:\/\/api.w.org\/{rel}","templated":true}]}}